{"id":6413,"date":"2024-07-25T09:49:36","date_gmt":"2024-07-25T07:49:36","guid":{"rendered":"https:\/\/www.fineamin.de\/?page_id=6413"},"modified":"2024-07-25T09:51:15","modified_gmt":"2024-07-25T07:51:15","slug":"technique-de-dosage","status":"publish","type":"page","link":"https:\/\/www.fineamin.de\/fr\/technique-de-dosage\/","title":{"rendered":"Technique de dosage"},"content":{"rendered":"\t\t<div data-elementor-type=\"wp-page\" data-elementor-id=\"6413\" class=\"elementor elementor-6413 elementor-6415\" data-elementor-post-type=\"page\">\n\t\t\t\t\t\t<section class=\"elementor-section elementor-top-section elementor-element elementor-element-9e72f10 elementor-section-full_width elementor-section-height-default elementor-section-height-default\" data-id=\"9e72f10\" data-element_type=\"section\" data-e-type=\"section\">\n\t\t\t\t\t\t<div class=\"elementor-container elementor-column-gap-default\">\n\t\t\t\t\t<div class=\"elementor-column elementor-col-100 elementor-top-column elementor-element elementor-element-90768f0\" data-id=\"90768f0\" data-element_type=\"column\" data-e-type=\"column\">\n\t\t\t<div class=\"elementor-widget-wrap elementor-element-populated\">\n\t\t\t\t\t\t<section class=\"elementor-section elementor-inner-section elementor-element elementor-element-cab4898 elementor-section-content-middle elementor-section-boxed elementor-section-height-default elementor-section-height-default\" data-id=\"cab4898\" data-element_type=\"section\" data-e-type=\"section\" data-settings=\"{&quot;background_background&quot;:&quot;classic&quot;}\">\n\t\t\t\t\t\t\t<div class=\"elementor-background-overlay\"><\/div>\n\t\t\t\t\t\t\t<div class=\"elementor-container elementor-column-gap-default\">\n\t\t\t\t\t<div class=\"elementor-column elementor-col-100 elementor-inner-column elementor-element elementor-element-85ab6db\" data-id=\"85ab6db\" data-element_type=\"column\" data-e-type=\"column\">\n\t\t\t<div class=\"elementor-widget-wrap elementor-element-populated\">\n\t\t\t\t\t\t<div class=\"elementor-element elementor-element-1ba7bea elementor-widget elementor-widget-heading\" data-id=\"1ba7bea\" data-element_type=\"widget\" data-e-type=\"widget\" data-widget_type=\"heading.default\">\n\t\t\t\t<div class=\"elementor-widget-container\">\n\t\t\t\t\t<h2 class=\"elementor-heading-title elementor-size-default\">Technique de dosage<\/h2>\t\t\t\t<\/div>\n\t\t\t\t<\/div>\n\t\t\t\t\t<\/div>\n\t\t<\/div>\n\t\t\t\t\t<\/div>\n\t\t<\/section>\n\t\t\t\t\t<\/div>\n\t\t<\/div>\n\t\t\t\t\t<\/div>\n\t\t<\/section>\n\t\t\t\t<section class=\"elementor-section elementor-top-section elementor-element elementor-element-13ff1e7 elementor-reverse-mobile elementor-section-boxed elementor-section-height-default elementor-section-height-default\" data-id=\"13ff1e7\" data-element_type=\"section\" data-e-type=\"section\">\n\t\t\t\t\t\t<div class=\"elementor-container elementor-column-gap-default\">\n\t\t\t\t\t<div class=\"elementor-column elementor-col-100 elementor-top-column elementor-element elementor-element-d8de71f\" data-id=\"d8de71f\" data-element_type=\"column\" data-e-type=\"column\">\n\t\t\t<div class=\"elementor-widget-wrap elementor-element-populated\">\n\t\t\t\t\t\t<div class=\"elementor-element elementor-element-71b3b5b elementor-widget elementor-widget-heading\" data-id=\"71b3b5b\" data-element_type=\"widget\" data-e-type=\"widget\" data-widget_type=\"heading.default\">\n\t\t\t\t<div class=\"elementor-widget-container\">\n\t\t\t\t\t<h2 class=\"elementor-heading-title elementor-size-default\">Technique de dosage<\/h2>\t\t\t\t<\/div>\n\t\t\t\t<\/div>\n\t\t\t\t<div class=\"elementor-element elementor-element-d150672 elementor-icon-list--layout-traditional elementor-list-item-link-full_width elementor-widget elementor-widget-icon-list\" data-id=\"d150672\" data-element_type=\"widget\" data-e-type=\"widget\" data-widget_type=\"icon-list.default\">\n\t\t\t\t<div class=\"elementor-widget-container\">\n\t\t\t\t\t\t\t<ul class=\"elementor-icon-list-items\">\n\t\t\t\t\t\t\t<li class=\"elementor-icon-list-item\">\n\t\t\t\t\t\t\t\t\t\t\t<span class=\"elementor-icon-list-icon\">\n\t\t\t\t\t\t\t<i aria-hidden=\"true\" class=\"fas fa-check\"><\/i>\t\t\t\t\t\t<\/span>\n\t\t\t\t\t\t\t\t\t\t<span class=\"elementor-icon-list-text\">Syst\u00e8mes de dosage complets avec diff\u00e9rents r\u00e9cipients de pr\u00e9paration, message de vide et commande externe<\/span>\n\t\t\t\t\t\t\t\t\t<\/li>\n\t\t\t\t\t\t\t\t<li class=\"elementor-icon-list-item\">\n\t\t\t\t\t\t\t\t\t\t\t<span class=\"elementor-icon-list-icon\">\n\t\t\t\t\t\t\t<i aria-hidden=\"true\" class=\"fas fa-check\"><\/i>\t\t\t\t\t\t<\/span>\n\t\t\t\t\t\t\t\t\t\t<span class=\"elementor-icon-list-text\">Pompes doseuses \u00e0 membrane avec contr\u00f4le par microprocesseur, disponibles en diff\u00e9rentes pressions et d\u00e9bits<\/span>\n\t\t\t\t\t\t\t\t\t<\/li>\n\t\t\t\t\t\t\t\t<li class=\"elementor-icon-list-item\">\n\t\t\t\t\t\t\t\t\t\t\t<span class=\"elementor-icon-list-icon\">\n\t\t\t\t\t\t\t<i aria-hidden=\"true\" class=\"fas fa-check\"><\/i>\t\t\t\t\t\t<\/span>\n\t\t\t\t\t\t\t\t\t\t<span class=\"elementor-icon-list-text\">Pompes doseuses \u00e0 piston et stations de dosage haute pression<\/span>\n\t\t\t\t\t\t\t\t\t<\/li>\n\t\t\t\t\t\t\t\t<li class=\"elementor-icon-list-item\">\n\t\t\t\t\t\t\t\t\t\t\t<span class=\"elementor-icon-list-icon\">\n\t\t\t\t\t\t\t<i aria-hidden=\"true\" class=\"fas fa-check\"><\/i>\t\t\t\t\t\t<\/span>\n\t\t\t\t\t\t\t\t\t\t<span class=\"elementor-icon-list-text\">R\u00e9servoirs de dosage de diff\u00e9rentes tailles<\/span>\n\t\t\t\t\t\t\t\t\t<\/li>\n\t\t\t\t\t\t\t\t<li class=\"elementor-icon-list-item\">\n\t\t\t\t\t\t\t\t\t\t\t<span class=\"elementor-icon-list-icon\">\n\t\t\t\t\t\t\t<i aria-hidden=\"true\" class=\"fas fa-check\"><\/i>\t\t\t\t\t\t<\/span>\n\t\t\t\t\t\t\t\t\t\t<span class=\"elementor-icon-list-text\">Valves de dosage, clapets anti-retour et accessoires d'installation<\/span>\n\t\t\t\t\t\t\t\t\t<\/li>\n\t\t\t\t\t\t\t\t<li class=\"elementor-icon-list-item\">\n\t\t\t\t\t\t\t\t\t\t\t<span class=\"elementor-icon-list-icon\">\n\t\t\t\t\t\t\t<i aria-hidden=\"true\" class=\"fas fa-check\"><\/i>\t\t\t\t\t\t<\/span>\n\t\t\t\t\t\t\t\t\t\t<span class=\"elementor-icon-list-text\">Automatisation et contr\u00f4le des stations de dosage<\/span>\n\t\t\t\t\t\t\t\t\t<\/li>\n\t\t\t\t\t\t\t\t<li class=\"elementor-icon-list-item\">\n\t\t\t\t\t\t\t\t\t\t\t<span class=\"elementor-icon-list-icon\">\n\t\t\t\t\t\t\t<i aria-hidden=\"true\" class=\"fas fa-check\"><\/i>\t\t\t\t\t\t<\/span>\n\t\t\t\t\t\t\t\t\t\t<span class=\"elementor-icon-list-text\">Syst\u00e8mes de dosage de dioxyde de chlore pour la d\u00e9sinfection et l'\u00e9limination des l\u00e9gionelles dans l'eau potable<\/span>\n\t\t\t\t\t\t\t\t\t<\/li>\n\t\t\t\t\t\t\t\t<li class=\"elementor-icon-list-item\">\n\t\t\t\t\t\t\t\t\t\t\t<span class=\"elementor-icon-list-icon\">\n\t\t\t\t\t\t\t<i aria-hidden=\"true\" class=\"fas fa-check\"><\/i>\t\t\t\t\t\t<\/span>\n\t\t\t\t\t\t\t\t\t\t<span class=\"elementor-icon-list-text\">Accessoires pour le dosage de produits chimiques<\/span>\n\t\t\t\t\t\t\t\t\t<\/li>\n\t\t\t\t\t\t<\/ul>\n\t\t\t\t\t\t<\/div>\n\t\t\t\t<\/div>\n\t\t\t\t<div class=\"elementor-element elementor-element-d6a27a8 elementor-widget elementor-widget-button\" data-id=\"d6a27a8\" data-element_type=\"widget\" data-e-type=\"widget\" data-widget_type=\"button.default\">\n\t\t\t\t<div class=\"elementor-widget-container\">\n\t\t\t\t\t\t\t\t\t<div class=\"elementor-button-wrapper\">\n\t\t\t\t\t<a class=\"elementor-button elementor-button-link elementor-size-sm\" href=\"https:\/\/www.fineamin.de\/fr\/kontakt\/\">\n\t\t\t\t\t\t<span class=\"elementor-button-content-wrapper\">\n\t\t\t\t\t\t\t\t\t<span class=\"elementor-button-text\">Demander une offre<\/span>\n\t\t\t\t\t<\/span>\n\t\t\t\t\t<\/a>\n\t\t\t\t<\/div>\n\t\t\t\t\t\t\t\t<\/div>\n\t\t\t\t<\/div>\n\t\t\t\t<div class=\"elementor-element elementor-element-a3188c5 gallery-spacing-custom elementor-widget elementor-widget-image-gallery\" data-id=\"a3188c5\" data-element_type=\"widget\" data-e-type=\"widget\" data-widget_type=\"image-gallery.default\">\n\t\t\t\t<div class=\"elementor-widget-container\">\n\t\t\t\t\t\t\t<div class=\"elementor-image-gallery\">\n\t\t\t<div id='gallery-1' class='gallery galleryid-6413 gallery-columns-7 gallery-size-full'><figure class='gallery-item'>\n\t\t\t<div class='gallery-icon portrait'>\n\t\t\t\t<a data-elementor-open-lightbox=\"yes\" data-elementor-lightbox-slideshow=\"a3188c5\" data-elementor-lightbox-title=\"Chlordioxid Dosierung-1c81214a\" data-e-action-hash=\"#elementor-action%3Aaction%3Dlightbox%26settings%3DeyJpZCI6MjY0NCwidXJsIjoiaHR0cHM6XC9cL3d3dy5maW5lYW1pbi5kZVwvd3AtY29udGVudFwvdXBsb2Fkc1wvMjAyM1wvMDZcL0NobG9yZGlveGlkLURvc2llcnVuZy0xYzgxMjE0YS5qcGciLCJzbGlkZXNob3ciOiJhMzE4OGM1In0%3D\" href='https:\/\/www.fineamin.de\/wp-content\/uploads\/2023\/06\/Chlordioxid-Dosierung-1c81214a.jpg'><img decoding=\"async\" width=\"63\" height=\"100\" src=\"https:\/\/www.fineamin.de\/wp-content\/uploads\/2023\/06\/Chlordioxid-Dosierung-1c81214a.jpg\" class=\"attachment-full size-full\" alt=\"\" \/><\/a>\n\t\t\t<\/div><\/figure><figure class='gallery-item'>\n\t\t\t<div class='gallery-icon portrait'>\n\t\t\t\t<a data-elementor-open-lightbox=\"yes\" data-elementor-lightbox-slideshow=\"a3188c5\" data-elementor-lightbox-title=\"Dosiertechnik3-185a9251\" data-e-action-hash=\"#elementor-action%3Aaction%3Dlightbox%26settings%3DeyJpZCI6MjY0MSwidXJsIjoiaHR0cHM6XC9cL3d3dy5maW5lYW1pbi5kZVwvd3AtY29udGVudFwvdXBsb2Fkc1wvMjAyM1wvMDZcL0Rvc2llcnRlY2huaWszLTE4NWE5MjUxLmpwZyIsInNsaWRlc2hvdyI6ImEzMTg4YzUifQ%3D%3D\" href='https:\/\/www.fineamin.de\/wp-content\/uploads\/2023\/06\/Dosiertechnik3-185a9251.jpg'><img decoding=\"async\" width=\"78\" height=\"80\" src=\"https:\/\/www.fineamin.de\/wp-content\/uploads\/2023\/06\/Dosiertechnik3-185a9251.jpg\" class=\"attachment-full size-full\" alt=\"\" \/><\/a>\n\t\t\t<\/div><\/figure><figure class='gallery-item'>\n\t\t\t<div class='gallery-icon portrait'>\n\t\t\t\t<a data-elementor-open-lightbox=\"yes\" data-elementor-lightbox-slideshow=\"a3188c5\" data-elementor-lightbox-title=\"Dosiertechnik2-10bddaed\" data-e-action-hash=\"#elementor-action%3Aaction%3Dlightbox%26settings%3DeyJpZCI6MjYzOCwidXJsIjoiaHR0cHM6XC9cL3d3dy5maW5lYW1pbi5kZVwvd3AtY29udGVudFwvdXBsb2Fkc1wvMjAyM1wvMDZcL0Rvc2llcnRlY2huaWsyLTEwYmRkYWVkLmpwZyIsInNsaWRlc2hvdyI6ImEzMTg4YzUifQ%3D%3D\" href='https:\/\/www.fineamin.de\/wp-content\/uploads\/2023\/06\/Dosiertechnik2-10bddaed.jpg'><img decoding=\"async\" width=\"84\" height=\"100\" src=\"https:\/\/www.fineamin.de\/wp-content\/uploads\/2023\/06\/Dosiertechnik2-10bddaed.jpg\" class=\"attachment-full size-full\" alt=\"\" \/><\/a>\n\t\t\t<\/div><\/figure><figure class='gallery-item'>\n\t\t\t<div class='gallery-icon landscape'>\n\t\t\t\t<a data-elementor-open-lightbox=\"yes\" data-elementor-lightbox-slideshow=\"a3188c5\" data-elementor-lightbox-title=\"Dosiertechnik1-40d69bfc\" data-e-action-hash=\"#elementor-action%3Aaction%3Dlightbox%26settings%3DeyJpZCI6MjYzNSwidXJsIjoiaHR0cHM6XC9cL3d3dy5maW5lYW1pbi5kZVwvd3AtY29udGVudFwvdXBsb2Fkc1wvMjAyM1wvMDZcL0Rvc2llcnRlY2huaWsxLTQwZDY5YmZjLmpwZyIsInNsaWRlc2hvdyI6ImEzMTg4YzUifQ%3D%3D\" href='https:\/\/www.fineamin.de\/wp-content\/uploads\/2023\/06\/Dosiertechnik1-40d69bfc.jpg'><img loading=\"lazy\" decoding=\"async\" width=\"110\" height=\"80\" src=\"https:\/\/www.fineamin.de\/wp-content\/uploads\/2023\/06\/Dosiertechnik1-40d69bfc.jpg\" class=\"attachment-full size-full\" alt=\"\" \/><\/a>\n\t\t\t<\/div><\/figure>\n\t\t<\/div>\n\t\t<\/div>\n\t\t\t\t\t\t<\/div>\n\t\t\t\t<\/div>\n\t\t\t\t\t<\/div>\n\t\t<\/div>\n\t\t\t\t\t<\/div>\n\t\t<\/section>\n\t\t\t\t<\/div>\n\t\t","protected":false},"excerpt":{"rendered":"<p>Technique de dosage Technique de dosage Syst\u00e8mes de dosage complets avec diff\u00e9rents r\u00e9cipients de pr\u00e9paration, message de vide et commande externe Pompes doseuses \u00e0 membrane avec contr\u00f4le par microprocesseur, disponibles en diff\u00e9rentes pressions et d\u00e9bits Pompes doseuses \u00e0 piston et stations de dosage haute pression R\u00e9servoirs de dosage de diff\u00e9rentes tailles Valves de dosage, clapets [&hellip;]<\/p>\n","protected":false},"author":4,"featured_media":0,"parent":0,"menu_order":0,"comment_status":"closed","ping_status":"closed","template":"elementor_header_footer","meta":{"footnotes":""},"class_list":["post-6413","page","type-page","status-publish","hentry"],"yoast_head":"<!-- This site is optimized with the Yoast SEO plugin v27.3 - https:\/\/yoast.com\/product\/yoast-seo-wordpress\/ -->\n<title>Technique de dosage - CWB Wasserbehandlung<\/title>\n<meta name=\"robots\" content=\"index, follow, max-snippet:-1, max-image-preview:large, max-video-preview:-1\" \/>\n<link rel=\"canonical\" href=\"https:\/\/www.fineamin.de\/fr\/technique-de-dosage\/\" \/>\n<meta property=\"og:locale\" content=\"fr_FR\" \/>\n<meta property=\"og:type\" content=\"article\" \/>\n<meta property=\"og:title\" content=\"Technique de dosage - CWB Wasserbehandlung\" \/>\n<meta property=\"og:description\" content=\"Technique de dosage Technique de dosage Syst\u00e8mes de dosage complets avec diff\u00e9rents r\u00e9cipients de pr\u00e9paration, message de vide et commande externe Pompes doseuses \u00e0 membrane avec contr\u00f4le par microprocesseur, disponibles en diff\u00e9rentes pressions et d\u00e9bits Pompes doseuses \u00e0 piston et stations de dosage haute pression R\u00e9servoirs de dosage de diff\u00e9rentes tailles Valves de dosage, clapets [&hellip;]\" \/>\n<meta property=\"og:url\" content=\"https:\/\/www.fineamin.de\/fr\/technique-de-dosage\/\" \/>\n<meta property=\"og:site_name\" content=\"CWB Wasserbehandlung\" \/>\n<meta property=\"article:modified_time\" content=\"2024-07-25T07:51:15+00:00\" \/>\n<meta property=\"og:image\" content=\"https:\/\/www.fineamin.de\/wp-content\/uploads\/2023\/06\/Chlordioxid-Dosierung-1c81214a.jpg\" \/>\n<meta name=\"twitter:card\" content=\"summary_large_image\" \/>\n<meta name=\"twitter:label1\" content=\"Dur\u00e9e de lecture estim\u00e9e\" \/>\n\t<meta name=\"twitter:data1\" content=\"2 minutes\" \/>\n<script type=\"application\/ld+json\" class=\"yoast-schema-graph\">{\"@context\":\"https:\\\/\\\/schema.org\",\"@graph\":[{\"@type\":\"WebPage\",\"@id\":\"https:\\\/\\\/www.fineamin.de\\\/fr\\\/technique-de-dosage\\\/\",\"url\":\"https:\\\/\\\/www.fineamin.de\\\/fr\\\/technique-de-dosage\\\/\",\"name\":\"Technique de dosage - CWB Wasserbehandlung\",\"isPartOf\":{\"@id\":\"https:\\\/\\\/www.fineamin.de\\\/#website\"},\"primaryImageOfPage\":{\"@id\":\"https:\\\/\\\/www.fineamin.de\\\/fr\\\/technique-de-dosage\\\/#primaryimage\"},\"image\":{\"@id\":\"https:\\\/\\\/www.fineamin.de\\\/fr\\\/technique-de-dosage\\\/#primaryimage\"},\"thumbnailUrl\":\"https:\\\/\\\/www.fineamin.de\\\/wp-content\\\/uploads\\\/2023\\\/06\\\/Chlordioxid-Dosierung-1c81214a.jpg\",\"datePublished\":\"2024-07-25T07:49:36+00:00\",\"dateModified\":\"2024-07-25T07:51:15+00:00\",\"breadcrumb\":{\"@id\":\"https:\\\/\\\/www.fineamin.de\\\/fr\\\/technique-de-dosage\\\/#breadcrumb\"},\"inLanguage\":\"fr-FR\",\"potentialAction\":[{\"@type\":\"ReadAction\",\"target\":[\"https:\\\/\\\/www.fineamin.de\\\/fr\\\/technique-de-dosage\\\/\"]}]},{\"@type\":\"ImageObject\",\"inLanguage\":\"fr-FR\",\"@id\":\"https:\\\/\\\/www.fineamin.de\\\/fr\\\/technique-de-dosage\\\/#primaryimage\",\"url\":\"https:\\\/\\\/www.fineamin.de\\\/wp-content\\\/uploads\\\/2023\\\/06\\\/Chlordioxid-Dosierung-1c81214a.jpg\",\"contentUrl\":\"https:\\\/\\\/www.fineamin.de\\\/wp-content\\\/uploads\\\/2023\\\/06\\\/Chlordioxid-Dosierung-1c81214a.jpg\"},{\"@type\":\"BreadcrumbList\",\"@id\":\"https:\\\/\\\/www.fineamin.de\\\/fr\\\/technique-de-dosage\\\/#breadcrumb\",\"itemListElement\":[{\"@type\":\"ListItem\",\"position\":1,\"name\":\"Home\",\"item\":\"https:\\\/\\\/www.fineamin.de\\\/\"},{\"@type\":\"ListItem\",\"position\":2,\"name\":\"Technique de dosage\"}]},{\"@type\":\"WebSite\",\"@id\":\"https:\\\/\\\/www.fineamin.de\\\/#website\",\"url\":\"https:\\\/\\\/www.fineamin.de\\\/\",\"name\":\"CWB Wasserbehandlung\",\"description\":\"Chemikalien zur Wasserbehandlung\",\"publisher\":{\"@id\":\"https:\\\/\\\/www.fineamin.de\\\/#organization\"},\"potentialAction\":[{\"@type\":\"SearchAction\",\"target\":{\"@type\":\"EntryPoint\",\"urlTemplate\":\"https:\\\/\\\/www.fineamin.de\\\/?s={search_term_string}\"},\"query-input\":{\"@type\":\"PropertyValueSpecification\",\"valueRequired\":true,\"valueName\":\"search_term_string\"}}],\"inLanguage\":\"fr-FR\"},{\"@type\":\"Organization\",\"@id\":\"https:\\\/\\\/www.fineamin.de\\\/#organization\",\"name\":\"CWB Wasserbehandlung\",\"url\":\"https:\\\/\\\/www.fineamin.de\\\/\",\"logo\":{\"@type\":\"ImageObject\",\"inLanguage\":\"fr-FR\",\"@id\":\"https:\\\/\\\/www.fineamin.de\\\/#\\\/schema\\\/logo\\\/image\\\/\",\"url\":\"https:\\\/\\\/www.fineamin.de\\\/wp-content\\\/uploads\\\/2022\\\/10\\\/Logo.png\",\"contentUrl\":\"https:\\\/\\\/www.fineamin.de\\\/wp-content\\\/uploads\\\/2022\\\/10\\\/Logo.png\",\"width\":251,\"height\":181,\"caption\":\"CWB Wasserbehandlung\"},\"image\":{\"@id\":\"https:\\\/\\\/www.fineamin.de\\\/#\\\/schema\\\/logo\\\/image\\\/\"}}]}<\/script>\n<!-- \/ Yoast SEO plugin. -->","yoast_head_json":{"title":"Technique de dosage - CWB Wasserbehandlung","robots":{"index":"index","follow":"follow","max-snippet":"max-snippet:-1","max-image-preview":"max-image-preview:large","max-video-preview":"max-video-preview:-1"},"canonical":"https:\/\/www.fineamin.de\/fr\/technique-de-dosage\/","og_locale":"fr_FR","og_type":"article","og_title":"Technique de dosage - CWB Wasserbehandlung","og_description":"Technique de dosage Technique de dosage Syst\u00e8mes de dosage complets avec diff\u00e9rents r\u00e9cipients de pr\u00e9paration, message de vide et commande externe Pompes doseuses \u00e0 membrane avec contr\u00f4le par microprocesseur, disponibles en diff\u00e9rentes pressions et d\u00e9bits Pompes doseuses \u00e0 piston et stations de dosage haute pression R\u00e9servoirs de dosage de diff\u00e9rentes tailles Valves de dosage, clapets [&hellip;]","og_url":"https:\/\/www.fineamin.de\/fr\/technique-de-dosage\/","og_site_name":"CWB Wasserbehandlung","article_modified_time":"2024-07-25T07:51:15+00:00","og_image":[{"url":"https:\/\/www.fineamin.de\/wp-content\/uploads\/2023\/06\/Chlordioxid-Dosierung-1c81214a.jpg","type":"","width":"","height":""}],"twitter_card":"summary_large_image","twitter_misc":{"Dur\u00e9e de lecture estim\u00e9e":"2 minutes"},"schema":{"@context":"https:\/\/schema.org","@graph":[{"@type":"WebPage","@id":"https:\/\/www.fineamin.de\/fr\/technique-de-dosage\/","url":"https:\/\/www.fineamin.de\/fr\/technique-de-dosage\/","name":"Technique de dosage - CWB Wasserbehandlung","isPartOf":{"@id":"https:\/\/www.fineamin.de\/#website"},"primaryImageOfPage":{"@id":"https:\/\/www.fineamin.de\/fr\/technique-de-dosage\/#primaryimage"},"image":{"@id":"https:\/\/www.fineamin.de\/fr\/technique-de-dosage\/#primaryimage"},"thumbnailUrl":"https:\/\/www.fineamin.de\/wp-content\/uploads\/2023\/06\/Chlordioxid-Dosierung-1c81214a.jpg","datePublished":"2024-07-25T07:49:36+00:00","dateModified":"2024-07-25T07:51:15+00:00","breadcrumb":{"@id":"https:\/\/www.fineamin.de\/fr\/technique-de-dosage\/#breadcrumb"},"inLanguage":"fr-FR","potentialAction":[{"@type":"ReadAction","target":["https:\/\/www.fineamin.de\/fr\/technique-de-dosage\/"]}]},{"@type":"ImageObject","inLanguage":"fr-FR","@id":"https:\/\/www.fineamin.de\/fr\/technique-de-dosage\/#primaryimage","url":"https:\/\/www.fineamin.de\/wp-content\/uploads\/2023\/06\/Chlordioxid-Dosierung-1c81214a.jpg","contentUrl":"https:\/\/www.fineamin.de\/wp-content\/uploads\/2023\/06\/Chlordioxid-Dosierung-1c81214a.jpg"},{"@type":"BreadcrumbList","@id":"https:\/\/www.fineamin.de\/fr\/technique-de-dosage\/#breadcrumb","itemListElement":[{"@type":"ListItem","position":1,"name":"Home","item":"https:\/\/www.fineamin.de\/"},{"@type":"ListItem","position":2,"name":"Technique de dosage"}]},{"@type":"WebSite","@id":"https:\/\/www.fineamin.de\/#website","url":"https:\/\/www.fineamin.de\/","name":"CWB Wasserbehandlung","description":"Chemikalien zur Wasserbehandlung","publisher":{"@id":"https:\/\/www.fineamin.de\/#organization"},"potentialAction":[{"@type":"SearchAction","target":{"@type":"EntryPoint","urlTemplate":"https:\/\/www.fineamin.de\/?s={search_term_string}"},"query-input":{"@type":"PropertyValueSpecification","valueRequired":true,"valueName":"search_term_string"}}],"inLanguage":"fr-FR"},{"@type":"Organization","@id":"https:\/\/www.fineamin.de\/#organization","name":"CWB Wasserbehandlung","url":"https:\/\/www.fineamin.de\/","logo":{"@type":"ImageObject","inLanguage":"fr-FR","@id":"https:\/\/www.fineamin.de\/#\/schema\/logo\/image\/","url":"https:\/\/www.fineamin.de\/wp-content\/uploads\/2022\/10\/Logo.png","contentUrl":"https:\/\/www.fineamin.de\/wp-content\/uploads\/2022\/10\/Logo.png","width":251,"height":181,"caption":"CWB Wasserbehandlung"},"image":{"@id":"https:\/\/www.fineamin.de\/#\/schema\/logo\/image\/"}}]}},"_links":{"self":[{"href":"https:\/\/www.fineamin.de\/fr\/wp-json\/wp\/v2\/pages\/6413","targetHints":{"allow":["GET"]}}],"collection":[{"href":"https:\/\/www.fineamin.de\/fr\/wp-json\/wp\/v2\/pages"}],"about":[{"href":"https:\/\/www.fineamin.de\/fr\/wp-json\/wp\/v2\/types\/page"}],"author":[{"embeddable":true,"href":"https:\/\/www.fineamin.de\/fr\/wp-json\/wp\/v2\/users\/4"}],"replies":[{"embeddable":true,"href":"https:\/\/www.fineamin.de\/fr\/wp-json\/wp\/v2\/comments?post=6413"}],"version-history":[{"count":2,"href":"https:\/\/www.fineamin.de\/fr\/wp-json\/wp\/v2\/pages\/6413\/revisions"}],"predecessor-version":[{"id":6416,"href":"https:\/\/www.fineamin.de\/fr\/wp-json\/wp\/v2\/pages\/6413\/revisions\/6416"}],"wp:attachment":[{"href":"https:\/\/www.fineamin.de\/fr\/wp-json\/wp\/v2\/media?parent=6413"}],"curies":[{"name":"wp","href":"https:\/\/api.w.org\/{rel}","templated":true}]}}