{"id":6403,"date":"2023-06-06T10:00:49","date_gmt":"2023-06-06T08:00:49","guid":{"rendered":"https:\/\/www.fineamin.de\/armoires-de-dosage\/"},"modified":"2024-07-25T09:38:39","modified_gmt":"2024-07-25T07:38:39","slug":"armoires-de-dosage","status":"publish","type":"page","link":"https:\/\/www.fineamin.de\/fr\/armoires-de-dosage\/","title":{"rendered":"Armoires de dosage"},"content":{"rendered":"\t\t<div data-elementor-type=\"wp-page\" data-elementor-id=\"6403\" class=\"elementor elementor-6403 elementor-963\" data-elementor-post-type=\"page\">\n\t\t\t\t\t\t<section class=\"elementor-section elementor-top-section elementor-element elementor-element-95bf962 elementor-section-full_width elementor-section-height-default elementor-section-height-default\" data-id=\"95bf962\" data-element_type=\"section\" data-e-type=\"section\">\n\t\t\t\t\t\t<div class=\"elementor-container elementor-column-gap-default\">\n\t\t\t\t\t<div class=\"elementor-column elementor-col-100 elementor-top-column elementor-element elementor-element-3b81d5c\" data-id=\"3b81d5c\" data-element_type=\"column\" data-e-type=\"column\">\n\t\t\t<div class=\"elementor-widget-wrap elementor-element-populated\">\n\t\t\t\t\t\t<section class=\"elementor-section elementor-inner-section elementor-element elementor-element-5b025be elementor-section-content-middle elementor-section-boxed elementor-section-height-default elementor-section-height-default\" data-id=\"5b025be\" data-element_type=\"section\" data-e-type=\"section\" data-settings=\"{&quot;background_background&quot;:&quot;classic&quot;}\">\n\t\t\t\t\t\t\t<div class=\"elementor-background-overlay\"><\/div>\n\t\t\t\t\t\t\t<div class=\"elementor-container elementor-column-gap-default\">\n\t\t\t\t\t<div class=\"elementor-column elementor-col-100 elementor-inner-column elementor-element elementor-element-74c1ec2\" data-id=\"74c1ec2\" data-element_type=\"column\" data-e-type=\"column\">\n\t\t\t<div class=\"elementor-widget-wrap elementor-element-populated\">\n\t\t\t\t\t\t<div class=\"elementor-element elementor-element-93aa8f7 elementor-widget elementor-widget-heading\" data-id=\"93aa8f7\" data-element_type=\"widget\" data-e-type=\"widget\" data-widget_type=\"heading.default\">\n\t\t\t\t<div class=\"elementor-widget-container\">\n\t\t\t\t\t<h2 class=\"elementor-heading-title elementor-size-default\">Armoires de dosage<\/h2>\t\t\t\t<\/div>\n\t\t\t\t<\/div>\n\t\t\t\t\t<\/div>\n\t\t<\/div>\n\t\t\t\t\t<\/div>\n\t\t<\/section>\n\t\t\t\t\t<\/div>\n\t\t<\/div>\n\t\t\t\t\t<\/div>\n\t\t<\/section>\n\t\t\t\t<section class=\"elementor-section elementor-top-section elementor-element elementor-element-a90fb9c elementor-reverse-mobile elementor-section-boxed elementor-section-height-default elementor-section-height-default\" data-id=\"a90fb9c\" data-element_type=\"section\" data-e-type=\"section\">\n\t\t\t\t\t\t<div class=\"elementor-container elementor-column-gap-default\">\n\t\t\t\t\t<div class=\"elementor-column elementor-col-50 elementor-top-column elementor-element elementor-element-4aa1e87\" data-id=\"4aa1e87\" data-element_type=\"column\" data-e-type=\"column\">\n\t\t\t<div class=\"elementor-widget-wrap elementor-element-populated\">\n\t\t\t\t\t\t<div class=\"elementor-element elementor-element-49002d1 elementor-widget elementor-widget-heading\" data-id=\"49002d1\" data-element_type=\"widget\" data-e-type=\"widget\" data-widget_type=\"heading.default\">\n\t\t\t\t<div class=\"elementor-widget-container\">\n\t\t\t\t\t<h2 class=\"elementor-heading-title elementor-size-default\">Armoires de dosage pour votre traitement de l'eau<\/h2>\t\t\t\t<\/div>\n\t\t\t\t<\/div>\n\t\t\t\t<div class=\"elementor-element elementor-element-87f3788 heading___nw elementor-widget elementor-widget-text-editor\" data-id=\"87f3788\" data-element_type=\"widget\" data-e-type=\"widget\" data-widget_type=\"text-editor.default\">\n\t\t\t\t<div class=\"elementor-widget-container\">\n\t\t\t\t\t\t\t\t\t<p>Nous pouvons vous fournir des armoires de dosage en m\u00e9tal de diff\u00e9rentes tailles. Les armoires prot\u00e8gent votre \u00e9quipement de dosage de la salet\u00e9 et peuvent \u00eatre verrouill\u00e9es. Nous pouvons \u00e9galement proposer des pompes de dosage correspondantes dans diff\u00e9rents niveaux de pression et de d\u00e9bit.<\/p>\n\t\t\t\t\t\t\t\t<\/div>\n\t\t\t\t<\/div>\n\t\t\t\t<div class=\"elementor-element elementor-element-3318196 elementor-widget elementor-widget-button\" data-id=\"3318196\" data-element_type=\"widget\" data-e-type=\"widget\" data-widget_type=\"button.default\">\n\t\t\t\t<div class=\"elementor-widget-container\">\n\t\t\t\t\t\t\t\t\t<div class=\"elementor-button-wrapper\">\n\t\t\t\t\t<a class=\"elementor-button elementor-button-link elementor-size-sm\" href=\"https:\/\/www.fineamin.de\/fr\/kontakt\/\">\n\t\t\t\t\t\t<span class=\"elementor-button-content-wrapper\">\n\t\t\t\t\t\t\t\t\t<span class=\"elementor-button-text\">Demander une offre<\/span>\n\t\t\t\t\t<\/span>\n\t\t\t\t\t<\/a>\n\t\t\t\t<\/div>\n\t\t\t\t\t\t\t\t<\/div>\n\t\t\t\t<\/div>\n\t\t\t\t<div class=\"elementor-element elementor-element-fbd6110 gallery-spacing-custom elementor-widget elementor-widget-image-gallery\" data-id=\"fbd6110\" data-element_type=\"widget\" data-e-type=\"widget\" data-widget_type=\"image-gallery.default\">\n\t\t\t\t<div class=\"elementor-widget-container\">\n\t\t\t\t\t\t\t<div class=\"elementor-image-gallery\">\n\t\t\t<div id='gallery-1' class='gallery galleryid-6403 gallery-columns-3 gallery-size-medium'><figure class='gallery-item'>\n\t\t\t<div class='gallery-icon portrait'>\n\t\t\t\t<a data-elementor-open-lightbox=\"yes\" data-elementor-lightbox-slideshow=\"fbd6110\" data-elementor-lightbox-title=\"sasdf\" data-e-action-hash=\"#elementor-action%3Aaction%3Dlightbox%26settings%3DeyJpZCI6MjYxMywidXJsIjoiaHR0cHM6XC9cL3d3dy5maW5lYW1pbi5kZVwvd3AtY29udGVudFwvdXBsb2Fkc1wvMjAyM1wvMDZcL3Nhc2RmLmpwZyIsInNsaWRlc2hvdyI6ImZiZDYxMTAifQ%3D%3D\" href='https:\/\/www.fineamin.de\/wp-content\/uploads\/2023\/06\/sasdf.jpg'><img fetchpriority=\"high\" decoding=\"async\" width=\"228\" height=\"300\" src=\"https:\/\/www.fineamin.de\/wp-content\/uploads\/2023\/06\/sasdf-228x300.jpg\" class=\"attachment-medium size-medium\" alt=\"\" srcset=\"https:\/\/www.fineamin.de\/wp-content\/uploads\/2023\/06\/sasdf-228x300.jpg 228w, https:\/\/www.fineamin.de\/wp-content\/uploads\/2023\/06\/sasdf.jpg 300w\" sizes=\"(max-width: 228px) 100vw, 228px\" \/><\/a>\n\t\t\t<\/div><\/figure><figure class='gallery-item'>\n\t\t\t<div class='gallery-icon portrait'>\n\t\t\t\t<a data-elementor-open-lightbox=\"yes\" data-elementor-lightbox-slideshow=\"fbd6110\" data-elementor-lightbox-title=\"Dosierschrank 2_1 (003)-102a89c2\" data-e-action-hash=\"#elementor-action%3Aaction%3Dlightbox%26settings%3DeyJpZCI6MjYxNiwidXJsIjoiaHR0cHM6XC9cL3d3dy5maW5lYW1pbi5kZVwvd3AtY29udGVudFwvdXBsb2Fkc1wvMjAyM1wvMDZcL0Rvc2llcnNjaHJhbmstMl8xLTAwMy0xMDJhODljMi5qcGciLCJzbGlkZXNob3ciOiJmYmQ2MTEwIn0%3D\" href='https:\/\/www.fineamin.de\/wp-content\/uploads\/2023\/06\/Dosierschrank-2_1-003-102a89c2.jpg'><img decoding=\"async\" width=\"218\" height=\"300\" src=\"https:\/\/www.fineamin.de\/wp-content\/uploads\/2023\/06\/Dosierschrank-2_1-003-102a89c2-218x300.jpg\" class=\"attachment-medium size-medium\" alt=\"\" srcset=\"https:\/\/www.fineamin.de\/wp-content\/uploads\/2023\/06\/Dosierschrank-2_1-003-102a89c2-218x300.jpg 218w, https:\/\/www.fineamin.de\/wp-content\/uploads\/2023\/06\/Dosierschrank-2_1-003-102a89c2.jpg 300w\" sizes=\"(max-width: 218px) 100vw, 218px\" \/><\/a>\n\t\t\t<\/div><\/figure>\n\t\t<\/div>\n\t\t<\/div>\n\t\t\t\t\t\t<\/div>\n\t\t\t\t<\/div>\n\t\t\t\t\t<\/div>\n\t\t<\/div>\n\t\t\t\t<div class=\"elementor-column elementor-col-50 elementor-top-column elementor-element elementor-element-468b8f3\" data-id=\"468b8f3\" data-element_type=\"column\" data-e-type=\"column\">\n\t\t\t<div class=\"elementor-widget-wrap\">\n\t\t\t\t\t\t\t<\/div>\n\t\t<\/div>\n\t\t\t\t\t<\/div>\n\t\t<\/section>\n\t\t\t\t<\/div>\n\t\t","protected":false},"excerpt":{"rendered":"<p>Armoires de dosage Armoires de dosage pour votre traitement de l&rsquo;eau Nous pouvons vous fournir des armoires de dosage en m\u00e9tal de diff\u00e9rentes tailles. Les armoires prot\u00e8gent votre \u00e9quipement de dosage de la salet\u00e9 et peuvent \u00eatre verrouill\u00e9es. Nous pouvons \u00e9galement proposer des pompes de dosage correspondantes dans diff\u00e9rents niveaux de pression et de d\u00e9bit. [&hellip;]<\/p>\n","protected":false},"author":4,"featured_media":0,"parent":0,"menu_order":0,"comment_status":"closed","ping_status":"closed","template":"elementor_header_footer","meta":{"footnotes":""},"class_list":["post-6403","page","type-page","status-publish","hentry"],"yoast_head":"<!-- This site is optimized with the Yoast SEO plugin v27.5 - https:\/\/yoast.com\/product\/yoast-seo-wordpress\/ -->\n<title>Armoires de dosage - CWB Wasserbehandlung<\/title>\n<meta name=\"robots\" content=\"index, follow, max-snippet:-1, max-image-preview:large, max-video-preview:-1\" \/>\n<link rel=\"canonical\" href=\"https:\/\/www.fineamin.de\/fr\/armoires-de-dosage\/\" \/>\n<meta property=\"og:locale\" content=\"fr_FR\" \/>\n<meta property=\"og:type\" content=\"article\" \/>\n<meta property=\"og:title\" content=\"Armoires de dosage - CWB Wasserbehandlung\" \/>\n<meta property=\"og:description\" content=\"Armoires de dosage Armoires de dosage pour votre traitement de l&rsquo;eau Nous pouvons vous fournir des armoires de dosage en m\u00e9tal de diff\u00e9rentes tailles. Les armoires prot\u00e8gent votre \u00e9quipement de dosage de la salet\u00e9 et peuvent \u00eatre verrouill\u00e9es. Nous pouvons \u00e9galement proposer des pompes de dosage correspondantes dans diff\u00e9rents niveaux de pression et de d\u00e9bit. [&hellip;]\" \/>\n<meta property=\"og:url\" content=\"https:\/\/www.fineamin.de\/fr\/armoires-de-dosage\/\" \/>\n<meta property=\"og:site_name\" content=\"CWB Wasserbehandlung\" \/>\n<meta property=\"article:modified_time\" content=\"2024-07-25T07:38:39+00:00\" \/>\n<meta property=\"og:image\" content=\"https:\/\/www.fineamin.de\/wp-content\/uploads\/2023\/06\/sasdf-228x300.jpg\" \/>\n<meta name=\"twitter:card\" content=\"summary_large_image\" \/>\n<script type=\"application\/ld+json\" class=\"yoast-schema-graph\">{\"@context\":\"https:\\\/\\\/schema.org\",\"@graph\":[{\"@type\":\"WebPage\",\"@id\":\"https:\\\/\\\/www.fineamin.de\\\/fr\\\/armoires-de-dosage\\\/\",\"url\":\"https:\\\/\\\/www.fineamin.de\\\/fr\\\/armoires-de-dosage\\\/\",\"name\":\"Armoires de dosage - CWB Wasserbehandlung\",\"isPartOf\":{\"@id\":\"https:\\\/\\\/www.fineamin.de\\\/#website\"},\"primaryImageOfPage\":{\"@id\":\"https:\\\/\\\/www.fineamin.de\\\/fr\\\/armoires-de-dosage\\\/#primaryimage\"},\"image\":{\"@id\":\"https:\\\/\\\/www.fineamin.de\\\/fr\\\/armoires-de-dosage\\\/#primaryimage\"},\"thumbnailUrl\":\"https:\\\/\\\/www.fineamin.de\\\/wp-content\\\/uploads\\\/2023\\\/06\\\/sasdf-228x300.jpg\",\"datePublished\":\"2023-06-06T08:00:49+00:00\",\"dateModified\":\"2024-07-25T07:38:39+00:00\",\"breadcrumb\":{\"@id\":\"https:\\\/\\\/www.fineamin.de\\\/fr\\\/armoires-de-dosage\\\/#breadcrumb\"},\"inLanguage\":\"fr-FR\",\"potentialAction\":[{\"@type\":\"ReadAction\",\"target\":[\"https:\\\/\\\/www.fineamin.de\\\/fr\\\/armoires-de-dosage\\\/\"]}]},{\"@type\":\"ImageObject\",\"inLanguage\":\"fr-FR\",\"@id\":\"https:\\\/\\\/www.fineamin.de\\\/fr\\\/armoires-de-dosage\\\/#primaryimage\",\"url\":\"https:\\\/\\\/www.fineamin.de\\\/wp-content\\\/uploads\\\/2023\\\/06\\\/sasdf-228x300.jpg\",\"contentUrl\":\"https:\\\/\\\/www.fineamin.de\\\/wp-content\\\/uploads\\\/2023\\\/06\\\/sasdf-228x300.jpg\"},{\"@type\":\"BreadcrumbList\",\"@id\":\"https:\\\/\\\/www.fineamin.de\\\/fr\\\/armoires-de-dosage\\\/#breadcrumb\",\"itemListElement\":[{\"@type\":\"ListItem\",\"position\":1,\"name\":\"Home\",\"item\":\"https:\\\/\\\/www.fineamin.de\\\/\"},{\"@type\":\"ListItem\",\"position\":2,\"name\":\"Armoires de dosage\"}]},{\"@type\":\"WebSite\",\"@id\":\"https:\\\/\\\/www.fineamin.de\\\/#website\",\"url\":\"https:\\\/\\\/www.fineamin.de\\\/\",\"name\":\"CWB Wasserbehandlung\",\"description\":\"Chemikalien zur Wasserbehandlung\",\"publisher\":{\"@id\":\"https:\\\/\\\/www.fineamin.de\\\/#organization\"},\"potentialAction\":[{\"@type\":\"SearchAction\",\"target\":{\"@type\":\"EntryPoint\",\"urlTemplate\":\"https:\\\/\\\/www.fineamin.de\\\/?s={search_term_string}\"},\"query-input\":{\"@type\":\"PropertyValueSpecification\",\"valueRequired\":true,\"valueName\":\"search_term_string\"}}],\"inLanguage\":\"fr-FR\"},{\"@type\":\"Organization\",\"@id\":\"https:\\\/\\\/www.fineamin.de\\\/#organization\",\"name\":\"CWB Wasserbehandlung\",\"url\":\"https:\\\/\\\/www.fineamin.de\\\/\",\"logo\":{\"@type\":\"ImageObject\",\"inLanguage\":\"fr-FR\",\"@id\":\"https:\\\/\\\/www.fineamin.de\\\/#\\\/schema\\\/logo\\\/image\\\/\",\"url\":\"https:\\\/\\\/www.fineamin.de\\\/wp-content\\\/uploads\\\/2022\\\/10\\\/Logo.png\",\"contentUrl\":\"https:\\\/\\\/www.fineamin.de\\\/wp-content\\\/uploads\\\/2022\\\/10\\\/Logo.png\",\"width\":251,\"height\":181,\"caption\":\"CWB Wasserbehandlung\"},\"image\":{\"@id\":\"https:\\\/\\\/www.fineamin.de\\\/#\\\/schema\\\/logo\\\/image\\\/\"}}]}<\/script>\n<!-- \/ Yoast SEO plugin. -->","yoast_head_json":{"title":"Armoires de dosage - CWB Wasserbehandlung","robots":{"index":"index","follow":"follow","max-snippet":"max-snippet:-1","max-image-preview":"max-image-preview:large","max-video-preview":"max-video-preview:-1"},"canonical":"https:\/\/www.fineamin.de\/fr\/armoires-de-dosage\/","og_locale":"fr_FR","og_type":"article","og_title":"Armoires de dosage - CWB Wasserbehandlung","og_description":"Armoires de dosage Armoires de dosage pour votre traitement de l&rsquo;eau Nous pouvons vous fournir des armoires de dosage en m\u00e9tal de diff\u00e9rentes tailles. Les armoires prot\u00e8gent votre \u00e9quipement de dosage de la salet\u00e9 et peuvent \u00eatre verrouill\u00e9es. Nous pouvons \u00e9galement proposer des pompes de dosage correspondantes dans diff\u00e9rents niveaux de pression et de d\u00e9bit. [&hellip;]","og_url":"https:\/\/www.fineamin.de\/fr\/armoires-de-dosage\/","og_site_name":"CWB Wasserbehandlung","article_modified_time":"2024-07-25T07:38:39+00:00","og_image":[{"url":"https:\/\/www.fineamin.de\/wp-content\/uploads\/2023\/06\/sasdf-228x300.jpg","type":"","width":"","height":""}],"twitter_card":"summary_large_image","schema":{"@context":"https:\/\/schema.org","@graph":[{"@type":"WebPage","@id":"https:\/\/www.fineamin.de\/fr\/armoires-de-dosage\/","url":"https:\/\/www.fineamin.de\/fr\/armoires-de-dosage\/","name":"Armoires de dosage - CWB Wasserbehandlung","isPartOf":{"@id":"https:\/\/www.fineamin.de\/#website"},"primaryImageOfPage":{"@id":"https:\/\/www.fineamin.de\/fr\/armoires-de-dosage\/#primaryimage"},"image":{"@id":"https:\/\/www.fineamin.de\/fr\/armoires-de-dosage\/#primaryimage"},"thumbnailUrl":"https:\/\/www.fineamin.de\/wp-content\/uploads\/2023\/06\/sasdf-228x300.jpg","datePublished":"2023-06-06T08:00:49+00:00","dateModified":"2024-07-25T07:38:39+00:00","breadcrumb":{"@id":"https:\/\/www.fineamin.de\/fr\/armoires-de-dosage\/#breadcrumb"},"inLanguage":"fr-FR","potentialAction":[{"@type":"ReadAction","target":["https:\/\/www.fineamin.de\/fr\/armoires-de-dosage\/"]}]},{"@type":"ImageObject","inLanguage":"fr-FR","@id":"https:\/\/www.fineamin.de\/fr\/armoires-de-dosage\/#primaryimage","url":"https:\/\/www.fineamin.de\/wp-content\/uploads\/2023\/06\/sasdf-228x300.jpg","contentUrl":"https:\/\/www.fineamin.de\/wp-content\/uploads\/2023\/06\/sasdf-228x300.jpg"},{"@type":"BreadcrumbList","@id":"https:\/\/www.fineamin.de\/fr\/armoires-de-dosage\/#breadcrumb","itemListElement":[{"@type":"ListItem","position":1,"name":"Home","item":"https:\/\/www.fineamin.de\/"},{"@type":"ListItem","position":2,"name":"Armoires de dosage"}]},{"@type":"WebSite","@id":"https:\/\/www.fineamin.de\/#website","url":"https:\/\/www.fineamin.de\/","name":"CWB Wasserbehandlung","description":"Chemikalien zur Wasserbehandlung","publisher":{"@id":"https:\/\/www.fineamin.de\/#organization"},"potentialAction":[{"@type":"SearchAction","target":{"@type":"EntryPoint","urlTemplate":"https:\/\/www.fineamin.de\/?s={search_term_string}"},"query-input":{"@type":"PropertyValueSpecification","valueRequired":true,"valueName":"search_term_string"}}],"inLanguage":"fr-FR"},{"@type":"Organization","@id":"https:\/\/www.fineamin.de\/#organization","name":"CWB Wasserbehandlung","url":"https:\/\/www.fineamin.de\/","logo":{"@type":"ImageObject","inLanguage":"fr-FR","@id":"https:\/\/www.fineamin.de\/#\/schema\/logo\/image\/","url":"https:\/\/www.fineamin.de\/wp-content\/uploads\/2022\/10\/Logo.png","contentUrl":"https:\/\/www.fineamin.de\/wp-content\/uploads\/2022\/10\/Logo.png","width":251,"height":181,"caption":"CWB Wasserbehandlung"},"image":{"@id":"https:\/\/www.fineamin.de\/#\/schema\/logo\/image\/"}}]}},"_links":{"self":[{"href":"https:\/\/www.fineamin.de\/fr\/wp-json\/wp\/v2\/pages\/6403","targetHints":{"allow":["GET"]}}],"collection":[{"href":"https:\/\/www.fineamin.de\/fr\/wp-json\/wp\/v2\/pages"}],"about":[{"href":"https:\/\/www.fineamin.de\/fr\/wp-json\/wp\/v2\/types\/page"}],"author":[{"embeddable":true,"href":"https:\/\/www.fineamin.de\/fr\/wp-json\/wp\/v2\/users\/4"}],"replies":[{"embeddable":true,"href":"https:\/\/www.fineamin.de\/fr\/wp-json\/wp\/v2\/comments?post=6403"}],"version-history":[{"count":2,"href":"https:\/\/www.fineamin.de\/fr\/wp-json\/wp\/v2\/pages\/6403\/revisions"}],"predecessor-version":[{"id":6406,"href":"https:\/\/www.fineamin.de\/fr\/wp-json\/wp\/v2\/pages\/6403\/revisions\/6406"}],"wp:attachment":[{"href":"https:\/\/www.fineamin.de\/fr\/wp-json\/wp\/v2\/media?parent=6403"}],"curies":[{"name":"wp","href":"https:\/\/api.w.org\/{rel}","templated":true}]}}