{"id":3681,"date":"2023-06-06T09:04:19","date_gmt":"2023-06-06T07:04:19","guid":{"rendered":"https:\/\/www.fineamin.de\/rauchgaswascher\/"},"modified":"2024-07-15T13:24:52","modified_gmt":"2024-07-15T11:24:52","slug":"rauchgaswascher","status":"publish","type":"page","link":"https:\/\/www.fineamin.de\/fr\/rauchgaswascher\/","title":{"rendered":"Laveur de gaz de fum\u00e9e"},"content":{"rendered":"\t\t<div data-elementor-type=\"wp-page\" data-elementor-id=\"3681\" class=\"elementor elementor-3681 elementor-813\" data-elementor-post-type=\"page\">\n\t\t\t\t\t\t<section class=\"elementor-section elementor-top-section elementor-element elementor-element-17fa7fa elementor-section-full_width elementor-section-height-default elementor-section-height-default\" data-id=\"17fa7fa\" data-element_type=\"section\" data-e-type=\"section\">\n\t\t\t\t\t\t<div class=\"elementor-container elementor-column-gap-default\">\n\t\t\t\t\t<div class=\"elementor-column elementor-col-100 elementor-top-column elementor-element elementor-element-dc353b1\" data-id=\"dc353b1\" data-element_type=\"column\" data-e-type=\"column\">\n\t\t\t<div class=\"elementor-widget-wrap elementor-element-populated\">\n\t\t\t\t\t\t<section class=\"elementor-section elementor-inner-section elementor-element elementor-element-93f1dd7 elementor-section-content-middle elementor-section-boxed elementor-section-height-default elementor-section-height-default\" data-id=\"93f1dd7\" data-element_type=\"section\" data-e-type=\"section\" data-settings=\"{&quot;background_background&quot;:&quot;classic&quot;}\">\n\t\t\t\t\t\t\t<div class=\"elementor-background-overlay\"><\/div>\n\t\t\t\t\t\t\t<div class=\"elementor-container elementor-column-gap-default\">\n\t\t\t\t\t<div class=\"elementor-column elementor-col-100 elementor-inner-column elementor-element elementor-element-4831ee3\" data-id=\"4831ee3\" data-element_type=\"column\" data-e-type=\"column\">\n\t\t\t<div class=\"elementor-widget-wrap elementor-element-populated\">\n\t\t\t\t\t\t<div class=\"elementor-element elementor-element-76c53db elementor-widget elementor-widget-heading\" data-id=\"76c53db\" data-element_type=\"widget\" data-e-type=\"widget\" data-widget_type=\"heading.default\">\n\t\t\t\t<div class=\"elementor-widget-container\">\n\t\t\t\t\t<h2 class=\"elementor-heading-title elementor-size-default\">Laveur de gaz de fum\u00e9e<\/h2>\t\t\t\t<\/div>\n\t\t\t\t<\/div>\n\t\t\t\t\t<\/div>\n\t\t<\/div>\n\t\t\t\t\t<\/div>\n\t\t<\/section>\n\t\t\t\t\t<\/div>\n\t\t<\/div>\n\t\t\t\t\t<\/div>\n\t\t<\/section>\n\t\t\t\t<section class=\"elementor-section elementor-top-section elementor-element elementor-element-73ec3e6 elementor-section-full_width elementor-section-height-default elementor-section-height-default\" data-id=\"73ec3e6\" data-element_type=\"section\" data-e-type=\"section\">\n\t\t\t\t\t\t<div class=\"elementor-container elementor-column-gap-default\">\n\t\t\t\t\t<div class=\"elementor-column elementor-col-100 elementor-top-column elementor-element elementor-element-e281619\" data-id=\"e281619\" data-element_type=\"column\" data-e-type=\"column\">\n\t\t\t<div class=\"elementor-widget-wrap elementor-element-populated\">\n\t\t\t\t\t\t<section class=\"elementor-section elementor-inner-section elementor-element elementor-element-427f949 elementor-section-boxed elementor-section-height-default elementor-section-height-default\" data-id=\"427f949\" data-element_type=\"section\" data-e-type=\"section\">\n\t\t\t\t\t\t<div class=\"elementor-container elementor-column-gap-default\">\n\t\t\t\t\t<div class=\"elementor-column elementor-col-50 elementor-inner-column elementor-element elementor-element-1ae7217\" data-id=\"1ae7217\" data-element_type=\"column\" data-e-type=\"column\">\n\t\t\t<div class=\"elementor-widget-wrap elementor-element-populated\">\n\t\t\t\t\t\t<div class=\"elementor-element elementor-element-61f06a7 elementor-widget__width-auto heaing_style_left elementor-widget elementor-widget-heading\" data-id=\"61f06a7\" data-element_type=\"widget\" data-e-type=\"widget\" data-widget_type=\"heading.default\">\n\t\t\t\t<div class=\"elementor-widget-container\">\n\t\t\t\t\t<h3 class=\"elementor-heading-title elementor-size-default\">Nettoyage des laveurs de fum\u00e9es avec HELAWAX HUM<\/h3>\t\t\t\t<\/div>\n\t\t\t\t<\/div>\n\t\t\t\t<div class=\"elementor-element elementor-element-64e6a18 elementor-widget elementor-widget-text-editor\" data-id=\"64e6a18\" data-element_type=\"widget\" data-e-type=\"widget\" data-widget_type=\"text-editor.default\">\n\t\t\t\t<div class=\"elementor-widget-container\">\n\t\t\t\t\t\t\t\t\t<div class=\"ce_text hacken last block\">\n<div class=\"ce_text first block\">\n<p>pendant le fonctionnement de l&rsquo;entreprise<\/p>\n<\/div>\n<div class=\"ce_text block\">\n<ul>\n<li>Nettoyage et dispersion de tous types de d\u00e9p\u00f4ts et d&rsquo;enduits<\/li>\n<li>Protection contre les nouveaux d\u00e9p\u00f4ts<\/li>\n<li>Dur\u00e9e de fonctionnement plus longue des laveurs<\/li>\n<li>\u00c9viter les arr\u00eats pour nettoyage<\/li>\n<li>moins de maintenance (buses \u00e0 jet annulaire, tuyaux, etc.)<\/li>\n<li>Respect des qualit\u00e9s des eaux us\u00e9es<\/li>\n<li>utilisation simple et sans probl\u00e8me<\/li>\n<li>faibles quantit\u00e9s de dosage<\/li>\n<\/ul>\n<p>Vous trouverez un rapport d&rsquo;exp\u00e9rience d\u00e9taill\u00e9 sur l&rsquo;utilisation d&rsquo;HELAWAX HUM dans une usine d&rsquo;incin\u00e9ration des d\u00e9chets sur notre<a href=\"https:\/\/www.fineamin.fr\/rauchgaswaesche\/\">site<\/a>&nbsp;<a href=\"https:\/\/www.fineamin.fr\/rauchgaswaesche\/\">R\u00e9f\u00e9rences<\/a>.<\/p>\n<\/div>\n<\/div>\t\t\t\t\t\t\t\t<\/div>\n\t\t\t\t<\/div>\n\t\t\t\t\t<\/div>\n\t\t<\/div>\n\t\t\t\t<div class=\"elementor-column elementor-col-50 elementor-inner-column elementor-element elementor-element-7c528ac\" data-id=\"7c528ac\" data-element_type=\"column\" data-e-type=\"column\">\n\t\t\t<div class=\"elementor-widget-wrap elementor-element-populated\">\n\t\t\t\t\t\t<div class=\"elementor-element elementor-element-d46bfc7 elementor-widget elementor-widget-jet-image-comparison\" data-id=\"d46bfc7\" data-element_type=\"widget\" data-e-type=\"widget\" data-settings=\"{&quot;slides_to_show&quot;:&quot;1&quot;}\" data-widget_type=\"jet-image-comparison.default\">\n\t\t\t\t<div class=\"elementor-widget-container\">\n\t\t\t\t\t<div class=\"elementor-jet-image-comparison jet-elements\"><div class=\"jet-image-comparison\">\n\t<div class=\"jet-image-comparison__instance elementor-slick-slider\" data-settings='{&quot;slidesToShow&quot;:{&quot;desktop&quot;:1},&quot;autoplaySpeed&quot;:5000,&quot;autoplay&quot;:true,&quot;pauseOnHover&quot;:false,&quot;speed&quot;:500,&quot;arrows&quot;:false,&quot;dots&quot;:true,&quot;slidesToScroll&quot;:1,&quot;prevArrow&quot;:&quot;.jet-image-comparison__prev-arrow-d46bfc7&quot;,&quot;nextArrow&quot;:&quot;.jet-image-comparison__next-arrow-d46bfc7&quot;,&quot;rtl&quot;:false}' dir=\"ltr\">\n<div class=\"jet-image-comparison__item\">\n\t<div class=\"jet-image-comparison__container jet-juxtapose\"\n\t\tdata-prev-icon=\"&lt;svg width=&quot;24&quot; height=&quot;24&quot; viewBox=&quot;0 0 24 24&quot; fill=&quot;none&quot; xmlns=&quot;http:\/\/www.w3.org\/2000\/svg&quot;&gt;&lt;path d=&quot;M14.425 5.9749L14.425 18.0249L8.39999 11.9999L14.425 5.9749Z&quot; fill=&quot;#0F172A&quot;\/&gt;&lt;\/svg&gt;\"\n\t\tdata-next-icon=\"&lt;svg width=&quot;24&quot; height=&quot;24&quot; viewBox=&quot;0 0 24 24&quot; fill=&quot;none&quot; xmlns=&quot;http:\/\/www.w3.org\/2000\/svg&quot;&gt;&lt;path d=&quot;M9.57501 18.0251V5.9751L15.6 12.0001L9.57501 18.0251Z&quot; fill=&quot;#0F172A&quot;\/&gt;&lt;\/svg&gt;\"\n\t\tdata-makeresponsive=\"true\"\n\t\tdata-startingposition=\"50%\">\n\t\t\n\t\t<img class=\"jet-image-comparison__before-image a3-notlazy\"\n\t\t\tsrc=\"https:\/\/www.fineamin.de\/wp-content\/uploads\/2024\/01\/Abgaswaescher-vor-Test-6.jpg\"\n\t\t\tdata-label=\"Avant\"\t\t\talt=\"Abgasw\u00e4scher vor Test 6\"\n\t\t\tdata-no-lazy=\"1\">\n\n\t\t<img class=\"jet-image-comparison__after-image a3-notlazy\"\n\t\t\tsrc=\"https:\/\/www.fineamin.de\/wp-content\/uploads\/2024\/01\/Abgaswaescher-nach-Test-6.jpg\"\n\t\t\tdata-label=\"Apr\u00e8s\"\t\t\talt=\"Abgasw\u00e4scher nach Test 6\"\n\t\t\tdata-no-lazy=\"1\">\n\t<\/div>\n<\/div>\n\n<\/div>\n<\/div>\n<\/div>\t\t\t\t<\/div>\n\t\t\t\t<\/div>\n\t\t\t\t\t<\/div>\n\t\t<\/div>\n\t\t\t\t\t<\/div>\n\t\t<\/section>\n\t\t\t\t\t<\/div>\n\t\t<\/div>\n\t\t\t\t\t<\/div>\n\t\t<\/section>\n\t\t\t\t<\/div>\n\t\t","protected":false},"excerpt":{"rendered":"<p>Laveur de gaz de fum\u00e9e Nettoyage des laveurs de fum\u00e9es avec HELAWAX HUM pendant le fonctionnement de l&rsquo;entreprise Nettoyage et dispersion de tous types de d\u00e9p\u00f4ts et d&rsquo;enduits Protection contre les nouveaux d\u00e9p\u00f4ts Dur\u00e9e de fonctionnement plus longue des laveurs \u00c9viter les arr\u00eats pour nettoyage moins de maintenance (buses \u00e0 jet annulaire, tuyaux, etc.) Respect [&hellip;]<\/p>\n","protected":false},"author":4,"featured_media":0,"parent":0,"menu_order":0,"comment_status":"closed","ping_status":"closed","template":"elementor_header_footer","meta":{"footnotes":""},"class_list":["post-3681","page","type-page","status-publish","hentry"],"yoast_head":"<!-- This site is optimized with the Yoast SEO plugin v27.3 - https:\/\/yoast.com\/product\/yoast-seo-wordpress\/ -->\n<title>Laveur de gaz de fum\u00e9e - CWB Wasserbehandlung<\/title>\n<meta name=\"description\" content=\"HELAWAX permet de nettoyer les \u00e9purateurs de fum\u00e9e pendant leur fonctionnement. Dispersion et protection contre les d\u00e9p\u00f4ts et l&#039;encrassement\" \/>\n<meta name=\"robots\" content=\"index, follow, max-snippet:-1, max-image-preview:large, max-video-preview:-1\" \/>\n<link rel=\"canonical\" href=\"https:\/\/www.fineamin.de\/reinigung-von-rauchgaswaschern\/\" \/>\n<meta property=\"og:locale\" content=\"fr_FR\" \/>\n<meta property=\"og:type\" content=\"article\" \/>\n<meta property=\"og:title\" content=\"Laveur de gaz de fum\u00e9e - CWB Wasserbehandlung\" \/>\n<meta property=\"og:description\" content=\"HELAWAX permet de nettoyer les \u00e9purateurs de fum\u00e9e pendant leur fonctionnement. Dispersion et protection contre les d\u00e9p\u00f4ts et l&#039;encrassement\" \/>\n<meta property=\"og:url\" content=\"https:\/\/www.fineamin.de\/reinigung-von-rauchgaswaschern\/\" \/>\n<meta property=\"og:site_name\" content=\"CWB Wasserbehandlung\" \/>\n<meta property=\"article:modified_time\" content=\"2024-07-15T11:24:52+00:00\" \/>\n<meta property=\"og:image\" content=\"https:\/\/www.fineamin.de\/wp-content\/uploads\/2024\/01\/Abgaswaescher-vor-Test-6.jpg\" \/>\n<meta name=\"twitter:card\" content=\"summary_large_image\" \/>\n<meta name=\"twitter:label1\" content=\"Dur\u00e9e de lecture estim\u00e9e\" \/>\n\t<meta name=\"twitter:data1\" content=\"1 minute\" \/>\n<script type=\"application\/ld+json\" class=\"yoast-schema-graph\">{\"@context\":\"https:\\\/\\\/schema.org\",\"@graph\":[{\"@type\":\"WebPage\",\"@id\":\"https:\\\/\\\/www.fineamin.de\\\/reinigung-von-rauchgaswaschern\\\/\",\"url\":\"https:\\\/\\\/www.fineamin.de\\\/reinigung-von-rauchgaswaschern\\\/\",\"name\":\"Laveur de gaz de fum\u00e9e - CWB Wasserbehandlung\",\"isPartOf\":{\"@id\":\"https:\\\/\\\/www.fineamin.de\\\/#website\"},\"primaryImageOfPage\":{\"@id\":\"https:\\\/\\\/www.fineamin.de\\\/reinigung-von-rauchgaswaschern\\\/#primaryimage\"},\"image\":{\"@id\":\"https:\\\/\\\/www.fineamin.de\\\/reinigung-von-rauchgaswaschern\\\/#primaryimage\"},\"thumbnailUrl\":\"https:\\\/\\\/www.fineamin.de\\\/wp-content\\\/uploads\\\/2024\\\/01\\\/Abgaswaescher-vor-Test-6.jpg\",\"datePublished\":\"2023-06-06T07:04:19+00:00\",\"dateModified\":\"2024-07-15T11:24:52+00:00\",\"description\":\"HELAWAX permet de nettoyer les \u00e9purateurs de fum\u00e9e pendant leur fonctionnement. Dispersion et protection contre les d\u00e9p\u00f4ts et l'encrassement\",\"breadcrumb\":{\"@id\":\"https:\\\/\\\/www.fineamin.de\\\/reinigung-von-rauchgaswaschern\\\/#breadcrumb\"},\"inLanguage\":\"fr-FR\",\"potentialAction\":[{\"@type\":\"ReadAction\",\"target\":[\"https:\\\/\\\/www.fineamin.de\\\/reinigung-von-rauchgaswaschern\\\/\"]}]},{\"@type\":\"ImageObject\",\"inLanguage\":\"fr-FR\",\"@id\":\"https:\\\/\\\/www.fineamin.de\\\/reinigung-von-rauchgaswaschern\\\/#primaryimage\",\"url\":\"https:\\\/\\\/www.fineamin.de\\\/wp-content\\\/uploads\\\/2024\\\/01\\\/Abgaswaescher-vor-Test-6.jpg\",\"contentUrl\":\"https:\\\/\\\/www.fineamin.de\\\/wp-content\\\/uploads\\\/2024\\\/01\\\/Abgaswaescher-vor-Test-6.jpg\"},{\"@type\":\"BreadcrumbList\",\"@id\":\"https:\\\/\\\/www.fineamin.de\\\/reinigung-von-rauchgaswaschern\\\/#breadcrumb\",\"itemListElement\":[{\"@type\":\"ListItem\",\"position\":1,\"name\":\"Home\",\"item\":\"https:\\\/\\\/www.fineamin.de\\\/\"},{\"@type\":\"ListItem\",\"position\":2,\"name\":\"Laveur de gaz de fum\u00e9e\"}]},{\"@type\":\"WebSite\",\"@id\":\"https:\\\/\\\/www.fineamin.de\\\/#website\",\"url\":\"https:\\\/\\\/www.fineamin.de\\\/\",\"name\":\"CWB Wasserbehandlung\",\"description\":\"Chemikalien zur Wasserbehandlung\",\"publisher\":{\"@id\":\"https:\\\/\\\/www.fineamin.de\\\/#organization\"},\"potentialAction\":[{\"@type\":\"SearchAction\",\"target\":{\"@type\":\"EntryPoint\",\"urlTemplate\":\"https:\\\/\\\/www.fineamin.de\\\/?s={search_term_string}\"},\"query-input\":{\"@type\":\"PropertyValueSpecification\",\"valueRequired\":true,\"valueName\":\"search_term_string\"}}],\"inLanguage\":\"fr-FR\"},{\"@type\":\"Organization\",\"@id\":\"https:\\\/\\\/www.fineamin.de\\\/#organization\",\"name\":\"CWB Wasserbehandlung\",\"url\":\"https:\\\/\\\/www.fineamin.de\\\/\",\"logo\":{\"@type\":\"ImageObject\",\"inLanguage\":\"fr-FR\",\"@id\":\"https:\\\/\\\/www.fineamin.de\\\/#\\\/schema\\\/logo\\\/image\\\/\",\"url\":\"https:\\\/\\\/www.fineamin.de\\\/wp-content\\\/uploads\\\/2022\\\/10\\\/Logo.png\",\"contentUrl\":\"https:\\\/\\\/www.fineamin.de\\\/wp-content\\\/uploads\\\/2022\\\/10\\\/Logo.png\",\"width\":251,\"height\":181,\"caption\":\"CWB Wasserbehandlung\"},\"image\":{\"@id\":\"https:\\\/\\\/www.fineamin.de\\\/#\\\/schema\\\/logo\\\/image\\\/\"}}]}<\/script>\n<!-- \/ Yoast SEO plugin. -->","yoast_head_json":{"title":"Laveur de gaz de fum\u00e9e - CWB Wasserbehandlung","description":"HELAWAX permet de nettoyer les \u00e9purateurs de fum\u00e9e pendant leur fonctionnement. Dispersion et protection contre les d\u00e9p\u00f4ts et l'encrassement","robots":{"index":"index","follow":"follow","max-snippet":"max-snippet:-1","max-image-preview":"max-image-preview:large","max-video-preview":"max-video-preview:-1"},"canonical":"https:\/\/www.fineamin.de\/reinigung-von-rauchgaswaschern\/","og_locale":"fr_FR","og_type":"article","og_title":"Laveur de gaz de fum\u00e9e - CWB Wasserbehandlung","og_description":"HELAWAX permet de nettoyer les \u00e9purateurs de fum\u00e9e pendant leur fonctionnement. Dispersion et protection contre les d\u00e9p\u00f4ts et l'encrassement","og_url":"https:\/\/www.fineamin.de\/reinigung-von-rauchgaswaschern\/","og_site_name":"CWB Wasserbehandlung","article_modified_time":"2024-07-15T11:24:52+00:00","og_image":[{"url":"https:\/\/www.fineamin.de\/wp-content\/uploads\/2024\/01\/Abgaswaescher-vor-Test-6.jpg","type":"","width":"","height":""}],"twitter_card":"summary_large_image","twitter_misc":{"Dur\u00e9e de lecture estim\u00e9e":"1 minute"},"schema":{"@context":"https:\/\/schema.org","@graph":[{"@type":"WebPage","@id":"https:\/\/www.fineamin.de\/reinigung-von-rauchgaswaschern\/","url":"https:\/\/www.fineamin.de\/reinigung-von-rauchgaswaschern\/","name":"Laveur de gaz de fum\u00e9e - CWB Wasserbehandlung","isPartOf":{"@id":"https:\/\/www.fineamin.de\/#website"},"primaryImageOfPage":{"@id":"https:\/\/www.fineamin.de\/reinigung-von-rauchgaswaschern\/#primaryimage"},"image":{"@id":"https:\/\/www.fineamin.de\/reinigung-von-rauchgaswaschern\/#primaryimage"},"thumbnailUrl":"https:\/\/www.fineamin.de\/wp-content\/uploads\/2024\/01\/Abgaswaescher-vor-Test-6.jpg","datePublished":"2023-06-06T07:04:19+00:00","dateModified":"2024-07-15T11:24:52+00:00","description":"HELAWAX permet de nettoyer les \u00e9purateurs de fum\u00e9e pendant leur fonctionnement. Dispersion et protection contre les d\u00e9p\u00f4ts et l'encrassement","breadcrumb":{"@id":"https:\/\/www.fineamin.de\/reinigung-von-rauchgaswaschern\/#breadcrumb"},"inLanguage":"fr-FR","potentialAction":[{"@type":"ReadAction","target":["https:\/\/www.fineamin.de\/reinigung-von-rauchgaswaschern\/"]}]},{"@type":"ImageObject","inLanguage":"fr-FR","@id":"https:\/\/www.fineamin.de\/reinigung-von-rauchgaswaschern\/#primaryimage","url":"https:\/\/www.fineamin.de\/wp-content\/uploads\/2024\/01\/Abgaswaescher-vor-Test-6.jpg","contentUrl":"https:\/\/www.fineamin.de\/wp-content\/uploads\/2024\/01\/Abgaswaescher-vor-Test-6.jpg"},{"@type":"BreadcrumbList","@id":"https:\/\/www.fineamin.de\/reinigung-von-rauchgaswaschern\/#breadcrumb","itemListElement":[{"@type":"ListItem","position":1,"name":"Home","item":"https:\/\/www.fineamin.de\/"},{"@type":"ListItem","position":2,"name":"Laveur de gaz de fum\u00e9e"}]},{"@type":"WebSite","@id":"https:\/\/www.fineamin.de\/#website","url":"https:\/\/www.fineamin.de\/","name":"CWB Wasserbehandlung","description":"Chemikalien zur Wasserbehandlung","publisher":{"@id":"https:\/\/www.fineamin.de\/#organization"},"potentialAction":[{"@type":"SearchAction","target":{"@type":"EntryPoint","urlTemplate":"https:\/\/www.fineamin.de\/?s={search_term_string}"},"query-input":{"@type":"PropertyValueSpecification","valueRequired":true,"valueName":"search_term_string"}}],"inLanguage":"fr-FR"},{"@type":"Organization","@id":"https:\/\/www.fineamin.de\/#organization","name":"CWB Wasserbehandlung","url":"https:\/\/www.fineamin.de\/","logo":{"@type":"ImageObject","inLanguage":"fr-FR","@id":"https:\/\/www.fineamin.de\/#\/schema\/logo\/image\/","url":"https:\/\/www.fineamin.de\/wp-content\/uploads\/2022\/10\/Logo.png","contentUrl":"https:\/\/www.fineamin.de\/wp-content\/uploads\/2022\/10\/Logo.png","width":251,"height":181,"caption":"CWB Wasserbehandlung"},"image":{"@id":"https:\/\/www.fineamin.de\/#\/schema\/logo\/image\/"}}]}},"_links":{"self":[{"href":"https:\/\/www.fineamin.de\/fr\/wp-json\/wp\/v2\/pages\/3681","targetHints":{"allow":["GET"]}}],"collection":[{"href":"https:\/\/www.fineamin.de\/fr\/wp-json\/wp\/v2\/pages"}],"about":[{"href":"https:\/\/www.fineamin.de\/fr\/wp-json\/wp\/v2\/types\/page"}],"author":[{"embeddable":true,"href":"https:\/\/www.fineamin.de\/fr\/wp-json\/wp\/v2\/users\/4"}],"replies":[{"embeddable":true,"href":"https:\/\/www.fineamin.de\/fr\/wp-json\/wp\/v2\/comments?post=3681"}],"version-history":[{"count":10,"href":"https:\/\/www.fineamin.de\/fr\/wp-json\/wp\/v2\/pages\/3681\/revisions"}],"predecessor-version":[{"id":6140,"href":"https:\/\/www.fineamin.de\/fr\/wp-json\/wp\/v2\/pages\/3681\/revisions\/6140"}],"wp:attachment":[{"href":"https:\/\/www.fineamin.de\/fr\/wp-json\/wp\/v2\/media?parent=3681"}],"curies":[{"name":"wp","href":"https:\/\/api.w.org\/{rel}","templated":true}]}}