{"id":3410,"date":"2023-06-06T11:34:54","date_gmt":"2023-06-06T09:34:54","guid":{"rendered":"https:\/\/www.fineamin.de\/wascherei_reinigungs_praxis\/"},"modified":"2023-07-27T09:36:28","modified_gmt":"2023-07-27T07:36:28","slug":"wascherei_reinigungs_praxis","status":"publish","type":"page","link":"https:\/\/www.fineamin.de\/fr\/wascherei_reinigungs_praxis\/","title":{"rendered":"W\u00e4scherei + Reinigungs Praxis &#8211; Artikel in der WRP 09\/2016"},"content":{"rendered":"\t\t<div data-elementor-type=\"wp-page\" data-elementor-id=\"3410\" class=\"elementor elementor-3410 elementor-1052\" data-elementor-post-type=\"page\">\n\t\t\t\t\t\t<section class=\"elementor-section elementor-top-section elementor-element elementor-element-92ef37d elementor-section-full_width elementor-section-height-default elementor-section-height-default\" data-id=\"92ef37d\" data-element_type=\"section\" data-e-type=\"section\">\n\t\t\t\t\t\t<div class=\"elementor-container elementor-column-gap-default\">\n\t\t\t\t\t<div class=\"elementor-column elementor-col-100 elementor-top-column elementor-element elementor-element-78fb95d\" data-id=\"78fb95d\" data-element_type=\"column\" data-e-type=\"column\">\n\t\t\t<div class=\"elementor-widget-wrap elementor-element-populated\">\n\t\t\t\t\t\t<section class=\"elementor-section elementor-inner-section elementor-element elementor-element-5532317 elementor-section-content-middle elementor-section-boxed elementor-section-height-default elementor-section-height-default\" data-id=\"5532317\" data-element_type=\"section\" data-e-type=\"section\" data-settings=\"{&quot;background_background&quot;:&quot;classic&quot;}\">\n\t\t\t\t\t\t\t<div class=\"elementor-background-overlay\"><\/div>\n\t\t\t\t\t\t\t<div class=\"elementor-container elementor-column-gap-default\">\n\t\t\t\t\t<div class=\"elementor-column elementor-col-100 elementor-inner-column elementor-element elementor-element-26591c1\" data-id=\"26591c1\" data-element_type=\"column\" data-e-type=\"column\">\n\t\t\t<div class=\"elementor-widget-wrap elementor-element-populated\">\n\t\t\t\t\t\t<div class=\"elementor-element elementor-element-64420a2 elementor-widget elementor-widget-heading\" data-id=\"64420a2\" data-element_type=\"widget\" data-e-type=\"widget\" data-widget_type=\"heading.default\">\n\t\t\t\t<div class=\"elementor-widget-container\">\n\t\t\t\t\t<h2 class=\"elementor-heading-title elementor-size-default\">Lessive + pratique de nettoyage - article dans WRP 09\/2016<\/h2>\t\t\t\t<\/div>\n\t\t\t\t<\/div>\n\t\t\t\t\t<\/div>\n\t\t<\/div>\n\t\t\t\t\t<\/div>\n\t\t<\/section>\n\t\t\t\t\t<\/div>\n\t\t<\/div>\n\t\t\t\t\t<\/div>\n\t\t<\/section>\n\t\t\t\t<section class=\"elementor-section elementor-top-section elementor-element elementor-element-7142cf0 elementor-reverse-mobile elementor-section-boxed elementor-section-height-default elementor-section-height-default\" data-id=\"7142cf0\" data-element_type=\"section\" data-e-type=\"section\">\n\t\t\t\t\t\t<div class=\"elementor-container elementor-column-gap-default\">\n\t\t\t\t\t<div class=\"elementor-column elementor-col-100 elementor-top-column elementor-element elementor-element-3ded5bb\" data-id=\"3ded5bb\" data-element_type=\"column\" data-e-type=\"column\">\n\t\t\t<div class=\"elementor-widget-wrap elementor-element-populated\">\n\t\t\t\t\t\t<div class=\"elementor-element elementor-element-6b2fb84 elementor-widget elementor-widget-heading\" data-id=\"6b2fb84\" data-element_type=\"widget\" data-e-type=\"widget\" data-widget_type=\"heading.default\">\n\t\t\t\t<div class=\"elementor-widget-container\">\n\t\t\t\t\t<h2 class=\"elementor-heading-title elementor-size-default\">La qualit\u00e9 de l'eau compte aussi lorsqu'il s'agit d'\u00e9conomiser de l'\u00e9nergie<\/h2>\t\t\t\t<\/div>\n\t\t\t\t<\/div>\n\t\t\t\t<div class=\"elementor-element elementor-element-ad89fff elementor-widget elementor-widget-text-editor\" data-id=\"ad89fff\" data-element_type=\"widget\" data-e-type=\"widget\" data-widget_type=\"text-editor.default\">\n\t\t\t\t<div class=\"elementor-widget-container\">\n\t\t\t\t\t\t\t\t\t<p>Pour que le syst\u00e8me de chaudi\u00e8re d&rsquo;une blanchisserie puisse fonctionner de mani\u00e8re \u00e9conome en \u00e9nergie et respectueuse de l&rsquo;environnement, la qualit\u00e9 de l&rsquo;eau doit \u00e9galement r\u00e9pondre aux exigences du processus.<\/p><p>CWB Wassertreatment GmbH \u00e0 Berlin conseille les entreprises d&rsquo;entretien des textiles sur toutes les questions relatives au cycle eau-vapeur et aide \u00e0 lutter contre la corrosion et les d\u00e9p\u00f4ts.\u00a0<\/p>\t\t\t\t\t\t\t\t<\/div>\n\t\t\t\t<\/div>\n\t\t\t\t<div class=\"elementor-element elementor-element-7c5d439 elementor-widget elementor-widget-image\" data-id=\"7c5d439\" data-element_type=\"widget\" data-e-type=\"widget\" data-widget_type=\"image.default\">\n\t\t\t\t<div class=\"elementor-widget-container\">\n\t\t\t\t\t\t\t\t\t\t\t\t\t\t\t<img fetchpriority=\"high\" decoding=\"async\" width=\"1300\" height=\"1022\" src=\"https:\/\/www.fineamin.de\/wp-content\/uploads\/2023\/06\/alamy-1686578164.jpg\" class=\"attachment-full size-full wp-image-2376\" alt=\"\" srcset=\"https:\/\/www.fineamin.de\/wp-content\/uploads\/2023\/06\/alamy-1686578164.jpg 1300w, https:\/\/www.fineamin.de\/wp-content\/uploads\/2023\/06\/alamy-1686578164-300x236.jpg 300w, https:\/\/www.fineamin.de\/wp-content\/uploads\/2023\/06\/alamy-1686578164-1024x805.jpg 1024w, https:\/\/www.fineamin.de\/wp-content\/uploads\/2023\/06\/alamy-1686578164-768x604.jpg 768w\" sizes=\"(max-width: 1300px) 100vw, 1300px\" \/>\t\t\t\t\t\t\t\t\t\t\t\t\t\t\t<\/div>\n\t\t\t\t<\/div>\n\t\t\t\t<div class=\"elementor-element elementor-element-472d6f2 elementor-widget elementor-widget-text-editor\" data-id=\"472d6f2\" data-element_type=\"widget\" data-e-type=\"widget\" data-widget_type=\"text-editor.default\">\n\t\t\t\t<div class=\"elementor-widget-container\">\n\t\t\t\t\t\t\t\t\t<p>Les d\u00e9p\u00f4ts typiques dans les g\u00e9n\u00e9rateurs de vapeur de blanchisserie sont des d\u00e9p\u00f4ts de tartre. Ceux-ci sont g\u00e9n\u00e9ralement caus\u00e9s par des dysfonctionnements du syst\u00e8me d&rsquo;adoucissement. Le fonctionnement du syst\u00e8me de chaudi\u00e8re avec de l&rsquo;eau adoucie est une condition de base pour un fonctionnement \u00e9conome en \u00e9nergie, sans probl\u00e8me et sans dommage. La corrosion ou les d\u00e9p\u00f4ts dans le syst\u00e8me de vapeur endommagent le syst\u00e8me lui-m\u00eame, ce qui peut endommager la chaudi\u00e8re. La corrosion, par exemple dans la zone de l&rsquo;eau d&rsquo;alimentation, de la vapeur ou du condensat, entra\u00eene \u00e9galement des co\u00fbts de maintenance et de r\u00e9paration \u00e9lev\u00e9s. Les produits de corrosion peuvent affecter n\u00e9gativement la qualit\u00e9 du processus de lavage, les d\u00e9p\u00f4ts dans le g\u00e9n\u00e9rateur de vapeur entra\u00eenent une consommation d&rsquo;\u00e9nergie plus \u00e9lev\u00e9e et des co\u00fbts \u00e9lev\u00e9s pour le nettoyage chimique de la chaudi\u00e8re. Lorsque des d\u00e9p\u00f4ts de tartre se forment dans le g\u00e9n\u00e9rateur de vapeur, le transfert de chaleur entre le m\u00e9tal et l&rsquo;eau est entrav\u00e9. Cela signifie que plus d&rsquo;\u00e9nergie doit \u00eatre utilis\u00e9e pour produire de la vapeur.<\/p><div class=\"ce_text block\"><p>En utilisant les produits FINEAMIN pour le traitement de l&rsquo;eau, de tels d\u00e9p\u00f4ts peuvent \u00eatre \u00e9vit\u00e9s et les d\u00e9p\u00f4ts existants peuvent \u00eatre \u00e9limin\u00e9s pendant le fonctionnement. Contrairement aux produits chimiques de dosage conventionnels (par exemple phosphate, sulfite, soude caustique), FINEAMIN n&rsquo;augmente pas la teneur en sel de l&rsquo;eau de chaudi\u00e8re. Ainsi, en modifiant le traitement de l&rsquo;eau, la purge et le dessalement du g\u00e9n\u00e9rateur de vapeur peuvent g\u00e9n\u00e9ralement \u00eatre consid\u00e9rablement r\u00e9duits. Cela permet \u00e9galement de r\u00e9duire les co\u00fbts de l&rsquo;eau, des eaux us\u00e9es et de l&rsquo;\u00e9nergie.<\/p><p>En fonction du syst\u00e8me de chaudi\u00e8re, du traitement de l&rsquo;eau et de la qualit\u00e9 de l&rsquo;eau dans le syst\u00e8me, CWB Wassertreatment GmbH propose FINEAMIN comme solution sur mesure. Tous les autres produits chimiques de dosage peuvent \u00eatre remplac\u00e9s par la combinaison de diff\u00e9rentes amines, polyamines et polyacrylates organiques sans sel. En r\u00e8gle g\u00e9n\u00e9rale, les blanchisseries n&rsquo;ont besoin que d&rsquo;un seul produit combin\u00e9 qui prot\u00e8ge l&rsquo;ensemble du syst\u00e8me eau-vapeur contre la corrosion et les d\u00e9p\u00f4ts.<\/p><p>FINEAMIN fournit l&rsquo;alcalinit\u00e9 protectrice n\u00e9cessaire dans le syst\u00e8me, \u00e9limine en douceur les d\u00e9p\u00f4ts de duret\u00e9 et d&rsquo;oxyde de fer existants, stabilise la duret\u00e9 r\u00e9siduelle et lie l&rsquo;oxyg\u00e8ne r\u00e9siduel dans le syst\u00e8me. Une excellente protection contre la corrosion est obtenue principalement gr\u00e2ce aux ingr\u00e9dients tensioactifs, qui ont un effet inhibiteur sur les surfaces m\u00e9talliques. \u00c9tant donn\u00e9 que de nombreux produits FINEAMIN sont volatils \u00e0 la vapeur, cette protection contre la corrosion fonctionne \u00e9galement dans toute la zone de vapeur et de condensat.<\/p><\/div><div class=\"ce_text dernier bloc\"><p>Les produits sont sans sel et ne contiennent pas de phosphates nocifs pour l&rsquo;environnement. Le produit concentr\u00e9 est jusqu&rsquo;\u00e0 70 % biod\u00e9gradable, c&rsquo;est-\u00e0-dire que l&rsquo;eau de chaudi\u00e8re trait\u00e9e avec FINEAMIN peut \u00eatre \u00e9vacu\u00e9e sans probl\u00e8me dans les \u00e9gouts. Il n&rsquo;y a pas de r\u00e8gles particuli\u00e8res de stockage et de dosage. Les produits FINEAMIN ont \u00e9t\u00e9 test\u00e9s par des instituts d&rsquo;hygi\u00e8ne selon DIN EN 1988-100 et DIN EN 1717 et sont homologu\u00e9s pour une utilisation dans les syst\u00e8mes de chauffage urbain et de chauffage pour le chauffage de l&rsquo;eau potable.<\/p><p>CWB Wassertreatment GmbH propose non seulement des produits pour le traitement de l&rsquo;eau, mais \u00e9galement un service client \u00e9tendu. L&rsquo;assistance client comprend, entre autres, des analyses d&rsquo;eau r\u00e9guli\u00e8res sur site avec des v\u00e9hicules de laboratoire, la v\u00e9rification de la technologie de traitement et de dosage de l&rsquo;eau et des conseils d&rsquo;experts dans le domaine du traitement de l&rsquo;eau et du conditionnement de l&rsquo;eau des syst\u00e8mes de chaudi\u00e8res \u00e0 vapeur.<\/p><\/div>\t\t\t\t\t\t\t\t<\/div>\n\t\t\t\t<\/div>\n\t\t\t\t<div class=\"elementor-element elementor-element-8bd9d69 elementor-widget elementor-widget-button\" data-id=\"8bd9d69\" data-element_type=\"widget\" data-e-type=\"widget\" data-widget_type=\"button.default\">\n\t\t\t\t<div class=\"elementor-widget-container\">\n\t\t\t\t\t\t\t\t\t<div class=\"elementor-button-wrapper\">\n\t\t\t\t\t<a class=\"elementor-button elementor-button-link elementor-size-sm\" href=\"https:\/\/www.fineamin.de\/fr\/kontakt\/\">\n\t\t\t\t\t\t<span class=\"elementor-button-content-wrapper\">\n\t\t\t\t\t\t\t\t\t<span class=\"elementor-button-text\">demander un devis<\/span>\n\t\t\t\t\t<\/span>\n\t\t\t\t\t<\/a>\n\t\t\t\t<\/div>\n\t\t\t\t\t\t\t\t<\/div>\n\t\t\t\t<\/div>\n\t\t\t\t\t<\/div>\n\t\t<\/div>\n\t\t\t\t\t<\/div>\n\t\t<\/section>\n\t\t\t\t<\/div>\n\t\t","protected":false},"excerpt":{"rendered":"<p>Lessive + pratique de nettoyage &#8211; article dans WRP 09\/2016 La qualit\u00e9 de l&rsquo;eau compte aussi lorsqu&rsquo;il s&rsquo;agit d&rsquo;\u00e9conomiser de l&rsquo;\u00e9nergie Pour que le syst\u00e8me de chaudi\u00e8re d&rsquo;une blanchisserie puisse fonctionner de mani\u00e8re \u00e9conome en \u00e9nergie et respectueuse de l&rsquo;environnement, la qualit\u00e9 de l&rsquo;eau doit \u00e9galement r\u00e9pondre aux exigences du processus. CWB Wassertreatment GmbH \u00e0 [&hellip;]<\/p>\n","protected":false},"author":4,"featured_media":0,"parent":0,"menu_order":0,"comment_status":"closed","ping_status":"closed","template":"elementor_header_footer","meta":{"footnotes":""},"class_list":["post-3410","page","type-page","status-publish","hentry"],"yoast_head":"<!-- This site is optimized with the Yoast SEO plugin v27.3 - https:\/\/yoast.com\/product\/yoast-seo-wordpress\/ -->\n<title>W\u00e4scherei + Reinigungs Praxis - Artikel in der WRP 09\/2016 - CWB Wasserbehandlung<\/title>\n<meta name=\"robots\" content=\"index, follow, max-snippet:-1, max-image-preview:large, max-video-preview:-1\" \/>\n<link rel=\"canonical\" href=\"https:\/\/www.fineamin.de\/wascherei_reinigungs_praxis\/\" \/>\n<meta property=\"og:locale\" content=\"fr_FR\" \/>\n<meta property=\"og:type\" content=\"article\" \/>\n<meta property=\"og:title\" content=\"W\u00e4scherei + Reinigungs Praxis - Artikel in der WRP 09\/2016 - CWB Wasserbehandlung\" \/>\n<meta property=\"og:description\" content=\"Lessive + pratique de nettoyage &#8211; article dans WRP 09\/2016 La qualit\u00e9 de l&rsquo;eau compte aussi lorsqu&rsquo;il s&rsquo;agit d&rsquo;\u00e9conomiser de l&rsquo;\u00e9nergie Pour que le syst\u00e8me de chaudi\u00e8re d&rsquo;une blanchisserie puisse fonctionner de mani\u00e8re \u00e9conome en \u00e9nergie et respectueuse de l&rsquo;environnement, la qualit\u00e9 de l&rsquo;eau doit \u00e9galement r\u00e9pondre aux exigences du processus. CWB Wassertreatment GmbH \u00e0 [&hellip;]\" \/>\n<meta property=\"og:url\" content=\"https:\/\/www.fineamin.de\/wascherei_reinigungs_praxis\/\" \/>\n<meta property=\"og:site_name\" content=\"CWB Wasserbehandlung\" \/>\n<meta property=\"article:modified_time\" content=\"2023-07-27T07:36:28+00:00\" \/>\n<meta property=\"og:image\" content=\"https:\/\/www.fineamin.de\/wp-content\/uploads\/2023\/06\/alamy-1686578164.jpg\" \/>\n<meta name=\"twitter:card\" content=\"summary_large_image\" \/>\n<meta name=\"twitter:label1\" content=\"Dur\u00e9e de lecture estim\u00e9e\" \/>\n\t<meta name=\"twitter:data1\" content=\"4 minutes\" \/>\n<script type=\"application\/ld+json\" class=\"yoast-schema-graph\">{\"@context\":\"https:\\\/\\\/schema.org\",\"@graph\":[{\"@type\":\"WebPage\",\"@id\":\"https:\\\/\\\/www.fineamin.de\\\/wascherei_reinigungs_praxis\\\/\",\"url\":\"https:\\\/\\\/www.fineamin.de\\\/wascherei_reinigungs_praxis\\\/\",\"name\":\"W\u00e4scherei + Reinigungs Praxis - Artikel in der WRP 09\\\/2016 - CWB Wasserbehandlung\",\"isPartOf\":{\"@id\":\"https:\\\/\\\/www.fineamin.de\\\/#website\"},\"primaryImageOfPage\":{\"@id\":\"https:\\\/\\\/www.fineamin.de\\\/wascherei_reinigungs_praxis\\\/#primaryimage\"},\"image\":{\"@id\":\"https:\\\/\\\/www.fineamin.de\\\/wascherei_reinigungs_praxis\\\/#primaryimage\"},\"thumbnailUrl\":\"https:\\\/\\\/www.fineamin.de\\\/wp-content\\\/uploads\\\/2023\\\/06\\\/alamy-1686578164.jpg\",\"datePublished\":\"2023-06-06T09:34:54+00:00\",\"dateModified\":\"2023-07-27T07:36:28+00:00\",\"breadcrumb\":{\"@id\":\"https:\\\/\\\/www.fineamin.de\\\/wascherei_reinigungs_praxis\\\/#breadcrumb\"},\"inLanguage\":\"fr-FR\",\"potentialAction\":[{\"@type\":\"ReadAction\",\"target\":[\"https:\\\/\\\/www.fineamin.de\\\/wascherei_reinigungs_praxis\\\/\"]}]},{\"@type\":\"ImageObject\",\"inLanguage\":\"fr-FR\",\"@id\":\"https:\\\/\\\/www.fineamin.de\\\/wascherei_reinigungs_praxis\\\/#primaryimage\",\"url\":\"https:\\\/\\\/www.fineamin.de\\\/wp-content\\\/uploads\\\/2023\\\/06\\\/alamy-1686578164.jpg\",\"contentUrl\":\"https:\\\/\\\/www.fineamin.de\\\/wp-content\\\/uploads\\\/2023\\\/06\\\/alamy-1686578164.jpg\"},{\"@type\":\"BreadcrumbList\",\"@id\":\"https:\\\/\\\/www.fineamin.de\\\/wascherei_reinigungs_praxis\\\/#breadcrumb\",\"itemListElement\":[{\"@type\":\"ListItem\",\"position\":1,\"name\":\"Home\",\"item\":\"https:\\\/\\\/www.fineamin.de\\\/\"},{\"@type\":\"ListItem\",\"position\":2,\"name\":\"W\u00e4scherei + Reinigungs Praxis &#8211; Artikel in der WRP 09\\\/2016\"}]},{\"@type\":\"WebSite\",\"@id\":\"https:\\\/\\\/www.fineamin.de\\\/#website\",\"url\":\"https:\\\/\\\/www.fineamin.de\\\/\",\"name\":\"CWB Wasserbehandlung\",\"description\":\"Chemikalien zur Wasserbehandlung\",\"publisher\":{\"@id\":\"https:\\\/\\\/www.fineamin.de\\\/#organization\"},\"potentialAction\":[{\"@type\":\"SearchAction\",\"target\":{\"@type\":\"EntryPoint\",\"urlTemplate\":\"https:\\\/\\\/www.fineamin.de\\\/?s={search_term_string}\"},\"query-input\":{\"@type\":\"PropertyValueSpecification\",\"valueRequired\":true,\"valueName\":\"search_term_string\"}}],\"inLanguage\":\"fr-FR\"},{\"@type\":\"Organization\",\"@id\":\"https:\\\/\\\/www.fineamin.de\\\/#organization\",\"name\":\"CWB Wasserbehandlung\",\"url\":\"https:\\\/\\\/www.fineamin.de\\\/\",\"logo\":{\"@type\":\"ImageObject\",\"inLanguage\":\"fr-FR\",\"@id\":\"https:\\\/\\\/www.fineamin.de\\\/#\\\/schema\\\/logo\\\/image\\\/\",\"url\":\"https:\\\/\\\/www.fineamin.de\\\/wp-content\\\/uploads\\\/2022\\\/10\\\/Logo.png\",\"contentUrl\":\"https:\\\/\\\/www.fineamin.de\\\/wp-content\\\/uploads\\\/2022\\\/10\\\/Logo.png\",\"width\":251,\"height\":181,\"caption\":\"CWB Wasserbehandlung\"},\"image\":{\"@id\":\"https:\\\/\\\/www.fineamin.de\\\/#\\\/schema\\\/logo\\\/image\\\/\"}}]}<\/script>\n<!-- \/ Yoast SEO plugin. -->","yoast_head_json":{"title":"W\u00e4scherei + Reinigungs Praxis - Artikel in der WRP 09\/2016 - CWB Wasserbehandlung","robots":{"index":"index","follow":"follow","max-snippet":"max-snippet:-1","max-image-preview":"max-image-preview:large","max-video-preview":"max-video-preview:-1"},"canonical":"https:\/\/www.fineamin.de\/wascherei_reinigungs_praxis\/","og_locale":"fr_FR","og_type":"article","og_title":"W\u00e4scherei + Reinigungs Praxis - Artikel in der WRP 09\/2016 - CWB Wasserbehandlung","og_description":"Lessive + pratique de nettoyage &#8211; article dans WRP 09\/2016 La qualit\u00e9 de l&rsquo;eau compte aussi lorsqu&rsquo;il s&rsquo;agit d&rsquo;\u00e9conomiser de l&rsquo;\u00e9nergie Pour que le syst\u00e8me de chaudi\u00e8re d&rsquo;une blanchisserie puisse fonctionner de mani\u00e8re \u00e9conome en \u00e9nergie et respectueuse de l&rsquo;environnement, la qualit\u00e9 de l&rsquo;eau doit \u00e9galement r\u00e9pondre aux exigences du processus. CWB Wassertreatment GmbH \u00e0 [&hellip;]","og_url":"https:\/\/www.fineamin.de\/wascherei_reinigungs_praxis\/","og_site_name":"CWB Wasserbehandlung","article_modified_time":"2023-07-27T07:36:28+00:00","og_image":[{"url":"https:\/\/www.fineamin.de\/wp-content\/uploads\/2023\/06\/alamy-1686578164.jpg","type":"","width":"","height":""}],"twitter_card":"summary_large_image","twitter_misc":{"Dur\u00e9e de lecture estim\u00e9e":"4 minutes"},"schema":{"@context":"https:\/\/schema.org","@graph":[{"@type":"WebPage","@id":"https:\/\/www.fineamin.de\/wascherei_reinigungs_praxis\/","url":"https:\/\/www.fineamin.de\/wascherei_reinigungs_praxis\/","name":"W\u00e4scherei + Reinigungs Praxis - Artikel in der WRP 09\/2016 - CWB Wasserbehandlung","isPartOf":{"@id":"https:\/\/www.fineamin.de\/#website"},"primaryImageOfPage":{"@id":"https:\/\/www.fineamin.de\/wascherei_reinigungs_praxis\/#primaryimage"},"image":{"@id":"https:\/\/www.fineamin.de\/wascherei_reinigungs_praxis\/#primaryimage"},"thumbnailUrl":"https:\/\/www.fineamin.de\/wp-content\/uploads\/2023\/06\/alamy-1686578164.jpg","datePublished":"2023-06-06T09:34:54+00:00","dateModified":"2023-07-27T07:36:28+00:00","breadcrumb":{"@id":"https:\/\/www.fineamin.de\/wascherei_reinigungs_praxis\/#breadcrumb"},"inLanguage":"fr-FR","potentialAction":[{"@type":"ReadAction","target":["https:\/\/www.fineamin.de\/wascherei_reinigungs_praxis\/"]}]},{"@type":"ImageObject","inLanguage":"fr-FR","@id":"https:\/\/www.fineamin.de\/wascherei_reinigungs_praxis\/#primaryimage","url":"https:\/\/www.fineamin.de\/wp-content\/uploads\/2023\/06\/alamy-1686578164.jpg","contentUrl":"https:\/\/www.fineamin.de\/wp-content\/uploads\/2023\/06\/alamy-1686578164.jpg"},{"@type":"BreadcrumbList","@id":"https:\/\/www.fineamin.de\/wascherei_reinigungs_praxis\/#breadcrumb","itemListElement":[{"@type":"ListItem","position":1,"name":"Home","item":"https:\/\/www.fineamin.de\/"},{"@type":"ListItem","position":2,"name":"W\u00e4scherei + Reinigungs Praxis &#8211; Artikel in der WRP 09\/2016"}]},{"@type":"WebSite","@id":"https:\/\/www.fineamin.de\/#website","url":"https:\/\/www.fineamin.de\/","name":"CWB Wasserbehandlung","description":"Chemikalien zur Wasserbehandlung","publisher":{"@id":"https:\/\/www.fineamin.de\/#organization"},"potentialAction":[{"@type":"SearchAction","target":{"@type":"EntryPoint","urlTemplate":"https:\/\/www.fineamin.de\/?s={search_term_string}"},"query-input":{"@type":"PropertyValueSpecification","valueRequired":true,"valueName":"search_term_string"}}],"inLanguage":"fr-FR"},{"@type":"Organization","@id":"https:\/\/www.fineamin.de\/#organization","name":"CWB Wasserbehandlung","url":"https:\/\/www.fineamin.de\/","logo":{"@type":"ImageObject","inLanguage":"fr-FR","@id":"https:\/\/www.fineamin.de\/#\/schema\/logo\/image\/","url":"https:\/\/www.fineamin.de\/wp-content\/uploads\/2022\/10\/Logo.png","contentUrl":"https:\/\/www.fineamin.de\/wp-content\/uploads\/2022\/10\/Logo.png","width":251,"height":181,"caption":"CWB Wasserbehandlung"},"image":{"@id":"https:\/\/www.fineamin.de\/#\/schema\/logo\/image\/"}}]}},"_links":{"self":[{"href":"https:\/\/www.fineamin.de\/fr\/wp-json\/wp\/v2\/pages\/3410","targetHints":{"allow":["GET"]}}],"collection":[{"href":"https:\/\/www.fineamin.de\/fr\/wp-json\/wp\/v2\/pages"}],"about":[{"href":"https:\/\/www.fineamin.de\/fr\/wp-json\/wp\/v2\/types\/page"}],"author":[{"embeddable":true,"href":"https:\/\/www.fineamin.de\/fr\/wp-json\/wp\/v2\/users\/4"}],"replies":[{"embeddable":true,"href":"https:\/\/www.fineamin.de\/fr\/wp-json\/wp\/v2\/comments?post=3410"}],"version-history":[{"count":3,"href":"https:\/\/www.fineamin.de\/fr\/wp-json\/wp\/v2\/pages\/3410\/revisions"}],"predecessor-version":[{"id":3519,"href":"https:\/\/www.fineamin.de\/fr\/wp-json\/wp\/v2\/pages\/3410\/revisions\/3519"}],"wp:attachment":[{"href":"https:\/\/www.fineamin.de\/fr\/wp-json\/wp\/v2\/media?parent=3410"}],"curies":[{"name":"wp","href":"https:\/\/api.w.org\/{rel}","templated":true}]}}