{"id":3405,"date":"2023-06-06T11:33:28","date_gmt":"2023-06-06T09:33:28","guid":{"rendered":"https:\/\/www.fineamin.de\/wascherei_sauberes_wasser_sauberer_dampf\/"},"modified":"2023-07-27T09:32:18","modified_gmt":"2023-07-27T07:32:18","slug":"wascherei_sauberes_wasser_sauberer_dampf","status":"publish","type":"page","link":"https:\/\/www.fineamin.de\/fr\/wascherei_sauberes_wasser_sauberer_dampf\/","title":{"rendered":"W\u00e4scherei &#8211; Sauberes Wasser, sauberer Dampf"},"content":{"rendered":"\t\t<div data-elementor-type=\"wp-page\" data-elementor-id=\"3405\" class=\"elementor elementor-3405 elementor-1047\" data-elementor-post-type=\"page\">\n\t\t\t\t\t\t<section class=\"elementor-section elementor-top-section elementor-element elementor-element-b3cb680 elementor-section-full_width elementor-section-height-default elementor-section-height-default\" data-id=\"b3cb680\" data-element_type=\"section\" data-e-type=\"section\">\n\t\t\t\t\t\t<div class=\"elementor-container elementor-column-gap-default\">\n\t\t\t\t\t<div class=\"elementor-column elementor-col-100 elementor-top-column elementor-element elementor-element-c604f49\" data-id=\"c604f49\" data-element_type=\"column\" data-e-type=\"column\">\n\t\t\t<div class=\"elementor-widget-wrap elementor-element-populated\">\n\t\t\t\t\t\t<section class=\"elementor-section elementor-inner-section elementor-element elementor-element-9cbd9fd elementor-section-content-middle elementor-section-boxed elementor-section-height-default elementor-section-height-default\" data-id=\"9cbd9fd\" data-element_type=\"section\" data-e-type=\"section\" data-settings=\"{&quot;background_background&quot;:&quot;classic&quot;}\">\n\t\t\t\t\t\t\t<div class=\"elementor-background-overlay\"><\/div>\n\t\t\t\t\t\t\t<div class=\"elementor-container elementor-column-gap-default\">\n\t\t\t\t\t<div class=\"elementor-column elementor-col-100 elementor-inner-column elementor-element elementor-element-0fdcc8a\" data-id=\"0fdcc8a\" data-element_type=\"column\" data-e-type=\"column\">\n\t\t\t<div class=\"elementor-widget-wrap elementor-element-populated\">\n\t\t\t\t\t\t<div class=\"elementor-element elementor-element-94bd420 elementor-widget elementor-widget-heading\" data-id=\"94bd420\" data-element_type=\"widget\" data-e-type=\"widget\" data-widget_type=\"heading.default\">\n\t\t\t\t<div class=\"elementor-widget-container\">\n\t\t\t\t\t<h2 class=\"elementor-heading-title elementor-size-default\">Blanchisserie - Eau propre, vapeur propre<\/h2>\t\t\t\t<\/div>\n\t\t\t\t<\/div>\n\t\t\t\t\t<\/div>\n\t\t<\/div>\n\t\t\t\t\t<\/div>\n\t\t<\/section>\n\t\t\t\t\t<\/div>\n\t\t<\/div>\n\t\t\t\t\t<\/div>\n\t\t<\/section>\n\t\t\t\t<section class=\"elementor-section elementor-top-section elementor-element elementor-element-511686b elementor-reverse-mobile elementor-section-boxed elementor-section-height-default elementor-section-height-default\" data-id=\"511686b\" data-element_type=\"section\" data-e-type=\"section\">\n\t\t\t\t\t\t<div class=\"elementor-container elementor-column-gap-default\">\n\t\t\t\t\t<div class=\"elementor-column elementor-col-100 elementor-top-column elementor-element elementor-element-e111e05\" data-id=\"e111e05\" data-element_type=\"column\" data-e-type=\"column\">\n\t\t\t<div class=\"elementor-widget-wrap elementor-element-populated\">\n\t\t\t\t\t\t<div class=\"elementor-element elementor-element-68242f5 elementor-widget elementor-widget-image\" data-id=\"68242f5\" data-element_type=\"widget\" data-e-type=\"widget\" data-widget_type=\"image.default\">\n\t\t\t\t<div class=\"elementor-widget-container\">\n\t\t\t\t\t\t\t\t\t\t\t\t\t\t\t<img fetchpriority=\"high\" decoding=\"async\" width=\"1300\" height=\"1022\" src=\"https:\/\/www.fineamin.de\/wp-content\/uploads\/2023\/06\/alamy-1686578164.jpg\" class=\"attachment-full size-full wp-image-2376\" alt=\"\" srcset=\"https:\/\/www.fineamin.de\/wp-content\/uploads\/2023\/06\/alamy-1686578164.jpg 1300w, https:\/\/www.fineamin.de\/wp-content\/uploads\/2023\/06\/alamy-1686578164-300x236.jpg 300w, https:\/\/www.fineamin.de\/wp-content\/uploads\/2023\/06\/alamy-1686578164-1024x805.jpg 1024w, https:\/\/www.fineamin.de\/wp-content\/uploads\/2023\/06\/alamy-1686578164-768x604.jpg 768w\" sizes=\"(max-width: 1300px) 100vw, 1300px\" \/>\t\t\t\t\t\t\t\t\t\t\t\t\t\t\t<\/div>\n\t\t\t\t<\/div>\n\t\t\t\t<div class=\"elementor-element elementor-element-f5cf968 elementor-widget elementor-widget-heading\" data-id=\"f5cf968\" data-element_type=\"widget\" data-e-type=\"widget\" data-widget_type=\"heading.default\">\n\t\t\t\t<div class=\"elementor-widget-container\">\n\t\t\t\t\t<h2 class=\"elementor-heading-title elementor-size-default\">D\u00e9p\u00f4ts et corrosion dans les chaudi\u00e8res de blanchisserie et les syst\u00e8mes de vapeur<\/h2>\t\t\t\t<\/div>\n\t\t\t\t<\/div>\n\t\t\t\t<div class=\"elementor-element elementor-element-f29f61c elementor-widget elementor-widget-text-editor\" data-id=\"f29f61c\" data-element_type=\"widget\" data-e-type=\"widget\" data-widget_type=\"text-editor.default\">\n\t\t\t\t<div class=\"elementor-widget-container\">\n\t\t\t\t\t\t\t\t\t<h4><a href=\"https:\/\/www.rw-textilservice.de\/sauberes-wasser-sauberer-dampf\/150\/8657\/226747\" target=\"_blank\" rel=\"noopener\">Interview RWTextilservice num\u00e9ro 03\/2013<\/a><\/h4><h3>Eau propre, vapeur propre<\/h3><p><strong>L&rsquo;eau est l&rsquo;une des mati\u00e8res premi\u00e8res les plus importantes d&rsquo;une blanchisserie. La qualit\u00e9 de l&rsquo;eau doit \u00eatre<\/strong><br \/><strong>R\u00e9pondre aux exigences du processus. CWB Wassertreatment GmbH conseille les blanchisseries sur tous<\/strong><br \/><strong>Probl\u00e8mes du cycle eau-vapeur et aide \u00e0 lutter contre la corrosion et la plaque.<\/strong><\/p><div id=\"textearticle\"><p>Si vous voulez une bonne vapeur, vous avez \u00e9galement besoin d&rsquo;une bonne eau. Une pr\u00e9paration et un traitement appropri\u00e9s de l&rsquo;eau de la chaudi\u00e8re sont obligatoires pour prot\u00e9ger l&rsquo;ensemble du syst\u00e8me d&rsquo;eau et de vapeur d&rsquo;une blanchisserie. Cela n&rsquo;est pas seulement d\u00fb \u00e0 des raisons de qualit\u00e9, mais aussi \u00e0 la consommation d&rsquo;\u00e9nergie, comme l&rsquo;explique Karsten Cramer, directeur g\u00e9n\u00e9ral de CWB Wassertreatment GmbH \u00e0 Berlin.<\/p><p>RWTextilservice\u00a0: M. Cramer, avec quels d\u00e9p\u00f4ts et d\u00e9p\u00f4ts les blanchisseries ont-elles g\u00e9n\u00e9ralement du mal\u00a0?<\/p><p>Karsten Cramer : Les d\u00e9p\u00f4ts typiques sont des d\u00e9p\u00f4ts de tartre. Ceux-ci sont g\u00e9n\u00e9ralement caus\u00e9s par des dysfonctionnements du syst\u00e8me d&rsquo;adoucissement. Le fonctionnement du syst\u00e8me de chaudi\u00e8re avec de l&rsquo;eau adoucie est la condition de base pour un processus sans probl\u00e8me et sans dommage. L&rsquo;entretien et la surveillance du traitement de l&rsquo;eau sont tr\u00e8s importants et sont souvent n\u00e9glig\u00e9s.<\/p><p>RWTextilservice\u00a0: Quels probl\u00e8mes surviennent dans les blanchisseries en raison de la corrosion ou des d\u00e9p\u00f4ts dans le syst\u00e8me de vapeur\u00a0?<\/p><p>Karsten Cramer : D&rsquo;une part, il y a des dommages au syst\u00e8me lui-m\u00eame, ce qui peut entra\u00eener des dommages \u00e0 la chaudi\u00e8re. De plus, la corrosion, par exemple dans la zone de l&rsquo;eau d&rsquo;alimentation, de la vapeur ou du condensat, entra\u00eene des co\u00fbts de maintenance et de r\u00e9paration \u00e9lev\u00e9s. Les produits de corrosion peuvent affecter n\u00e9gativement la qualit\u00e9 du processus de lavage, les d\u00e9p\u00f4ts dans le g\u00e9n\u00e9rateur de vapeur entra\u00eenent une consommation d&rsquo;\u00e9nergie plus \u00e9lev\u00e9e et des co\u00fbts \u00e9lev\u00e9s pour le nettoyage chimique de la chaudi\u00e8re.<\/p><p>RWTextilservice : Les taches ou la salet\u00e9 sur le linge peuvent-elles avoir quelque chose \u00e0 voir avec la corrosion ou les d\u00e9p\u00f4ts ?<\/p><p>Karsten Cramer : Bien s\u00fbr. Les processus de corrosion augmentent la teneur en fer dans le cycle de l&rsquo;eau ou de la vapeur. Cet oxyde de fer perturbe le processus de lavage et peut tacher ou endommager le linge lorsque le linge est cuit \u00e0 la vapeur (par exemple dans le tunnel de finition). De plus, si la teneur en sel de l&rsquo;eau de la chaudi\u00e8re est trop \u00e9lev\u00e9e, des impuret\u00e9s peuvent \u00eatre entra\u00een\u00e9es de la chaudi\u00e8re dans la vapeur. Cela peut \u00e9galement entra\u00eener des taches et de la salet\u00e9.<\/p><p>RWTextilservice : Y a-t-il un lien entre les co\u00fbts \u00e9nerg\u00e9tiques et le traitement de l&rsquo;eau de chaudi\u00e8re ?<\/p><p>Karsten Cramer : Comme d\u00e9j\u00e0 mentionn\u00e9, les d\u00e9p\u00f4ts dans le g\u00e9n\u00e9rateur de vapeur entra\u00eenent une consommation d&rsquo;\u00e9nergie plus \u00e9lev\u00e9e. Le transfert de chaleur entre le m\u00e9tal et l&rsquo;eau est entrav\u00e9. Cela signifie que plus d&rsquo;\u00e9nergie doit \u00eatre utilis\u00e9e pour produire de la vapeur. En utilisant notre produit Fineamin, de tels d\u00e9p\u00f4ts peuvent \u00eatre \u00e9vit\u00e9s et les d\u00e9p\u00f4ts existants peuvent \u00eatre \u00e9limin\u00e9s pendant le fonctionnement. Contrairement aux produits chimiques de dosage conventionnels (par exemple phosphate, sulfite), Fineamin lui-m\u00eame n&rsquo;augmente pas la teneur en sel dans l&rsquo;eau de la chaudi\u00e8re. Ainsi, en modifiant le traitement de l&rsquo;eau, la purge et le dessalement du g\u00e9n\u00e9rateur de vapeur peuvent \u00eatre r\u00e9duits. Cela permet \u00e9galement de r\u00e9duire les co\u00fbts de l&rsquo;eau, des eaux us\u00e9es et de l&rsquo;\u00e9nergie.<\/p><p>RWTextilservice : Comment fonctionne votre produit sp\u00e9cial Fineamin ?<\/p><p>Karsten Cramer : Il existe diff\u00e9rentes \u00ab\u00a0vari\u00e9t\u00e9s\u00a0\u00bb de Fineamin. En fonction du syst\u00e8me de chaudi\u00e8re, du traitement de l&rsquo;eau et de la qualit\u00e9 de l&rsquo;eau dans le syst\u00e8me, nous pouvons proposer des solutions sur mesure. Tous les autres produits chimiques de dosage peuvent \u00eatre remplac\u00e9s par la combinaison de diff\u00e9rentes amines, polyamines et polyacrylates organiques sans sel. En r\u00e8gle g\u00e9n\u00e9rale, nous n&rsquo;avons besoin que d&rsquo;un seul produit combin\u00e9 qui prot\u00e8ge l&rsquo;ensemble du syst\u00e8me contre la corrosion et les d\u00e9p\u00f4ts. Fineamin fournit l&rsquo;alcalinit\u00e9 protectrice n\u00e9cessaire dans le syst\u00e8me, \u00e9limine la duret\u00e9 existante et les d\u00e9p\u00f4ts d&rsquo;oxyde de fer, stabilise la duret\u00e9 r\u00e9siduelle et lie l&rsquo;oxyg\u00e8ne r\u00e9siduel dans l&rsquo;eau d&rsquo;alimentation. Une excellente protection contre la corrosion est obtenue principalement gr\u00e2ce \u00e0 des ingr\u00e9dients tensioactifs qui ont un effet inhibiteur sur les surfaces m\u00e9talliques. \u00c9tant donn\u00e9 que nombre de nos produits sont volatils \u00e0 la vapeur, cette protection contre la corrosion fonctionne naturellement aussi dans le domaine de la vapeur et du condensat.<\/p><p>RWTextilservice : Y a-t-il d&rsquo;autres avantages de Fineamin lorsqu&rsquo;il est utilis\u00e9 dans le secteur de la blanchisserie ?<\/p><p>Karsten Cramer : Il augmente la s\u00e9curit\u00e9 de fonctionnement, les performances et la dur\u00e9e de vie du syst\u00e8me de chaudi\u00e8re gr\u00e2ce \u00e0 une protection optimale contre la corrosion et les d\u00e9p\u00f4ts. Fineamin a \u00e9galement un effet conservateur lorsque le syst\u00e8me de chaudi\u00e8re est \u00e0 l&rsquo;arr\u00eat. Nous offrons \u00e9galement un service client \u00e9tendu. Le soutien intensif de nos clients comprend, entre autres, des analyses d&rsquo;eau r\u00e9guli\u00e8res sur place avec nos v\u00e9hicules de laboratoire, l&rsquo;inspection de la technologie de traitement et de dosage de l&rsquo;eau et des conseils d&rsquo;experts dans le domaine du traitement de l&rsquo;eau et du conditionnement de l&rsquo;eau des syst\u00e8mes de chaudi\u00e8re \u00e0 vapeur.<\/p><\/div>\t\t\t\t\t\t\t\t<\/div>\n\t\t\t\t<\/div>\n\t\t\t\t<div class=\"elementor-element elementor-element-803bd90 elementor-widget elementor-widget-button\" data-id=\"803bd90\" data-element_type=\"widget\" data-e-type=\"widget\" data-widget_type=\"button.default\">\n\t\t\t\t<div class=\"elementor-widget-container\">\n\t\t\t\t\t\t\t\t\t<div class=\"elementor-button-wrapper\">\n\t\t\t\t\t<a class=\"elementor-button elementor-button-link elementor-size-sm\" href=\"https:\/\/www.fineamin.de\/fr\/kontakt\/\">\n\t\t\t\t\t\t<span class=\"elementor-button-content-wrapper\">\n\t\t\t\t\t\t\t\t\t<span class=\"elementor-button-text\">demander un devis<\/span>\n\t\t\t\t\t<\/span>\n\t\t\t\t\t<\/a>\n\t\t\t\t<\/div>\n\t\t\t\t\t\t\t\t<\/div>\n\t\t\t\t<\/div>\n\t\t\t\t\t<\/div>\n\t\t<\/div>\n\t\t\t\t\t<\/div>\n\t\t<\/section>\n\t\t\t\t<\/div>\n\t\t","protected":false},"excerpt":{"rendered":"<p>Blanchisserie &#8211; Eau propre, vapeur propre D\u00e9p\u00f4ts et corrosion dans les chaudi\u00e8res de blanchisserie et les syst\u00e8mes de vapeur Interview RWTextilservice num\u00e9ro 03\/2013 Eau propre, vapeur propre L&rsquo;eau est l&rsquo;une des mati\u00e8res premi\u00e8res les plus importantes d&rsquo;une blanchisserie. La qualit\u00e9 de l&rsquo;eau doit \u00eatreR\u00e9pondre aux exigences du processus. CWB Wassertreatment GmbH conseille les blanchisseries sur [&hellip;]<\/p>\n","protected":false},"author":4,"featured_media":0,"parent":0,"menu_order":0,"comment_status":"closed","ping_status":"closed","template":"elementor_header_footer","meta":{"footnotes":""},"class_list":["post-3405","page","type-page","status-publish","hentry"],"yoast_head":"<!-- This site is optimized with the Yoast SEO plugin v27.3 - https:\/\/yoast.com\/product\/yoast-seo-wordpress\/ -->\n<title>W\u00e4scherei - Sauberes Wasser, sauberer Dampf - CWB Wasserbehandlung<\/title>\n<meta name=\"robots\" content=\"index, follow, max-snippet:-1, max-image-preview:large, max-video-preview:-1\" \/>\n<link rel=\"canonical\" href=\"https:\/\/www.fineamin.de\/wascherei_sauberes_wasser_sauberer_dampf\/\" \/>\n<meta property=\"og:locale\" content=\"fr_FR\" \/>\n<meta property=\"og:type\" content=\"article\" \/>\n<meta property=\"og:title\" content=\"W\u00e4scherei - Sauberes Wasser, sauberer Dampf - CWB Wasserbehandlung\" \/>\n<meta property=\"og:description\" content=\"Blanchisserie &#8211; Eau propre, vapeur propre D\u00e9p\u00f4ts et corrosion dans les chaudi\u00e8res de blanchisserie et les syst\u00e8mes de vapeur Interview RWTextilservice num\u00e9ro 03\/2013 Eau propre, vapeur propre L&rsquo;eau est l&rsquo;une des mati\u00e8res premi\u00e8res les plus importantes d&rsquo;une blanchisserie. La qualit\u00e9 de l&rsquo;eau doit \u00eatreR\u00e9pondre aux exigences du processus. CWB Wassertreatment GmbH conseille les blanchisseries sur [&hellip;]\" \/>\n<meta property=\"og:url\" content=\"https:\/\/www.fineamin.de\/wascherei_sauberes_wasser_sauberer_dampf\/\" \/>\n<meta property=\"og:site_name\" content=\"CWB Wasserbehandlung\" \/>\n<meta property=\"article:modified_time\" content=\"2023-07-27T07:32:18+00:00\" \/>\n<meta property=\"og:image\" content=\"https:\/\/www.fineamin.de\/wp-content\/uploads\/2023\/06\/alamy-1686578164.jpg\" \/>\n<meta name=\"twitter:card\" content=\"summary_large_image\" \/>\n<meta name=\"twitter:label1\" content=\"Dur\u00e9e de lecture estim\u00e9e\" \/>\n\t<meta name=\"twitter:data1\" content=\"5 minutes\" \/>\n<script type=\"application\/ld+json\" class=\"yoast-schema-graph\">{\"@context\":\"https:\\\/\\\/schema.org\",\"@graph\":[{\"@type\":\"WebPage\",\"@id\":\"https:\\\/\\\/www.fineamin.de\\\/wascherei_sauberes_wasser_sauberer_dampf\\\/\",\"url\":\"https:\\\/\\\/www.fineamin.de\\\/wascherei_sauberes_wasser_sauberer_dampf\\\/\",\"name\":\"W\u00e4scherei - Sauberes Wasser, sauberer Dampf - CWB Wasserbehandlung\",\"isPartOf\":{\"@id\":\"https:\\\/\\\/www.fineamin.de\\\/#website\"},\"primaryImageOfPage\":{\"@id\":\"https:\\\/\\\/www.fineamin.de\\\/wascherei_sauberes_wasser_sauberer_dampf\\\/#primaryimage\"},\"image\":{\"@id\":\"https:\\\/\\\/www.fineamin.de\\\/wascherei_sauberes_wasser_sauberer_dampf\\\/#primaryimage\"},\"thumbnailUrl\":\"https:\\\/\\\/www.fineamin.de\\\/wp-content\\\/uploads\\\/2023\\\/06\\\/alamy-1686578164.jpg\",\"datePublished\":\"2023-06-06T09:33:28+00:00\",\"dateModified\":\"2023-07-27T07:32:18+00:00\",\"breadcrumb\":{\"@id\":\"https:\\\/\\\/www.fineamin.de\\\/wascherei_sauberes_wasser_sauberer_dampf\\\/#breadcrumb\"},\"inLanguage\":\"fr-FR\",\"potentialAction\":[{\"@type\":\"ReadAction\",\"target\":[\"https:\\\/\\\/www.fineamin.de\\\/wascherei_sauberes_wasser_sauberer_dampf\\\/\"]}]},{\"@type\":\"ImageObject\",\"inLanguage\":\"fr-FR\",\"@id\":\"https:\\\/\\\/www.fineamin.de\\\/wascherei_sauberes_wasser_sauberer_dampf\\\/#primaryimage\",\"url\":\"https:\\\/\\\/www.fineamin.de\\\/wp-content\\\/uploads\\\/2023\\\/06\\\/alamy-1686578164.jpg\",\"contentUrl\":\"https:\\\/\\\/www.fineamin.de\\\/wp-content\\\/uploads\\\/2023\\\/06\\\/alamy-1686578164.jpg\"},{\"@type\":\"BreadcrumbList\",\"@id\":\"https:\\\/\\\/www.fineamin.de\\\/wascherei_sauberes_wasser_sauberer_dampf\\\/#breadcrumb\",\"itemListElement\":[{\"@type\":\"ListItem\",\"position\":1,\"name\":\"Home\",\"item\":\"https:\\\/\\\/www.fineamin.de\\\/\"},{\"@type\":\"ListItem\",\"position\":2,\"name\":\"W\u00e4scherei &#8211; Sauberes Wasser, sauberer Dampf\"}]},{\"@type\":\"WebSite\",\"@id\":\"https:\\\/\\\/www.fineamin.de\\\/#website\",\"url\":\"https:\\\/\\\/www.fineamin.de\\\/\",\"name\":\"CWB Wasserbehandlung\",\"description\":\"Chemikalien zur Wasserbehandlung\",\"publisher\":{\"@id\":\"https:\\\/\\\/www.fineamin.de\\\/#organization\"},\"potentialAction\":[{\"@type\":\"SearchAction\",\"target\":{\"@type\":\"EntryPoint\",\"urlTemplate\":\"https:\\\/\\\/www.fineamin.de\\\/?s={search_term_string}\"},\"query-input\":{\"@type\":\"PropertyValueSpecification\",\"valueRequired\":true,\"valueName\":\"search_term_string\"}}],\"inLanguage\":\"fr-FR\"},{\"@type\":\"Organization\",\"@id\":\"https:\\\/\\\/www.fineamin.de\\\/#organization\",\"name\":\"CWB Wasserbehandlung\",\"url\":\"https:\\\/\\\/www.fineamin.de\\\/\",\"logo\":{\"@type\":\"ImageObject\",\"inLanguage\":\"fr-FR\",\"@id\":\"https:\\\/\\\/www.fineamin.de\\\/#\\\/schema\\\/logo\\\/image\\\/\",\"url\":\"https:\\\/\\\/www.fineamin.de\\\/wp-content\\\/uploads\\\/2022\\\/10\\\/Logo.png\",\"contentUrl\":\"https:\\\/\\\/www.fineamin.de\\\/wp-content\\\/uploads\\\/2022\\\/10\\\/Logo.png\",\"width\":251,\"height\":181,\"caption\":\"CWB Wasserbehandlung\"},\"image\":{\"@id\":\"https:\\\/\\\/www.fineamin.de\\\/#\\\/schema\\\/logo\\\/image\\\/\"}}]}<\/script>\n<!-- \/ Yoast SEO plugin. -->","yoast_head_json":{"title":"W\u00e4scherei - Sauberes Wasser, sauberer Dampf - CWB Wasserbehandlung","robots":{"index":"index","follow":"follow","max-snippet":"max-snippet:-1","max-image-preview":"max-image-preview:large","max-video-preview":"max-video-preview:-1"},"canonical":"https:\/\/www.fineamin.de\/wascherei_sauberes_wasser_sauberer_dampf\/","og_locale":"fr_FR","og_type":"article","og_title":"W\u00e4scherei - Sauberes Wasser, sauberer Dampf - CWB Wasserbehandlung","og_description":"Blanchisserie &#8211; Eau propre, vapeur propre D\u00e9p\u00f4ts et corrosion dans les chaudi\u00e8res de blanchisserie et les syst\u00e8mes de vapeur Interview RWTextilservice num\u00e9ro 03\/2013 Eau propre, vapeur propre L&rsquo;eau est l&rsquo;une des mati\u00e8res premi\u00e8res les plus importantes d&rsquo;une blanchisserie. La qualit\u00e9 de l&rsquo;eau doit \u00eatreR\u00e9pondre aux exigences du processus. CWB Wassertreatment GmbH conseille les blanchisseries sur [&hellip;]","og_url":"https:\/\/www.fineamin.de\/wascherei_sauberes_wasser_sauberer_dampf\/","og_site_name":"CWB Wasserbehandlung","article_modified_time":"2023-07-27T07:32:18+00:00","og_image":[{"url":"https:\/\/www.fineamin.de\/wp-content\/uploads\/2023\/06\/alamy-1686578164.jpg","type":"","width":"","height":""}],"twitter_card":"summary_large_image","twitter_misc":{"Dur\u00e9e de lecture estim\u00e9e":"5 minutes"},"schema":{"@context":"https:\/\/schema.org","@graph":[{"@type":"WebPage","@id":"https:\/\/www.fineamin.de\/wascherei_sauberes_wasser_sauberer_dampf\/","url":"https:\/\/www.fineamin.de\/wascherei_sauberes_wasser_sauberer_dampf\/","name":"W\u00e4scherei - Sauberes Wasser, sauberer Dampf - CWB Wasserbehandlung","isPartOf":{"@id":"https:\/\/www.fineamin.de\/#website"},"primaryImageOfPage":{"@id":"https:\/\/www.fineamin.de\/wascherei_sauberes_wasser_sauberer_dampf\/#primaryimage"},"image":{"@id":"https:\/\/www.fineamin.de\/wascherei_sauberes_wasser_sauberer_dampf\/#primaryimage"},"thumbnailUrl":"https:\/\/www.fineamin.de\/wp-content\/uploads\/2023\/06\/alamy-1686578164.jpg","datePublished":"2023-06-06T09:33:28+00:00","dateModified":"2023-07-27T07:32:18+00:00","breadcrumb":{"@id":"https:\/\/www.fineamin.de\/wascherei_sauberes_wasser_sauberer_dampf\/#breadcrumb"},"inLanguage":"fr-FR","potentialAction":[{"@type":"ReadAction","target":["https:\/\/www.fineamin.de\/wascherei_sauberes_wasser_sauberer_dampf\/"]}]},{"@type":"ImageObject","inLanguage":"fr-FR","@id":"https:\/\/www.fineamin.de\/wascherei_sauberes_wasser_sauberer_dampf\/#primaryimage","url":"https:\/\/www.fineamin.de\/wp-content\/uploads\/2023\/06\/alamy-1686578164.jpg","contentUrl":"https:\/\/www.fineamin.de\/wp-content\/uploads\/2023\/06\/alamy-1686578164.jpg"},{"@type":"BreadcrumbList","@id":"https:\/\/www.fineamin.de\/wascherei_sauberes_wasser_sauberer_dampf\/#breadcrumb","itemListElement":[{"@type":"ListItem","position":1,"name":"Home","item":"https:\/\/www.fineamin.de\/"},{"@type":"ListItem","position":2,"name":"W\u00e4scherei &#8211; Sauberes Wasser, sauberer Dampf"}]},{"@type":"WebSite","@id":"https:\/\/www.fineamin.de\/#website","url":"https:\/\/www.fineamin.de\/","name":"CWB Wasserbehandlung","description":"Chemikalien zur Wasserbehandlung","publisher":{"@id":"https:\/\/www.fineamin.de\/#organization"},"potentialAction":[{"@type":"SearchAction","target":{"@type":"EntryPoint","urlTemplate":"https:\/\/www.fineamin.de\/?s={search_term_string}"},"query-input":{"@type":"PropertyValueSpecification","valueRequired":true,"valueName":"search_term_string"}}],"inLanguage":"fr-FR"},{"@type":"Organization","@id":"https:\/\/www.fineamin.de\/#organization","name":"CWB Wasserbehandlung","url":"https:\/\/www.fineamin.de\/","logo":{"@type":"ImageObject","inLanguage":"fr-FR","@id":"https:\/\/www.fineamin.de\/#\/schema\/logo\/image\/","url":"https:\/\/www.fineamin.de\/wp-content\/uploads\/2022\/10\/Logo.png","contentUrl":"https:\/\/www.fineamin.de\/wp-content\/uploads\/2022\/10\/Logo.png","width":251,"height":181,"caption":"CWB Wasserbehandlung"},"image":{"@id":"https:\/\/www.fineamin.de\/#\/schema\/logo\/image\/"}}]}},"_links":{"self":[{"href":"https:\/\/www.fineamin.de\/fr\/wp-json\/wp\/v2\/pages\/3405","targetHints":{"allow":["GET"]}}],"collection":[{"href":"https:\/\/www.fineamin.de\/fr\/wp-json\/wp\/v2\/pages"}],"about":[{"href":"https:\/\/www.fineamin.de\/fr\/wp-json\/wp\/v2\/types\/page"}],"author":[{"embeddable":true,"href":"https:\/\/www.fineamin.de\/fr\/wp-json\/wp\/v2\/users\/4"}],"replies":[{"embeddable":true,"href":"https:\/\/www.fineamin.de\/fr\/wp-json\/wp\/v2\/comments?post=3405"}],"version-history":[{"count":4,"href":"https:\/\/www.fineamin.de\/fr\/wp-json\/wp\/v2\/pages\/3405\/revisions"}],"predecessor-version":[{"id":3508,"href":"https:\/\/www.fineamin.de\/fr\/wp-json\/wp\/v2\/pages\/3405\/revisions\/3508"}],"wp:attachment":[{"href":"https:\/\/www.fineamin.de\/fr\/wp-json\/wp\/v2\/media?parent=3405"}],"curies":[{"name":"wp","href":"https:\/\/api.w.org\/{rel}","templated":true}]}}