{"id":3383,"date":"2023-06-06T09:16:52","date_gmt":"2023-06-06T07:16:52","guid":{"rendered":"https:\/\/www.fineamin.de\/kuehlwasserbehandlung\/"},"modified":"2024-07-19T14:57:38","modified_gmt":"2024-07-19T12:57:38","slug":"kuehlwasserbehandlung","status":"publish","type":"page","link":"https:\/\/www.fineamin.de\/fr\/kuehlwasserbehandlung\/","title":{"rendered":"Traitement de l&rsquo;eau de refroidissement"},"content":{"rendered":"\t\t<div data-elementor-type=\"wp-page\" data-elementor-id=\"3383\" class=\"elementor elementor-3383 elementor-833\" data-elementor-post-type=\"page\">\n\t\t\t\t\t\t<section class=\"elementor-section elementor-top-section elementor-element elementor-element-3bbdaaa elementor-section-full_width elementor-section-height-default elementor-section-height-default\" data-id=\"3bbdaaa\" data-element_type=\"section\" data-e-type=\"section\">\n\t\t\t\t\t\t<div class=\"elementor-container elementor-column-gap-default\">\n\t\t\t\t\t<div class=\"elementor-column elementor-col-100 elementor-top-column elementor-element elementor-element-cfaffd5\" data-id=\"cfaffd5\" data-element_type=\"column\" data-e-type=\"column\">\n\t\t\t<div class=\"elementor-widget-wrap elementor-element-populated\">\n\t\t\t\t\t\t<section class=\"elementor-section elementor-inner-section elementor-element elementor-element-7b2abb1 elementor-section-content-middle elementor-section-boxed elementor-section-height-default elementor-section-height-default\" data-id=\"7b2abb1\" data-element_type=\"section\" data-e-type=\"section\" data-settings=\"{&quot;background_background&quot;:&quot;classic&quot;}\">\n\t\t\t\t\t\t\t<div class=\"elementor-background-overlay\"><\/div>\n\t\t\t\t\t\t\t<div class=\"elementor-container elementor-column-gap-default\">\n\t\t\t\t\t<div class=\"elementor-column elementor-col-100 elementor-inner-column elementor-element elementor-element-e5fc16a\" data-id=\"e5fc16a\" data-element_type=\"column\" data-e-type=\"column\">\n\t\t\t<div class=\"elementor-widget-wrap elementor-element-populated\">\n\t\t\t\t\t\t<div class=\"elementor-element elementor-element-61b447f elementor-widget elementor-widget-heading\" data-id=\"61b447f\" data-element_type=\"widget\" data-e-type=\"widget\" data-widget_type=\"heading.default\">\n\t\t\t\t<div class=\"elementor-widget-container\">\n\t\t\t\t\t<h2 class=\"elementor-heading-title elementor-size-default\">Traitement de l'eau de refroidissement<\/h2>\t\t\t\t<\/div>\n\t\t\t\t<\/div>\n\t\t\t\t\t<\/div>\n\t\t<\/div>\n\t\t\t\t\t<\/div>\n\t\t<\/section>\n\t\t\t\t\t<\/div>\n\t\t<\/div>\n\t\t\t\t\t<\/div>\n\t\t<\/section>\n\t\t\t\t<section class=\"elementor-section elementor-top-section elementor-element elementor-element-1591a3c elementor-reverse-mobile elementor-section-boxed elementor-section-height-default elementor-section-height-default\" data-id=\"1591a3c\" data-element_type=\"section\" data-e-type=\"section\">\n\t\t\t\t\t\t<div class=\"elementor-container elementor-column-gap-default\">\n\t\t\t\t\t<div class=\"elementor-column elementor-col-100 elementor-top-column elementor-element elementor-element-e0ce78c\" data-id=\"e0ce78c\" data-element_type=\"column\" data-e-type=\"column\">\n\t\t\t<div class=\"elementor-widget-wrap elementor-element-populated\">\n\t\t\t\t\t\t<div class=\"elementor-element elementor-element-96478ec elementor-widget elementor-widget-heading\" data-id=\"96478ec\" data-element_type=\"widget\" data-e-type=\"widget\" data-widget_type=\"heading.default\">\n\t\t\t\t<div class=\"elementor-widget-container\">\n\t\t\t\t\t<h2 class=\"elementor-heading-title elementor-size-default\">Produits chimiques pour le traitement des syst\u00e8mes d'eau de refroidissement ouverts et ferm\u00e9s<\/h2>\t\t\t\t<\/div>\n\t\t\t\t<\/div>\n\t\t\t\t<div class=\"elementor-element elementor-element-c97abd7 elementor-widget elementor-widget-text-editor\" data-id=\"c97abd7\" data-element_type=\"widget\" data-e-type=\"widget\" data-widget_type=\"text-editor.default\">\n\t\t\t\t<div class=\"elementor-widget-container\">\n\t\t\t\t\t\t\t\t\t<p>Dans l&rsquo;industrie et la production d&rsquo;\u00e9nergie, diff\u00e9rents types de syst\u00e8mes d&rsquo;eau de refroidissement sont utilis\u00e9s pour refroidir les processus. Le traitement de ces syst\u00e8mes c\u00f4t\u00e9 eau est particuli\u00e8rement important pour \u00e9viter la corrosion, les d\u00e9p\u00f4ts et les dommages caus\u00e9s par les micro-organismes dans les circuits d&rsquo;eau de refroidissement. Gr\u00e2ce \u00e0 un conditionnement de l&rsquo;eau sur mesure, vous augmentez l&rsquo;efficacit\u00e9 et la rentabilit\u00e9 des installations.<\/p>\n<p>Nos produits d&rsquo;<sup>eau<\/sup> de refroidissement FINEAMIN\u00ae sont adapt\u00e9s \u00e0 la pratique, \u00e9conomiques et \u00e9cologiques.<\/p>\n<p>Nous avons plus de 20 ans d&rsquo;exp\u00e9rience dans le secteur et un savoir-faire \u00e9tendu dans l&rsquo;application d&rsquo;<a href=\"https:\/\/www.fineamin.fr\/fineamin_95t\/\">inhibiteurs de corrosion et d&rsquo;incrustation<\/a> et de <a href=\"https:\/\/www.fineamin.fr\/finealga\/\">biocides<\/a> dans les syst\u00e8mes d&rsquo;eau de refroidissement.<\/p>\n<p>Gr\u00e2ce \u00e0 des conseils personnalis\u00e9s, une analyse minutieuse et un <a href=\"https:\/\/www.fineamin.fr\/service\/\">service client<\/a> complet, nous adaptons parfaitement les produits aux sp\u00e9cificit\u00e9s de votre syst\u00e8me d&rsquo;eau de refroidissement.<\/p>\n\t\t\t\t\t\t\t\t<\/div>\n\t\t\t\t<\/div>\n\t\t\t\t<div class=\"elementor-element elementor-element-8634d1b elementor-widget elementor-widget-button\" data-id=\"8634d1b\" data-element_type=\"widget\" data-e-type=\"widget\" data-widget_type=\"button.default\">\n\t\t\t\t<div class=\"elementor-widget-container\">\n\t\t\t\t\t\t\t\t\t<div class=\"elementor-button-wrapper\">\n\t\t\t\t\t<a class=\"elementor-button elementor-button-link elementor-size-sm\" href=\"https:\/\/www.fineamin.fr\/kontakt\/\">\n\t\t\t\t\t\t<span class=\"elementor-button-content-wrapper\">\n\t\t\t\t\t\t\t\t\t<span class=\"elementor-button-text\">Demander une offre<\/span>\n\t\t\t\t\t<\/span>\n\t\t\t\t\t<\/a>\n\t\t\t\t<\/div>\n\t\t\t\t\t\t\t\t<\/div>\n\t\t\t\t<\/div>\n\t\t\t\t\t<\/div>\n\t\t<\/div>\n\t\t\t\t\t<\/div>\n\t\t<\/section>\n\t\t\t\t<\/div>\n\t\t","protected":false},"excerpt":{"rendered":"<p>Traitement de l&rsquo;eau de refroidissement Produits chimiques pour le traitement des syst\u00e8mes d&rsquo;eau de refroidissement ouverts et ferm\u00e9s Dans l&rsquo;industrie et la production d&rsquo;\u00e9nergie, diff\u00e9rents types de syst\u00e8mes d&rsquo;eau de refroidissement sont utilis\u00e9s pour refroidir les processus. Le traitement de ces syst\u00e8mes c\u00f4t\u00e9 eau est particuli\u00e8rement important pour \u00e9viter la corrosion, les d\u00e9p\u00f4ts et les [&hellip;]<\/p>\n","protected":false},"author":4,"featured_media":0,"parent":0,"menu_order":0,"comment_status":"closed","ping_status":"closed","template":"elementor_header_footer","meta":{"footnotes":""},"class_list":["post-3383","page","type-page","status-publish","hentry"],"yoast_head":"<!-- This site is optimized with the Yoast SEO plugin v27.5 - https:\/\/yoast.com\/product\/yoast-seo-wordpress\/ -->\n<title>Traitement de l&#039;eau de refroidissement - CWB Wasserbehandlung<\/title>\n<meta name=\"description\" content=\"Produits chimiques pour le traitement des syst\u00e8mes d&#039;eau de refroidissement ouverts et ferm\u00e9s, des tours de refroidissement et des refroidissements de processus contre la corrosion et les d\u00e9p\u00f4ts.\" \/>\n<meta name=\"robots\" content=\"index, follow, max-snippet:-1, max-image-preview:large, max-video-preview:-1\" \/>\n<link rel=\"canonical\" href=\"https:\/\/www.fineamin.de\/kuehlwasserbehandlung\/\" \/>\n<meta property=\"og:locale\" content=\"fr_FR\" \/>\n<meta property=\"og:type\" content=\"article\" \/>\n<meta property=\"og:title\" content=\"Traitement de l&#039;eau de refroidissement - CWB Wasserbehandlung\" \/>\n<meta property=\"og:description\" content=\"Produits chimiques pour le traitement des syst\u00e8mes d&#039;eau de refroidissement ouverts et ferm\u00e9s, des tours de refroidissement et des refroidissements de processus contre la corrosion et les d\u00e9p\u00f4ts.\" \/>\n<meta property=\"og:url\" content=\"https:\/\/www.fineamin.de\/kuehlwasserbehandlung\/\" \/>\n<meta property=\"og:site_name\" content=\"CWB Wasserbehandlung\" \/>\n<meta property=\"article:modified_time\" content=\"2024-07-19T12:57:38+00:00\" \/>\n<meta name=\"twitter:card\" content=\"summary_large_image\" \/>\n<meta name=\"twitter:label1\" content=\"Dur\u00e9e de lecture estim\u00e9e\" \/>\n\t<meta name=\"twitter:data1\" content=\"1 minute\" \/>\n<script type=\"application\/ld+json\" class=\"yoast-schema-graph\">{\"@context\":\"https:\\\/\\\/schema.org\",\"@graph\":[{\"@type\":\"WebPage\",\"@id\":\"https:\\\/\\\/www.fineamin.de\\\/kuehlwasserbehandlung\\\/\",\"url\":\"https:\\\/\\\/www.fineamin.de\\\/kuehlwasserbehandlung\\\/\",\"name\":\"Traitement de l'eau de refroidissement - CWB Wasserbehandlung\",\"isPartOf\":{\"@id\":\"https:\\\/\\\/www.fineamin.de\\\/#website\"},\"datePublished\":\"2023-06-06T07:16:52+00:00\",\"dateModified\":\"2024-07-19T12:57:38+00:00\",\"description\":\"Produits chimiques pour le traitement des syst\u00e8mes d'eau de refroidissement ouverts et ferm\u00e9s, des tours de refroidissement et des refroidissements de processus contre la corrosion et les d\u00e9p\u00f4ts.\",\"breadcrumb\":{\"@id\":\"https:\\\/\\\/www.fineamin.de\\\/kuehlwasserbehandlung\\\/#breadcrumb\"},\"inLanguage\":\"fr-FR\",\"potentialAction\":[{\"@type\":\"ReadAction\",\"target\":[\"https:\\\/\\\/www.fineamin.de\\\/kuehlwasserbehandlung\\\/\"]}]},{\"@type\":\"BreadcrumbList\",\"@id\":\"https:\\\/\\\/www.fineamin.de\\\/kuehlwasserbehandlung\\\/#breadcrumb\",\"itemListElement\":[{\"@type\":\"ListItem\",\"position\":1,\"name\":\"Home\",\"item\":\"https:\\\/\\\/www.fineamin.de\\\/\"},{\"@type\":\"ListItem\",\"position\":2,\"name\":\"Traitement de l&#8217;eau de refroidissement\"}]},{\"@type\":\"WebSite\",\"@id\":\"https:\\\/\\\/www.fineamin.de\\\/#website\",\"url\":\"https:\\\/\\\/www.fineamin.de\\\/\",\"name\":\"CWB Wasserbehandlung\",\"description\":\"Chemikalien zur Wasserbehandlung\",\"publisher\":{\"@id\":\"https:\\\/\\\/www.fineamin.de\\\/#organization\"},\"potentialAction\":[{\"@type\":\"SearchAction\",\"target\":{\"@type\":\"EntryPoint\",\"urlTemplate\":\"https:\\\/\\\/www.fineamin.de\\\/?s={search_term_string}\"},\"query-input\":{\"@type\":\"PropertyValueSpecification\",\"valueRequired\":true,\"valueName\":\"search_term_string\"}}],\"inLanguage\":\"fr-FR\"},{\"@type\":\"Organization\",\"@id\":\"https:\\\/\\\/www.fineamin.de\\\/#organization\",\"name\":\"CWB Wasserbehandlung\",\"url\":\"https:\\\/\\\/www.fineamin.de\\\/\",\"logo\":{\"@type\":\"ImageObject\",\"inLanguage\":\"fr-FR\",\"@id\":\"https:\\\/\\\/www.fineamin.de\\\/#\\\/schema\\\/logo\\\/image\\\/\",\"url\":\"https:\\\/\\\/www.fineamin.de\\\/wp-content\\\/uploads\\\/2022\\\/10\\\/Logo.png\",\"contentUrl\":\"https:\\\/\\\/www.fineamin.de\\\/wp-content\\\/uploads\\\/2022\\\/10\\\/Logo.png\",\"width\":251,\"height\":181,\"caption\":\"CWB Wasserbehandlung\"},\"image\":{\"@id\":\"https:\\\/\\\/www.fineamin.de\\\/#\\\/schema\\\/logo\\\/image\\\/\"}}]}<\/script>\n<!-- \/ Yoast SEO plugin. -->","yoast_head_json":{"title":"Traitement de l'eau de refroidissement - CWB Wasserbehandlung","description":"Produits chimiques pour le traitement des syst\u00e8mes d'eau de refroidissement ouverts et ferm\u00e9s, des tours de refroidissement et des refroidissements de processus contre la corrosion et les d\u00e9p\u00f4ts.","robots":{"index":"index","follow":"follow","max-snippet":"max-snippet:-1","max-image-preview":"max-image-preview:large","max-video-preview":"max-video-preview:-1"},"canonical":"https:\/\/www.fineamin.de\/kuehlwasserbehandlung\/","og_locale":"fr_FR","og_type":"article","og_title":"Traitement de l'eau de refroidissement - CWB Wasserbehandlung","og_description":"Produits chimiques pour le traitement des syst\u00e8mes d'eau de refroidissement ouverts et ferm\u00e9s, des tours de refroidissement et des refroidissements de processus contre la corrosion et les d\u00e9p\u00f4ts.","og_url":"https:\/\/www.fineamin.de\/kuehlwasserbehandlung\/","og_site_name":"CWB Wasserbehandlung","article_modified_time":"2024-07-19T12:57:38+00:00","twitter_card":"summary_large_image","twitter_misc":{"Dur\u00e9e de lecture estim\u00e9e":"1 minute"},"schema":{"@context":"https:\/\/schema.org","@graph":[{"@type":"WebPage","@id":"https:\/\/www.fineamin.de\/kuehlwasserbehandlung\/","url":"https:\/\/www.fineamin.de\/kuehlwasserbehandlung\/","name":"Traitement de l'eau de refroidissement - CWB Wasserbehandlung","isPartOf":{"@id":"https:\/\/www.fineamin.de\/#website"},"datePublished":"2023-06-06T07:16:52+00:00","dateModified":"2024-07-19T12:57:38+00:00","description":"Produits chimiques pour le traitement des syst\u00e8mes d'eau de refroidissement ouverts et ferm\u00e9s, des tours de refroidissement et des refroidissements de processus contre la corrosion et les d\u00e9p\u00f4ts.","breadcrumb":{"@id":"https:\/\/www.fineamin.de\/kuehlwasserbehandlung\/#breadcrumb"},"inLanguage":"fr-FR","potentialAction":[{"@type":"ReadAction","target":["https:\/\/www.fineamin.de\/kuehlwasserbehandlung\/"]}]},{"@type":"BreadcrumbList","@id":"https:\/\/www.fineamin.de\/kuehlwasserbehandlung\/#breadcrumb","itemListElement":[{"@type":"ListItem","position":1,"name":"Home","item":"https:\/\/www.fineamin.de\/"},{"@type":"ListItem","position":2,"name":"Traitement de l&#8217;eau de refroidissement"}]},{"@type":"WebSite","@id":"https:\/\/www.fineamin.de\/#website","url":"https:\/\/www.fineamin.de\/","name":"CWB Wasserbehandlung","description":"Chemikalien zur Wasserbehandlung","publisher":{"@id":"https:\/\/www.fineamin.de\/#organization"},"potentialAction":[{"@type":"SearchAction","target":{"@type":"EntryPoint","urlTemplate":"https:\/\/www.fineamin.de\/?s={search_term_string}"},"query-input":{"@type":"PropertyValueSpecification","valueRequired":true,"valueName":"search_term_string"}}],"inLanguage":"fr-FR"},{"@type":"Organization","@id":"https:\/\/www.fineamin.de\/#organization","name":"CWB Wasserbehandlung","url":"https:\/\/www.fineamin.de\/","logo":{"@type":"ImageObject","inLanguage":"fr-FR","@id":"https:\/\/www.fineamin.de\/#\/schema\/logo\/image\/","url":"https:\/\/www.fineamin.de\/wp-content\/uploads\/2022\/10\/Logo.png","contentUrl":"https:\/\/www.fineamin.de\/wp-content\/uploads\/2022\/10\/Logo.png","width":251,"height":181,"caption":"CWB Wasserbehandlung"},"image":{"@id":"https:\/\/www.fineamin.de\/#\/schema\/logo\/image\/"}}]}},"_links":{"self":[{"href":"https:\/\/www.fineamin.de\/fr\/wp-json\/wp\/v2\/pages\/3383","targetHints":{"allow":["GET"]}}],"collection":[{"href":"https:\/\/www.fineamin.de\/fr\/wp-json\/wp\/v2\/pages"}],"about":[{"href":"https:\/\/www.fineamin.de\/fr\/wp-json\/wp\/v2\/types\/page"}],"author":[{"embeddable":true,"href":"https:\/\/www.fineamin.de\/fr\/wp-json\/wp\/v2\/users\/4"}],"replies":[{"embeddable":true,"href":"https:\/\/www.fineamin.de\/fr\/wp-json\/wp\/v2\/comments?post=3383"}],"version-history":[{"count":3,"href":"https:\/\/www.fineamin.de\/fr\/wp-json\/wp\/v2\/pages\/3383\/revisions"}],"predecessor-version":[{"id":6262,"href":"https:\/\/www.fineamin.de\/fr\/wp-json\/wp\/v2\/pages\/3383\/revisions\/6262"}],"wp:attachment":[{"href":"https:\/\/www.fineamin.de\/fr\/wp-json\/wp\/v2\/media?parent=3383"}],"curies":[{"name":"wp","href":"https:\/\/api.w.org\/{rel}","templated":true}]}}