{"id":3286,"date":"2023-06-06T08:53:42","date_gmt":"2023-06-06T06:53:42","guid":{"rendered":"https:\/\/www.fineamin.de\/fernwarmespeicher_pufferspeicher\/"},"modified":"2024-07-26T13:38:02","modified_gmt":"2024-07-26T11:38:02","slug":"fernwarmespeicher_pufferspeicher","status":"publish","type":"page","link":"https:\/\/www.fineamin.de\/fr\/fernwarmespeicher_pufferspeicher\/","title":{"rendered":"Stockage de chauffage urbain\/stockage tampon"},"content":{"rendered":"\t\t<div data-elementor-type=\"wp-page\" data-elementor-id=\"3286\" class=\"elementor elementor-3286 elementor-788\" data-elementor-post-type=\"page\">\n\t\t\t\t\t\t<section class=\"elementor-section elementor-top-section elementor-element elementor-element-429412f elementor-section-full_width elementor-section-height-default elementor-section-height-default\" data-id=\"429412f\" data-element_type=\"section\" data-e-type=\"section\">\n\t\t\t\t\t\t<div class=\"elementor-container elementor-column-gap-default\">\n\t\t\t\t\t<div class=\"elementor-column elementor-col-100 elementor-top-column elementor-element elementor-element-4ab58b5\" data-id=\"4ab58b5\" data-element_type=\"column\" data-e-type=\"column\">\n\t\t\t<div class=\"elementor-widget-wrap elementor-element-populated\">\n\t\t\t\t\t\t<section class=\"elementor-section elementor-inner-section elementor-element elementor-element-8433e86 elementor-section-content-middle elementor-section-boxed elementor-section-height-default elementor-section-height-default\" data-id=\"8433e86\" data-element_type=\"section\" data-e-type=\"section\" data-settings=\"{&quot;background_background&quot;:&quot;classic&quot;}\">\n\t\t\t\t\t\t\t<div class=\"elementor-background-overlay\"><\/div>\n\t\t\t\t\t\t\t<div class=\"elementor-container elementor-column-gap-default\">\n\t\t\t\t\t<div class=\"elementor-column elementor-col-100 elementor-inner-column elementor-element elementor-element-88e9082\" data-id=\"88e9082\" data-element_type=\"column\" data-e-type=\"column\">\n\t\t\t<div class=\"elementor-widget-wrap elementor-element-populated\">\n\t\t\t\t\t\t<div class=\"elementor-element elementor-element-b4bd351 elementor-widget elementor-widget-heading\" data-id=\"b4bd351\" data-element_type=\"widget\" data-e-type=\"widget\" data-widget_type=\"heading.default\">\n\t\t\t\t<div class=\"elementor-widget-container\">\n\t\t\t\t\t<h2 class=\"elementor-heading-title elementor-size-default\">Stockage de chauffage urbain\/stockage tampon<\/h2>\t\t\t\t<\/div>\n\t\t\t\t<\/div>\n\t\t\t\t\t<\/div>\n\t\t<\/div>\n\t\t\t\t\t<\/div>\n\t\t<\/section>\n\t\t\t\t\t<\/div>\n\t\t<\/div>\n\t\t\t\t\t<\/div>\n\t\t<\/section>\n\t\t\t\t<section class=\"elementor-section elementor-top-section elementor-element elementor-element-1485a59 elementor-reverse-mobile elementor-section-boxed elementor-section-height-default elementor-section-height-default\" data-id=\"1485a59\" data-element_type=\"section\" data-e-type=\"section\">\n\t\t\t\t\t\t<div class=\"elementor-container elementor-column-gap-default\">\n\t\t\t\t\t<div class=\"elementor-column elementor-col-100 elementor-top-column elementor-element elementor-element-109144a\" data-id=\"109144a\" data-element_type=\"column\" data-e-type=\"column\">\n\t\t\t<div class=\"elementor-widget-wrap elementor-element-populated\">\n\t\t\t\t\t\t<div class=\"elementor-element elementor-element-4f0f6da elementor-widget__width-auto heaing_style elementor-widget elementor-widget-heading\" data-id=\"4f0f6da\" data-element_type=\"widget\" data-e-type=\"widget\" data-widget_type=\"heading.default\">\n\t\t\t\t<div class=\"elementor-widget-container\">\n\t\t\t\t\t<h2 class=\"elementor-heading-title elementor-size-default\">Conditionnement de l'eau contenue dans les r\u00e9servoirs de chauffage urbain<\/h2>\t\t\t\t<\/div>\n\t\t\t\t<\/div>\n\t\t\t\t<div class=\"elementor-element elementor-element-8eaf754 elementor-widget elementor-widget-text-editor\" data-id=\"8eaf754\" data-element_type=\"widget\" data-e-type=\"widget\" data-widget_type=\"text-editor.default\">\n\t\t\t\t<div class=\"elementor-widget-container\">\n\t\t\t\t\t\t\t\t\t<div class=\"ce_text first block\"><p>Avec l&rsquo;installation aujourd&rsquo;hui r\u00e9pandue de centrales de cog\u00e9n\u00e9ration, notamment chez les exploitants de chauffage urbain, il est judicieux de mettre en place des accumulateurs correspondants.<\/p><p>Le volume de stockage install\u00e9 repr\u00e9sente un volume important par rapport au volume de stockage des r\u00e9seaux de chauffage urbain exploit\u00e9s. Les accumulateurs sont souvent en acier \u00ab\u00a0noir\u00a0\u00bb et ne poss\u00e8dent pas de rev\u00eatement ou de caoutchouc.<\/p><p>Lors de la mise en service d&rsquo;installations de stockage de chauffage urbain, il convient de veiller \u00e0 ce que l&rsquo;eau contenue dans les installations de stockage soit conditionn\u00e9e et trait\u00e9e de mani\u00e8re appropri\u00e9e. En outre, selon l&rsquo;\u00e9tat d&rsquo;encrassement (oxydes de fer, rouille, huiles, graisses, r\u00e9sidus de soudure), les ballons doivent \u00eatre rinc\u00e9s avant le remplissage ou la mise en service, sinon ces impuret\u00e9s se retrouveront directement dans le r\u00e9seau de chauffage urbain.<\/p><p>L&rsquo;eau contenue dans les r\u00e9servoirs de chauffage urbain est soumise aux m\u00eames directives que le traitement des r\u00e9seaux de chauffage urbain et des g\u00e9n\u00e9rateurs d&rsquo;eau chaude, car les r\u00e9servoirs sont directement reli\u00e9s aux syst\u00e8mes.  <\/p><p>Afin de prot\u00e9ger le r\u00e9seau de chauffage urbain et les g\u00e9n\u00e9rateurs d&rsquo;eau chaude existants contre la corrosion et les d\u00e9p\u00f4ts, l&rsquo;eau contenue dans les r\u00e9servoirs doit \u00eatre pr\u00e9alablement trait\u00e9e conform\u00e9ment aux directives en vigueur (DIN EN 12953-10, fiche de travail AGFW FW 510, etc.). En particulier, il est important de veiller \u00e0 utiliser de l&rsquo;eau trait\u00e9e (adoucie ou partiellement d\u00e9min\u00e9ralis\u00e9e) lors du remplissage des r\u00e9servoirs. Il faut \u00e9galement veiller \u00e0 une alcalinisation suffisante et \u00e0 une \u00e9ventuelle fixation de l&rsquo;oxyg\u00e8ne.  <\/p><p><a href=\"https:\/\/www.fineamin.fr\/fineamin\/\" target=\"_blank\" rel=\"noopener\">Des produits sans sel<\/a> tels que FINEAMIN, qui, en plus de l&rsquo;alcalinisation et de la formation d&rsquo;un film protecteur, ont un effet de fixation de l&rsquo;oxyg\u00e8ne, peuvent \u00eatre utilis\u00e9s \u00e0 cet effet. FINEAMIN peut \u00eatre ajout\u00e9 pendant le remplissage des r\u00e9servoirs.<\/p><p><strong>Les prescriptions correspondent \u00e0 l&rsquo;\u00e9tat actuel de la technique et \u00e0 notre exp\u00e9rience.<\/strong><\/p><\/div><div class=\"ce_gallery last block\"><strong>Stockage de chauffage urbain<\/strong><\/div>\t\t\t\t\t\t\t\t<\/div>\n\t\t\t\t<\/div>\n\t\t\t\t<div class=\"elementor-element elementor-element-8d670f2 elementor-widget elementor-widget-button\" data-id=\"8d670f2\" data-element_type=\"widget\" data-e-type=\"widget\" data-widget_type=\"button.default\">\n\t\t\t\t<div class=\"elementor-widget-container\">\n\t\t\t\t\t\t\t\t\t<div class=\"elementor-button-wrapper\">\n\t\t\t\t\t<a class=\"elementor-button elementor-button-link elementor-size-sm\" href=\"https:\/\/www.fineamin.fr\/kontakt\/\">\n\t\t\t\t\t\t<span class=\"elementor-button-content-wrapper\">\n\t\t\t\t\t\t\t\t\t<span class=\"elementor-button-text\">contacter maintenant<\/span>\n\t\t\t\t\t<\/span>\n\t\t\t\t\t<\/a>\n\t\t\t\t<\/div>\n\t\t\t\t\t\t\t\t<\/div>\n\t\t\t\t<\/div>\n\t\t\t\t<div class=\"elementor-element elementor-element-8f4851f elementor-widget elementor-widget-gallery\" data-id=\"8f4851f\" data-element_type=\"widget\" data-e-type=\"widget\" data-settings=\"{&quot;columns_mobile&quot;:4,&quot;gap&quot;:{&quot;unit&quot;:&quot;px&quot;,&quot;size&quot;:3,&quot;sizes&quot;:[]},&quot;aspect_ratio&quot;:&quot;1:1&quot;,&quot;lazyload&quot;:&quot;yes&quot;,&quot;gallery_layout&quot;:&quot;grid&quot;,&quot;columns&quot;:4,&quot;columns_tablet&quot;:2,&quot;gap_tablet&quot;:{&quot;unit&quot;:&quot;px&quot;,&quot;size&quot;:10,&quot;sizes&quot;:[]},&quot;gap_mobile&quot;:{&quot;unit&quot;:&quot;px&quot;,&quot;size&quot;:10,&quot;sizes&quot;:[]},&quot;link_to&quot;:&quot;file&quot;,&quot;content_hover_animation&quot;:&quot;fade-in&quot;}\" data-widget_type=\"gallery.default\">\n\t\t\t\t<div class=\"elementor-widget-container\">\n\t\t\t\t\t\t\t<div class=\"elementor-gallery__container\">\n\t\t\t\t\t\t\t<a class=\"e-gallery-item elementor-gallery-item elementor-animated-content\" href=\"https:\/\/www.fineamin.de\/wp-content\/uploads\/2024\/07\/Fernwaermespeicher.jpg\" data-elementor-open-lightbox=\"yes\" data-elementor-lightbox-slideshow=\"8f4851f\" data-elementor-lightbox-title=\"Fernw\u00e4rmespeicher\" data-e-action-hash=\"#elementor-action%3Aaction%3Dlightbox%26settings%3DeyJpZCI6NjU5NywidXJsIjoiaHR0cHM6XC9cL3d3dy5maW5lYW1pbi5kZVwvd3AtY29udGVudFwvdXBsb2Fkc1wvMjAyNFwvMDdcL0Zlcm53YWVybWVzcGVpY2hlci5qcGciLCJzbGlkZXNob3ciOiI4ZjQ4NTFmIn0%3D\">\n\t\t\t\t\t<div class=\"e-gallery-image elementor-gallery-item__image\" data-thumbnail=\"https:\/\/www.fineamin.de\/wp-content\/uploads\/2024\/07\/Fernwaermespeicher-768x1024.jpg\" data-width=\"768\" data-height=\"1024\" aria-label=\"\" role=\"img\" ><\/div>\n\t\t\t\t\t\t\t\t\t\t\t\t\t\t<\/a>\n\t\t\t\t\t\t\t<a class=\"e-gallery-item elementor-gallery-item elementor-animated-content\" href=\"https:\/\/www.fineamin.de\/wp-content\/uploads\/2024\/07\/Waermespeicher-2.jpg\" data-elementor-open-lightbox=\"yes\" data-elementor-lightbox-slideshow=\"8f4851f\" data-elementor-lightbox-title=\"W\u00e4rmespeicher 2\" data-e-action-hash=\"#elementor-action%3Aaction%3Dlightbox%26settings%3DeyJpZCI6NjYxMSwidXJsIjoiaHR0cHM6XC9cL3d3dy5maW5lYW1pbi5kZVwvd3AtY29udGVudFwvdXBsb2Fkc1wvMjAyNFwvMDdcL1dhZXJtZXNwZWljaGVyLTIuanBnIiwic2xpZGVzaG93IjoiOGY0ODUxZiJ9\">\n\t\t\t\t\t<div class=\"e-gallery-image elementor-gallery-item__image\" data-thumbnail=\"https:\/\/www.fineamin.de\/wp-content\/uploads\/2024\/07\/Waermespeicher-2-768x977.jpg\" data-width=\"768\" data-height=\"977\" aria-label=\"\" role=\"img\" ><\/div>\n\t\t\t\t\t\t\t\t\t\t\t\t\t\t<\/a>\n\t\t\t\t\t\t\t<a class=\"e-gallery-item elementor-gallery-item elementor-animated-content\" href=\"https:\/\/www.fineamin.de\/wp-content\/uploads\/2024\/07\/Fernwaermespeicher-BZ.jpg\" data-elementor-open-lightbox=\"yes\" data-elementor-lightbox-slideshow=\"8f4851f\" data-elementor-lightbox-title=\"Fernw\u00e4rmespeicher 2\" data-e-action-hash=\"#elementor-action%3Aaction%3Dlightbox%26settings%3DeyJpZCI6NjYwOCwidXJsIjoiaHR0cHM6XC9cL3d3dy5maW5lYW1pbi5kZVwvd3AtY29udGVudFwvdXBsb2Fkc1wvMjAyNFwvMDdcL0Zlcm53YWVybWVzcGVpY2hlci1CWi5qcGciLCJzbGlkZXNob3ciOiI4ZjQ4NTFmIn0%3D\">\n\t\t\t\t\t<div class=\"e-gallery-image elementor-gallery-item__image\" data-thumbnail=\"https:\/\/www.fineamin.de\/wp-content\/uploads\/2024\/07\/Fernwaermespeicher-BZ-768x768.jpg\" data-width=\"768\" data-height=\"768\" aria-label=\"\" role=\"img\" ><\/div>\n\t\t\t\t\t\t\t\t\t\t\t\t\t\t<\/a>\n\t\t\t\t\t\t\t<a class=\"e-gallery-item elementor-gallery-item elementor-animated-content\" href=\"https:\/\/www.fineamin.de\/wp-content\/uploads\/2024\/07\/Waermespeicher.jpg\" data-elementor-open-lightbox=\"yes\" data-elementor-lightbox-slideshow=\"8f4851f\" data-elementor-lightbox-title=\"W\u00e4rmespeicher\" data-e-action-hash=\"#elementor-action%3Aaction%3Dlightbox%26settings%3DeyJpZCI6NjYwMCwidXJsIjoiaHR0cHM6XC9cL3d3dy5maW5lYW1pbi5kZVwvd3AtY29udGVudFwvdXBsb2Fkc1wvMjAyNFwvMDdcL1dhZXJtZXNwZWljaGVyLmpwZyIsInNsaWRlc2hvdyI6IjhmNDg1MWYifQ%3D%3D\">\n\t\t\t\t\t<div class=\"e-gallery-image elementor-gallery-item__image\" data-thumbnail=\"https:\/\/www.fineamin.de\/wp-content\/uploads\/2024\/07\/Waermespeicher-768x1023.jpg\" data-width=\"768\" data-height=\"1023\" aria-label=\"\" role=\"img\" ><\/div>\n\t\t\t\t\t\t\t\t\t\t\t\t\t\t<\/a>\n\t\t\t\t\t<\/div>\n\t\t\t\t\t<\/div>\n\t\t\t\t<\/div>\n\t\t\t\t\t<\/div>\n\t\t<\/div>\n\t\t\t\t\t<\/div>\n\t\t<\/section>\n\t\t\t\t<\/div>\n\t\t","protected":false},"excerpt":{"rendered":"<p>Stockage de chauffage urbain\/stockage tampon Conditionnement de l&rsquo;eau contenue dans les r\u00e9servoirs de chauffage urbain Avec l&rsquo;installation aujourd&rsquo;hui r\u00e9pandue de centrales de cog\u00e9n\u00e9ration, notamment chez les exploitants de chauffage urbain, il est judicieux de mettre en place des accumulateurs correspondants. Le volume de stockage install\u00e9 repr\u00e9sente un volume important par rapport au volume de stockage [&hellip;]<\/p>\n","protected":false},"author":4,"featured_media":0,"parent":0,"menu_order":0,"comment_status":"closed","ping_status":"closed","template":"elementor_header_footer","meta":{"footnotes":""},"class_list":["post-3286","page","type-page","status-publish","hentry"],"yoast_head":"<!-- This site is optimized with the Yoast SEO plugin v27.3 - https:\/\/yoast.com\/product\/yoast-seo-wordpress\/ -->\n<title>Stockage de chauffage urbain\/stockage tampon - CWB Wasserbehandlung<\/title>\n<meta name=\"description\" content=\"Conditionnement de l&#039;eau contenue dans les r\u00e9servoirs de chauffage urbain. Les directives relatives \u00e0 la chimie de l&#039;eau des r\u00e9seaux de chauffage urbain s&#039;appliquent.\" \/>\n<meta name=\"robots\" content=\"index, follow, max-snippet:-1, max-image-preview:large, max-video-preview:-1\" \/>\n<link rel=\"canonical\" href=\"https:\/\/www.fineamin.de\/fernwarmespeicher_pufferspeicher\/\" \/>\n<meta property=\"og:locale\" content=\"fr_FR\" \/>\n<meta property=\"og:type\" content=\"article\" \/>\n<meta property=\"og:title\" content=\"Stockage de chauffage urbain\/stockage tampon - CWB Wasserbehandlung\" \/>\n<meta property=\"og:description\" content=\"Conditionnement de l&#039;eau contenue dans les r\u00e9servoirs de chauffage urbain. Les directives relatives \u00e0 la chimie de l&#039;eau des r\u00e9seaux de chauffage urbain s&#039;appliquent.\" \/>\n<meta property=\"og:url\" content=\"https:\/\/www.fineamin.de\/fernwarmespeicher_pufferspeicher\/\" \/>\n<meta property=\"og:site_name\" content=\"CWB Wasserbehandlung\" \/>\n<meta property=\"article:modified_time\" content=\"2024-07-26T11:38:02+00:00\" \/>\n<meta name=\"twitter:card\" content=\"summary_large_image\" \/>\n<meta name=\"twitter:label1\" content=\"Dur\u00e9e de lecture estim\u00e9e\" \/>\n\t<meta name=\"twitter:data1\" content=\"2 minutes\" \/>\n<script type=\"application\/ld+json\" class=\"yoast-schema-graph\">{\"@context\":\"https:\\\/\\\/schema.org\",\"@graph\":[{\"@type\":\"WebPage\",\"@id\":\"https:\\\/\\\/www.fineamin.de\\\/fernwarmespeicher_pufferspeicher\\\/\",\"url\":\"https:\\\/\\\/www.fineamin.de\\\/fernwarmespeicher_pufferspeicher\\\/\",\"name\":\"Stockage de chauffage urbain\\\/stockage tampon - CWB Wasserbehandlung\",\"isPartOf\":{\"@id\":\"https:\\\/\\\/www.fineamin.de\\\/#website\"},\"datePublished\":\"2023-06-06T06:53:42+00:00\",\"dateModified\":\"2024-07-26T11:38:02+00:00\",\"description\":\"Conditionnement de l'eau contenue dans les r\u00e9servoirs de chauffage urbain. Les directives relatives \u00e0 la chimie de l'eau des r\u00e9seaux de chauffage urbain s'appliquent.\",\"breadcrumb\":{\"@id\":\"https:\\\/\\\/www.fineamin.de\\\/fernwarmespeicher_pufferspeicher\\\/#breadcrumb\"},\"inLanguage\":\"fr-FR\",\"potentialAction\":[{\"@type\":\"ReadAction\",\"target\":[\"https:\\\/\\\/www.fineamin.de\\\/fernwarmespeicher_pufferspeicher\\\/\"]}]},{\"@type\":\"BreadcrumbList\",\"@id\":\"https:\\\/\\\/www.fineamin.de\\\/fernwarmespeicher_pufferspeicher\\\/#breadcrumb\",\"itemListElement\":[{\"@type\":\"ListItem\",\"position\":1,\"name\":\"Home\",\"item\":\"https:\\\/\\\/www.fineamin.de\\\/\"},{\"@type\":\"ListItem\",\"position\":2,\"name\":\"Stockage de chauffage urbain\\\/stockage tampon\"}]},{\"@type\":\"WebSite\",\"@id\":\"https:\\\/\\\/www.fineamin.de\\\/#website\",\"url\":\"https:\\\/\\\/www.fineamin.de\\\/\",\"name\":\"CWB Wasserbehandlung\",\"description\":\"Chemikalien zur Wasserbehandlung\",\"publisher\":{\"@id\":\"https:\\\/\\\/www.fineamin.de\\\/#organization\"},\"potentialAction\":[{\"@type\":\"SearchAction\",\"target\":{\"@type\":\"EntryPoint\",\"urlTemplate\":\"https:\\\/\\\/www.fineamin.de\\\/?s={search_term_string}\"},\"query-input\":{\"@type\":\"PropertyValueSpecification\",\"valueRequired\":true,\"valueName\":\"search_term_string\"}}],\"inLanguage\":\"fr-FR\"},{\"@type\":\"Organization\",\"@id\":\"https:\\\/\\\/www.fineamin.de\\\/#organization\",\"name\":\"CWB Wasserbehandlung\",\"url\":\"https:\\\/\\\/www.fineamin.de\\\/\",\"logo\":{\"@type\":\"ImageObject\",\"inLanguage\":\"fr-FR\",\"@id\":\"https:\\\/\\\/www.fineamin.de\\\/#\\\/schema\\\/logo\\\/image\\\/\",\"url\":\"https:\\\/\\\/www.fineamin.de\\\/wp-content\\\/uploads\\\/2022\\\/10\\\/Logo.png\",\"contentUrl\":\"https:\\\/\\\/www.fineamin.de\\\/wp-content\\\/uploads\\\/2022\\\/10\\\/Logo.png\",\"width\":251,\"height\":181,\"caption\":\"CWB Wasserbehandlung\"},\"image\":{\"@id\":\"https:\\\/\\\/www.fineamin.de\\\/#\\\/schema\\\/logo\\\/image\\\/\"}}]}<\/script>\n<!-- \/ Yoast SEO plugin. -->","yoast_head_json":{"title":"Stockage de chauffage urbain\/stockage tampon - CWB Wasserbehandlung","description":"Conditionnement de l'eau contenue dans les r\u00e9servoirs de chauffage urbain. Les directives relatives \u00e0 la chimie de l'eau des r\u00e9seaux de chauffage urbain s'appliquent.","robots":{"index":"index","follow":"follow","max-snippet":"max-snippet:-1","max-image-preview":"max-image-preview:large","max-video-preview":"max-video-preview:-1"},"canonical":"https:\/\/www.fineamin.de\/fernwarmespeicher_pufferspeicher\/","og_locale":"fr_FR","og_type":"article","og_title":"Stockage de chauffage urbain\/stockage tampon - CWB Wasserbehandlung","og_description":"Conditionnement de l'eau contenue dans les r\u00e9servoirs de chauffage urbain. Les directives relatives \u00e0 la chimie de l'eau des r\u00e9seaux de chauffage urbain s'appliquent.","og_url":"https:\/\/www.fineamin.de\/fernwarmespeicher_pufferspeicher\/","og_site_name":"CWB Wasserbehandlung","article_modified_time":"2024-07-26T11:38:02+00:00","twitter_card":"summary_large_image","twitter_misc":{"Dur\u00e9e de lecture estim\u00e9e":"2 minutes"},"schema":{"@context":"https:\/\/schema.org","@graph":[{"@type":"WebPage","@id":"https:\/\/www.fineamin.de\/fernwarmespeicher_pufferspeicher\/","url":"https:\/\/www.fineamin.de\/fernwarmespeicher_pufferspeicher\/","name":"Stockage de chauffage urbain\/stockage tampon - CWB Wasserbehandlung","isPartOf":{"@id":"https:\/\/www.fineamin.de\/#website"},"datePublished":"2023-06-06T06:53:42+00:00","dateModified":"2024-07-26T11:38:02+00:00","description":"Conditionnement de l'eau contenue dans les r\u00e9servoirs de chauffage urbain. Les directives relatives \u00e0 la chimie de l'eau des r\u00e9seaux de chauffage urbain s'appliquent.","breadcrumb":{"@id":"https:\/\/www.fineamin.de\/fernwarmespeicher_pufferspeicher\/#breadcrumb"},"inLanguage":"fr-FR","potentialAction":[{"@type":"ReadAction","target":["https:\/\/www.fineamin.de\/fernwarmespeicher_pufferspeicher\/"]}]},{"@type":"BreadcrumbList","@id":"https:\/\/www.fineamin.de\/fernwarmespeicher_pufferspeicher\/#breadcrumb","itemListElement":[{"@type":"ListItem","position":1,"name":"Home","item":"https:\/\/www.fineamin.de\/"},{"@type":"ListItem","position":2,"name":"Stockage de chauffage urbain\/stockage tampon"}]},{"@type":"WebSite","@id":"https:\/\/www.fineamin.de\/#website","url":"https:\/\/www.fineamin.de\/","name":"CWB Wasserbehandlung","description":"Chemikalien zur Wasserbehandlung","publisher":{"@id":"https:\/\/www.fineamin.de\/#organization"},"potentialAction":[{"@type":"SearchAction","target":{"@type":"EntryPoint","urlTemplate":"https:\/\/www.fineamin.de\/?s={search_term_string}"},"query-input":{"@type":"PropertyValueSpecification","valueRequired":true,"valueName":"search_term_string"}}],"inLanguage":"fr-FR"},{"@type":"Organization","@id":"https:\/\/www.fineamin.de\/#organization","name":"CWB Wasserbehandlung","url":"https:\/\/www.fineamin.de\/","logo":{"@type":"ImageObject","inLanguage":"fr-FR","@id":"https:\/\/www.fineamin.de\/#\/schema\/logo\/image\/","url":"https:\/\/www.fineamin.de\/wp-content\/uploads\/2022\/10\/Logo.png","contentUrl":"https:\/\/www.fineamin.de\/wp-content\/uploads\/2022\/10\/Logo.png","width":251,"height":181,"caption":"CWB Wasserbehandlung"},"image":{"@id":"https:\/\/www.fineamin.de\/#\/schema\/logo\/image\/"}}]}},"_links":{"self":[{"href":"https:\/\/www.fineamin.de\/fr\/wp-json\/wp\/v2\/pages\/3286","targetHints":{"allow":["GET"]}}],"collection":[{"href":"https:\/\/www.fineamin.de\/fr\/wp-json\/wp\/v2\/pages"}],"about":[{"href":"https:\/\/www.fineamin.de\/fr\/wp-json\/wp\/v2\/types\/page"}],"author":[{"embeddable":true,"href":"https:\/\/www.fineamin.de\/fr\/wp-json\/wp\/v2\/users\/4"}],"replies":[{"embeddable":true,"href":"https:\/\/www.fineamin.de\/fr\/wp-json\/wp\/v2\/comments?post=3286"}],"version-history":[{"count":10,"href":"https:\/\/www.fineamin.de\/fr\/wp-json\/wp\/v2\/pages\/3286\/revisions"}],"predecessor-version":[{"id":6628,"href":"https:\/\/www.fineamin.de\/fr\/wp-json\/wp\/v2\/pages\/3286\/revisions\/6628"}],"wp:attachment":[{"href":"https:\/\/www.fineamin.de\/fr\/wp-json\/wp\/v2\/media?parent=3286"}],"curies":[{"name":"wp","href":"https:\/\/api.w.org\/{rel}","templated":true}]}}