{"id":3251,"date":"2023-06-06T08:42:22","date_gmt":"2023-06-06T06:42:22","guid":{"rendered":"https:\/\/www.fineamin.de\/konservieren_von_dampfkesseln_und_heisswassererzeugern\/"},"modified":"2024-07-11T11:24:40","modified_gmt":"2024-07-11T09:24:40","slug":"konservieren_von_dampfkesseln_und_heisswassererzeugern","status":"publish","type":"page","link":"https:\/\/www.fineamin.de\/fr\/konservieren_von_dampfkesseln_und_heisswassererzeugern\/","title":{"rendered":"Conservation des chaudi\u00e8res \u00e0 vapeur et des g\u00e9n\u00e9rateurs d&rsquo;eau chaude"},"content":{"rendered":"\t\t<div data-elementor-type=\"wp-page\" data-elementor-id=\"3251\" class=\"elementor elementor-3251 elementor-760\" data-elementor-post-type=\"page\">\n\t\t\t\t\t\t<section class=\"elementor-section elementor-top-section elementor-element elementor-element-c00abc6 elementor-section-full_width elementor-section-height-default elementor-section-height-default\" data-id=\"c00abc6\" data-element_type=\"section\" data-e-type=\"section\">\n\t\t\t\t\t\t<div class=\"elementor-container elementor-column-gap-default\">\n\t\t\t\t\t<div class=\"elementor-column elementor-col-100 elementor-top-column elementor-element elementor-element-3c13be5\" data-id=\"3c13be5\" data-element_type=\"column\" data-e-type=\"column\">\n\t\t\t<div class=\"elementor-widget-wrap elementor-element-populated\">\n\t\t\t\t\t\t<section class=\"elementor-section elementor-inner-section elementor-element elementor-element-289739a elementor-section-content-middle elementor-section-boxed elementor-section-height-default elementor-section-height-default\" data-id=\"289739a\" data-element_type=\"section\" data-e-type=\"section\" data-settings=\"{&quot;background_background&quot;:&quot;classic&quot;}\">\n\t\t\t\t\t\t\t<div class=\"elementor-background-overlay\"><\/div>\n\t\t\t\t\t\t\t<div class=\"elementor-container elementor-column-gap-default\">\n\t\t\t\t\t<div class=\"elementor-column elementor-col-100 elementor-inner-column elementor-element elementor-element-ee240ff\" data-id=\"ee240ff\" data-element_type=\"column\" data-e-type=\"column\">\n\t\t\t<div class=\"elementor-widget-wrap elementor-element-populated\">\n\t\t\t\t\t\t<div class=\"elementor-element elementor-element-81f0dc8 elementor-widget elementor-widget-heading\" data-id=\"81f0dc8\" data-element_type=\"widget\" data-e-type=\"widget\" data-widget_type=\"heading.default\">\n\t\t\t\t<div class=\"elementor-widget-container\">\n\t\t\t\t\t<h2 class=\"elementor-heading-title elementor-size-default\">Conservation des chaudi\u00e8res \u00e0 vapeur et des g\u00e9n\u00e9rateurs d'eau chaude\n<\/h2>\t\t\t\t<\/div>\n\t\t\t\t<\/div>\n\t\t\t\t\t<\/div>\n\t\t<\/div>\n\t\t\t\t\t<\/div>\n\t\t<\/section>\n\t\t\t\t\t<\/div>\n\t\t<\/div>\n\t\t\t\t\t<\/div>\n\t\t<\/section>\n\t\t\t\t<section class=\"elementor-section elementor-top-section elementor-element elementor-element-503a7dc elementor-reverse-mobile elementor-section-boxed elementor-section-height-default elementor-section-height-default\" data-id=\"503a7dc\" data-element_type=\"section\" data-e-type=\"section\">\n\t\t\t\t\t\t<div class=\"elementor-container elementor-column-gap-default\">\n\t\t\t\t\t<div class=\"elementor-column elementor-col-33 elementor-top-column elementor-element elementor-element-078ee33\" data-id=\"078ee33\" data-element_type=\"column\" data-e-type=\"column\">\n\t\t\t<div class=\"elementor-widget-wrap elementor-element-populated\">\n\t\t\t\t\t\t<div class=\"elementor-element elementor-element-c29039a elementor-widget__width-auto heaing_style elementor-widget elementor-widget-heading\" data-id=\"c29039a\" data-element_type=\"widget\" data-e-type=\"widget\" data-widget_type=\"heading.default\">\n\t\t\t\t<div class=\"elementor-widget-container\">\n\t\t\t\t\t<h2 class=\"elementor-heading-title elementor-size-default\">Conservation des g\u00e9n\u00e9rateurs de vapeur et des syst\u00e8mes d'alimentation en eau<\/h2>\t\t\t\t<\/div>\n\t\t\t\t<\/div>\n\t\t\t\t<div class=\"elementor-element elementor-element-121d64d elementor-widget elementor-widget-text-editor\" data-id=\"121d64d\" data-element_type=\"widget\" data-e-type=\"widget\" data-widget_type=\"text-editor.default\">\n\t\t\t\t<div class=\"elementor-widget-container\">\n\t\t\t\t\t\t\t\t\t<p>Pour des raisons op\u00e9rationnelles, il est fr\u00e9quent que certains g\u00e9n\u00e9rateurs de vapeur ou d&rsquo;eau chaude dans les centrales industrielles et thermiques soient mis hors service pendant un certain temps, mais ils doivent \u00eatre pr\u00eats \u00e0 d\u00e9marrer rapidement \u00e0 tout moment.<\/p>\n<p>Dans ce contexte, les chaudi\u00e8res et les parties de l&rsquo;installation mises hors service doivent \u00eatre prot\u00e9g\u00e9es de mani\u00e8re fiable contre la corrosion \u00e0 l&rsquo;arr\u00eat.<\/p>\n<p>En fonction de la dur\u00e9e de l&rsquo;arr\u00eat et des possibilit\u00e9s techniques sur site, nous proposons diff\u00e9rentes variantes de conservation par voie humide pour les g\u00e9n\u00e9rateurs de vapeur et les chaudi\u00e8res.<\/p>\n<p>La m\u00e9thode de conservation est alors sp\u00e9cialement adapt\u00e9e aux conditions de l&rsquo;installation.<\/p>\n\t\t\t\t\t\t\t\t<\/div>\n\t\t\t\t<\/div>\n\t\t\t\t<div class=\"elementor-element elementor-element-cfdcbdb elementor-widget elementor-widget-button\" data-id=\"cfdcbdb\" data-element_type=\"widget\" data-e-type=\"widget\" data-widget_type=\"button.default\">\n\t\t\t\t<div class=\"elementor-widget-container\">\n\t\t\t\t\t\t\t\t\t<div class=\"elementor-button-wrapper\">\n\t\t\t\t\t<a class=\"elementor-button elementor-button-link elementor-size-sm\" href=\"https:\/\/www.fineamin.fr\/kontakt\/\">\n\t\t\t\t\t\t<span class=\"elementor-button-content-wrapper\">\n\t\t\t\t\t\t\t\t\t<span class=\"elementor-button-text\">contacter maintenant<\/span>\n\t\t\t\t\t<\/span>\n\t\t\t\t\t<\/a>\n\t\t\t\t<\/div>\n\t\t\t\t\t\t\t\t<\/div>\n\t\t\t\t<\/div>\n\t\t\t\t\t<\/div>\n\t\t<\/div>\n\t\t\t\t<div class=\"elementor-column elementor-col-66 elementor-top-column elementor-element elementor-element-03fb88c\" data-id=\"03fb88c\" data-element_type=\"column\" data-e-type=\"column\">\n\t\t\t<div class=\"elementor-widget-wrap elementor-element-populated\">\n\t\t\t\t\t\t<div class=\"elementor-element elementor-element-2d29a5c elementor-widget elementor-widget-jet-image-comparison\" data-id=\"2d29a5c\" data-element_type=\"widget\" data-e-type=\"widget\" data-settings=\"{&quot;slides_to_show&quot;:&quot;1&quot;}\" data-widget_type=\"jet-image-comparison.default\">\n\t\t\t\t<div class=\"elementor-widget-container\">\n\t\t\t\t\t<div class=\"elementor-jet-image-comparison jet-elements\"><div class=\"jet-image-comparison\">\n\t<div class=\"jet-image-comparison__instance elementor-slick-slider\" data-settings='{&quot;slidesToShow&quot;:{&quot;desktop&quot;:1},&quot;autoplaySpeed&quot;:5000,&quot;autoplay&quot;:true,&quot;pauseOnHover&quot;:false,&quot;speed&quot;:500,&quot;arrows&quot;:false,&quot;dots&quot;:true,&quot;slidesToScroll&quot;:1,&quot;prevArrow&quot;:&quot;.jet-image-comparison__prev-arrow-2d29a5c&quot;,&quot;nextArrow&quot;:&quot;.jet-image-comparison__next-arrow-2d29a5c&quot;,&quot;rtl&quot;:false}' dir=\"ltr\">\n<div class=\"jet-image-comparison__item\">\n\t<div class=\"jet-image-comparison__container jet-juxtapose\"\n\t\tdata-prev-icon=\"&lt;svg width=&quot;24&quot; height=&quot;24&quot; viewBox=&quot;0 0 24 24&quot; fill=&quot;none&quot; xmlns=&quot;http:\/\/www.w3.org\/2000\/svg&quot;&gt;&lt;path d=&quot;M14.425 5.9749L14.425 18.0249L8.39999 11.9999L14.425 5.9749Z&quot; fill=&quot;#0F172A&quot;\/&gt;&lt;\/svg&gt;\"\n\t\tdata-next-icon=\"&lt;svg width=&quot;24&quot; height=&quot;24&quot; viewBox=&quot;0 0 24 24&quot; fill=&quot;none&quot; xmlns=&quot;http:\/\/www.w3.org\/2000\/svg&quot;&gt;&lt;path d=&quot;M9.57501 18.0251V5.9751L15.6 12.0001L9.57501 18.0251Z&quot; fill=&quot;#0F172A&quot;\/&gt;&lt;\/svg&gt;\"\n\t\tdata-makeresponsive=\"true\"\n\t\tdata-startingposition=\"50%\">\n\t\t\n\t\t<img class=\"jet-image-comparison__before-image a3-notlazy\"\n\t\t\tsrc=\"https:\/\/www.fineamin.de\/wp-content\/uploads\/2023\/06\/Wassertropfen_1-e6a195d6.jpg\"\n\t\t\t\t\t\talt=\"Wassertropfen_1-e6a195d6\"\n\t\t\tdata-no-lazy=\"1\">\n\n\t\t<img class=\"jet-image-comparison__after-image a3-notlazy\"\n\t\t\tsrc=\"https:\/\/www.fineamin.de\/wp-content\/uploads\/2023\/06\/Wassertropfen_2-61a0f469.jpg\"\n\t\t\t\t\t\talt=\"Wassertropfen_2-61a0f469\"\n\t\t\tdata-no-lazy=\"1\">\n\t<\/div>\n<\/div>\n\n<\/div>\n<\/div>\n<\/div>\t\t\t\t<\/div>\n\t\t\t\t<\/div>\n\t\t\t\t\t<\/div>\n\t\t<\/div>\n\t\t\t\t\t<\/div>\n\t\t<\/section>\n\t\t\t\t<\/div>\n\t\t","protected":false},"excerpt":{"rendered":"<p>Conservation des chaudi\u00e8res \u00e0 vapeur et des g\u00e9n\u00e9rateurs d&rsquo;eau chaude Conservation des g\u00e9n\u00e9rateurs de vapeur et des syst\u00e8mes d&rsquo;alimentation en eau Pour des raisons op\u00e9rationnelles, il est fr\u00e9quent que certains g\u00e9n\u00e9rateurs de vapeur ou d&rsquo;eau chaude dans les centrales industrielles et thermiques soient mis hors service pendant un certain temps, mais ils doivent \u00eatre pr\u00eats [&hellip;]<\/p>\n","protected":false},"author":4,"featured_media":0,"parent":0,"menu_order":0,"comment_status":"closed","ping_status":"closed","template":"elementor_header_footer","meta":{"footnotes":""},"class_list":["post-3251","page","type-page","status-publish","hentry"],"yoast_head":"<!-- This site is optimized with the Yoast SEO plugin v27.5 - https:\/\/yoast.com\/product\/yoast-seo-wordpress\/ -->\n<title>Conservation des chaudi\u00e8res \u00e0 vapeur et des g\u00e9n\u00e9rateurs d&#039;eau chaude - CWB Wasserbehandlung<\/title>\n<meta name=\"description\" content=\"Protection contre la corrosion des chaudi\u00e8res \u00e0 vapeur et des g\u00e9n\u00e9rateurs d&#039;eau chaude gr\u00e2ce \u00e0 la conservation \u00e0 l&#039;arr\u00eat. Conservation avec des amines filmog\u00e8nes.\" \/>\n<meta name=\"robots\" content=\"index, follow, max-snippet:-1, max-image-preview:large, max-video-preview:-1\" \/>\n<link rel=\"canonical\" href=\"https:\/\/www.fineamin.de\/fr\/konservieren_von_dampfkesseln_und_heisswassererzeugern\/\" \/>\n<meta property=\"og:locale\" content=\"fr_FR\" \/>\n<meta property=\"og:type\" content=\"article\" \/>\n<meta property=\"og:title\" content=\"Conservation des chaudi\u00e8res \u00e0 vapeur et des g\u00e9n\u00e9rateurs d&#039;eau chaude - CWB Wasserbehandlung\" \/>\n<meta property=\"og:description\" content=\"Protection contre la corrosion des chaudi\u00e8res \u00e0 vapeur et des g\u00e9n\u00e9rateurs d&#039;eau chaude gr\u00e2ce \u00e0 la conservation \u00e0 l&#039;arr\u00eat. Conservation avec des amines filmog\u00e8nes.\" \/>\n<meta property=\"og:url\" content=\"https:\/\/www.fineamin.de\/fr\/konservieren_von_dampfkesseln_und_heisswassererzeugern\/\" \/>\n<meta property=\"og:site_name\" content=\"CWB Wasserbehandlung\" \/>\n<meta property=\"article:modified_time\" content=\"2024-07-11T09:24:40+00:00\" \/>\n<meta property=\"og:image\" content=\"https:\/\/www.fineamin.de\/wp-content\/uploads\/2023\/06\/Wassertropfen_1-e6a195d6.jpg\" \/>\n<meta name=\"twitter:card\" content=\"summary_large_image\" \/>\n<meta name=\"twitter:label1\" content=\"Dur\u00e9e de lecture estim\u00e9e\" \/>\n\t<meta name=\"twitter:data1\" content=\"2 minutes\" \/>\n<script type=\"application\/ld+json\" class=\"yoast-schema-graph\">{\"@context\":\"https:\\\/\\\/schema.org\",\"@graph\":[{\"@type\":\"WebPage\",\"@id\":\"https:\\\/\\\/www.fineamin.de\\\/fr\\\/konservieren_von_dampfkesseln_und_heisswassererzeugern\\\/\",\"url\":\"https:\\\/\\\/www.fineamin.de\\\/fr\\\/konservieren_von_dampfkesseln_und_heisswassererzeugern\\\/\",\"name\":\"Conservation des chaudi\u00e8res \u00e0 vapeur et des g\u00e9n\u00e9rateurs d'eau chaude - CWB Wasserbehandlung\",\"isPartOf\":{\"@id\":\"https:\\\/\\\/www.fineamin.de\\\/#website\"},\"primaryImageOfPage\":{\"@id\":\"https:\\\/\\\/www.fineamin.de\\\/fr\\\/konservieren_von_dampfkesseln_und_heisswassererzeugern\\\/#primaryimage\"},\"image\":{\"@id\":\"https:\\\/\\\/www.fineamin.de\\\/fr\\\/konservieren_von_dampfkesseln_und_heisswassererzeugern\\\/#primaryimage\"},\"thumbnailUrl\":\"https:\\\/\\\/www.fineamin.de\\\/wp-content\\\/uploads\\\/2023\\\/06\\\/Wassertropfen_1-e6a195d6.jpg\",\"datePublished\":\"2023-06-06T06:42:22+00:00\",\"dateModified\":\"2024-07-11T09:24:40+00:00\",\"description\":\"Protection contre la corrosion des chaudi\u00e8res \u00e0 vapeur et des g\u00e9n\u00e9rateurs d'eau chaude gr\u00e2ce \u00e0 la conservation \u00e0 l'arr\u00eat. Conservation avec des amines filmog\u00e8nes.\",\"breadcrumb\":{\"@id\":\"https:\\\/\\\/www.fineamin.de\\\/fr\\\/konservieren_von_dampfkesseln_und_heisswassererzeugern\\\/#breadcrumb\"},\"inLanguage\":\"fr-FR\",\"potentialAction\":[{\"@type\":\"ReadAction\",\"target\":[\"https:\\\/\\\/www.fineamin.de\\\/fr\\\/konservieren_von_dampfkesseln_und_heisswassererzeugern\\\/\"]}]},{\"@type\":\"ImageObject\",\"inLanguage\":\"fr-FR\",\"@id\":\"https:\\\/\\\/www.fineamin.de\\\/fr\\\/konservieren_von_dampfkesseln_und_heisswassererzeugern\\\/#primaryimage\",\"url\":\"https:\\\/\\\/www.fineamin.de\\\/wp-content\\\/uploads\\\/2023\\\/06\\\/Wassertropfen_1-e6a195d6.jpg\",\"contentUrl\":\"https:\\\/\\\/www.fineamin.de\\\/wp-content\\\/uploads\\\/2023\\\/06\\\/Wassertropfen_1-e6a195d6.jpg\"},{\"@type\":\"BreadcrumbList\",\"@id\":\"https:\\\/\\\/www.fineamin.de\\\/fr\\\/konservieren_von_dampfkesseln_und_heisswassererzeugern\\\/#breadcrumb\",\"itemListElement\":[{\"@type\":\"ListItem\",\"position\":1,\"name\":\"Home\",\"item\":\"https:\\\/\\\/www.fineamin.de\\\/\"},{\"@type\":\"ListItem\",\"position\":2,\"name\":\"Conservation des chaudi\u00e8res \u00e0 vapeur et des g\u00e9n\u00e9rateurs d&#8217;eau chaude\"}]},{\"@type\":\"WebSite\",\"@id\":\"https:\\\/\\\/www.fineamin.de\\\/#website\",\"url\":\"https:\\\/\\\/www.fineamin.de\\\/\",\"name\":\"CWB Wasserbehandlung\",\"description\":\"Chemikalien zur Wasserbehandlung\",\"publisher\":{\"@id\":\"https:\\\/\\\/www.fineamin.de\\\/#organization\"},\"potentialAction\":[{\"@type\":\"SearchAction\",\"target\":{\"@type\":\"EntryPoint\",\"urlTemplate\":\"https:\\\/\\\/www.fineamin.de\\\/?s={search_term_string}\"},\"query-input\":{\"@type\":\"PropertyValueSpecification\",\"valueRequired\":true,\"valueName\":\"search_term_string\"}}],\"inLanguage\":\"fr-FR\"},{\"@type\":\"Organization\",\"@id\":\"https:\\\/\\\/www.fineamin.de\\\/#organization\",\"name\":\"CWB Wasserbehandlung\",\"url\":\"https:\\\/\\\/www.fineamin.de\\\/\",\"logo\":{\"@type\":\"ImageObject\",\"inLanguage\":\"fr-FR\",\"@id\":\"https:\\\/\\\/www.fineamin.de\\\/#\\\/schema\\\/logo\\\/image\\\/\",\"url\":\"https:\\\/\\\/www.fineamin.de\\\/wp-content\\\/uploads\\\/2022\\\/10\\\/Logo.png\",\"contentUrl\":\"https:\\\/\\\/www.fineamin.de\\\/wp-content\\\/uploads\\\/2022\\\/10\\\/Logo.png\",\"width\":251,\"height\":181,\"caption\":\"CWB Wasserbehandlung\"},\"image\":{\"@id\":\"https:\\\/\\\/www.fineamin.de\\\/#\\\/schema\\\/logo\\\/image\\\/\"}}]}<\/script>\n<!-- \/ Yoast SEO plugin. -->","yoast_head_json":{"title":"Conservation des chaudi\u00e8res \u00e0 vapeur et des g\u00e9n\u00e9rateurs d'eau chaude - CWB Wasserbehandlung","description":"Protection contre la corrosion des chaudi\u00e8res \u00e0 vapeur et des g\u00e9n\u00e9rateurs d'eau chaude gr\u00e2ce \u00e0 la conservation \u00e0 l'arr\u00eat. Conservation avec des amines filmog\u00e8nes.","robots":{"index":"index","follow":"follow","max-snippet":"max-snippet:-1","max-image-preview":"max-image-preview:large","max-video-preview":"max-video-preview:-1"},"canonical":"https:\/\/www.fineamin.de\/fr\/konservieren_von_dampfkesseln_und_heisswassererzeugern\/","og_locale":"fr_FR","og_type":"article","og_title":"Conservation des chaudi\u00e8res \u00e0 vapeur et des g\u00e9n\u00e9rateurs d'eau chaude - CWB Wasserbehandlung","og_description":"Protection contre la corrosion des chaudi\u00e8res \u00e0 vapeur et des g\u00e9n\u00e9rateurs d'eau chaude gr\u00e2ce \u00e0 la conservation \u00e0 l'arr\u00eat. Conservation avec des amines filmog\u00e8nes.","og_url":"https:\/\/www.fineamin.de\/fr\/konservieren_von_dampfkesseln_und_heisswassererzeugern\/","og_site_name":"CWB Wasserbehandlung","article_modified_time":"2024-07-11T09:24:40+00:00","og_image":[{"url":"https:\/\/www.fineamin.de\/wp-content\/uploads\/2023\/06\/Wassertropfen_1-e6a195d6.jpg","type":"","width":"","height":""}],"twitter_card":"summary_large_image","twitter_misc":{"Dur\u00e9e de lecture estim\u00e9e":"2 minutes"},"schema":{"@context":"https:\/\/schema.org","@graph":[{"@type":"WebPage","@id":"https:\/\/www.fineamin.de\/fr\/konservieren_von_dampfkesseln_und_heisswassererzeugern\/","url":"https:\/\/www.fineamin.de\/fr\/konservieren_von_dampfkesseln_und_heisswassererzeugern\/","name":"Conservation des chaudi\u00e8res \u00e0 vapeur et des g\u00e9n\u00e9rateurs d'eau chaude - CWB Wasserbehandlung","isPartOf":{"@id":"https:\/\/www.fineamin.de\/#website"},"primaryImageOfPage":{"@id":"https:\/\/www.fineamin.de\/fr\/konservieren_von_dampfkesseln_und_heisswassererzeugern\/#primaryimage"},"image":{"@id":"https:\/\/www.fineamin.de\/fr\/konservieren_von_dampfkesseln_und_heisswassererzeugern\/#primaryimage"},"thumbnailUrl":"https:\/\/www.fineamin.de\/wp-content\/uploads\/2023\/06\/Wassertropfen_1-e6a195d6.jpg","datePublished":"2023-06-06T06:42:22+00:00","dateModified":"2024-07-11T09:24:40+00:00","description":"Protection contre la corrosion des chaudi\u00e8res \u00e0 vapeur et des g\u00e9n\u00e9rateurs d'eau chaude gr\u00e2ce \u00e0 la conservation \u00e0 l'arr\u00eat. Conservation avec des amines filmog\u00e8nes.","breadcrumb":{"@id":"https:\/\/www.fineamin.de\/fr\/konservieren_von_dampfkesseln_und_heisswassererzeugern\/#breadcrumb"},"inLanguage":"fr-FR","potentialAction":[{"@type":"ReadAction","target":["https:\/\/www.fineamin.de\/fr\/konservieren_von_dampfkesseln_und_heisswassererzeugern\/"]}]},{"@type":"ImageObject","inLanguage":"fr-FR","@id":"https:\/\/www.fineamin.de\/fr\/konservieren_von_dampfkesseln_und_heisswassererzeugern\/#primaryimage","url":"https:\/\/www.fineamin.de\/wp-content\/uploads\/2023\/06\/Wassertropfen_1-e6a195d6.jpg","contentUrl":"https:\/\/www.fineamin.de\/wp-content\/uploads\/2023\/06\/Wassertropfen_1-e6a195d6.jpg"},{"@type":"BreadcrumbList","@id":"https:\/\/www.fineamin.de\/fr\/konservieren_von_dampfkesseln_und_heisswassererzeugern\/#breadcrumb","itemListElement":[{"@type":"ListItem","position":1,"name":"Home","item":"https:\/\/www.fineamin.de\/"},{"@type":"ListItem","position":2,"name":"Conservation des chaudi\u00e8res \u00e0 vapeur et des g\u00e9n\u00e9rateurs d&#8217;eau chaude"}]},{"@type":"WebSite","@id":"https:\/\/www.fineamin.de\/#website","url":"https:\/\/www.fineamin.de\/","name":"CWB Wasserbehandlung","description":"Chemikalien zur Wasserbehandlung","publisher":{"@id":"https:\/\/www.fineamin.de\/#organization"},"potentialAction":[{"@type":"SearchAction","target":{"@type":"EntryPoint","urlTemplate":"https:\/\/www.fineamin.de\/?s={search_term_string}"},"query-input":{"@type":"PropertyValueSpecification","valueRequired":true,"valueName":"search_term_string"}}],"inLanguage":"fr-FR"},{"@type":"Organization","@id":"https:\/\/www.fineamin.de\/#organization","name":"CWB Wasserbehandlung","url":"https:\/\/www.fineamin.de\/","logo":{"@type":"ImageObject","inLanguage":"fr-FR","@id":"https:\/\/www.fineamin.de\/#\/schema\/logo\/image\/","url":"https:\/\/www.fineamin.de\/wp-content\/uploads\/2022\/10\/Logo.png","contentUrl":"https:\/\/www.fineamin.de\/wp-content\/uploads\/2022\/10\/Logo.png","width":251,"height":181,"caption":"CWB Wasserbehandlung"},"image":{"@id":"https:\/\/www.fineamin.de\/#\/schema\/logo\/image\/"}}]}},"_links":{"self":[{"href":"https:\/\/www.fineamin.de\/fr\/wp-json\/wp\/v2\/pages\/3251","targetHints":{"allow":["GET"]}}],"collection":[{"href":"https:\/\/www.fineamin.de\/fr\/wp-json\/wp\/v2\/pages"}],"about":[{"href":"https:\/\/www.fineamin.de\/fr\/wp-json\/wp\/v2\/types\/page"}],"author":[{"embeddable":true,"href":"https:\/\/www.fineamin.de\/fr\/wp-json\/wp\/v2\/users\/4"}],"replies":[{"embeddable":true,"href":"https:\/\/www.fineamin.de\/fr\/wp-json\/wp\/v2\/comments?post=3251"}],"version-history":[{"count":5,"href":"https:\/\/www.fineamin.de\/fr\/wp-json\/wp\/v2\/pages\/3251\/revisions"}],"predecessor-version":[{"id":6034,"href":"https:\/\/www.fineamin.de\/fr\/wp-json\/wp\/v2\/pages\/3251\/revisions\/6034"}],"wp:attachment":[{"href":"https:\/\/www.fineamin.de\/fr\/wp-json\/wp\/v2\/media?parent=3251"}],"curies":[{"name":"wp","href":"https:\/\/api.w.org\/{rel}","templated":true}]}}