{"id":3150,"date":"2023-06-06T09:36:08","date_gmt":"2023-06-06T07:36:08","guid":{"rendered":"https:\/\/www.fineamin.de\/helawax\/"},"modified":"2024-07-24T15:49:40","modified_gmt":"2024-07-24T13:49:40","slug":"helawax","status":"publish","type":"page","link":"https:\/\/www.fineamin.de\/fr\/helawax\/","title":{"rendered":"HELAWAX"},"content":{"rendered":"\t\t<div data-elementor-type=\"wp-page\" data-elementor-id=\"3150\" class=\"elementor elementor-3150 elementor-890\" data-elementor-post-type=\"page\">\n\t\t\t\t\t\t<section class=\"elementor-section elementor-top-section elementor-element elementor-element-b479fc1 elementor-section-full_width elementor-section-height-default elementor-section-height-default\" data-id=\"b479fc1\" data-element_type=\"section\" data-e-type=\"section\">\n\t\t\t\t\t\t<div class=\"elementor-container elementor-column-gap-default\">\n\t\t\t\t\t<div class=\"elementor-column elementor-col-100 elementor-top-column elementor-element elementor-element-71cbb5a\" data-id=\"71cbb5a\" data-element_type=\"column\" data-e-type=\"column\">\n\t\t\t<div class=\"elementor-widget-wrap elementor-element-populated\">\n\t\t\t\t\t\t<section class=\"elementor-section elementor-inner-section elementor-element elementor-element-02e93b8 elementor-section-content-middle elementor-section-boxed elementor-section-height-default elementor-section-height-default\" data-id=\"02e93b8\" data-element_type=\"section\" data-e-type=\"section\" data-settings=\"{&quot;background_background&quot;:&quot;classic&quot;}\">\n\t\t\t\t\t\t\t<div class=\"elementor-background-overlay\"><\/div>\n\t\t\t\t\t\t\t<div class=\"elementor-container elementor-column-gap-default\">\n\t\t\t\t\t<div class=\"elementor-column elementor-col-100 elementor-inner-column elementor-element elementor-element-22fe52a\" data-id=\"22fe52a\" data-element_type=\"column\" data-e-type=\"column\">\n\t\t\t<div class=\"elementor-widget-wrap elementor-element-populated\">\n\t\t\t\t\t\t<div class=\"elementor-element elementor-element-ab170d1 elementor-widget elementor-widget-heading\" data-id=\"ab170d1\" data-element_type=\"widget\" data-e-type=\"widget\" data-widget_type=\"heading.default\">\n\t\t\t\t<div class=\"elementor-widget-container\">\n\t\t\t\t\t<h2 class=\"elementor-heading-title elementor-size-default\">HELAWAX<\/h2>\t\t\t\t<\/div>\n\t\t\t\t<\/div>\n\t\t\t\t\t<\/div>\n\t\t<\/div>\n\t\t\t\t\t<\/div>\n\t\t<\/section>\n\t\t\t\t\t<\/div>\n\t\t<\/div>\n\t\t\t\t\t<\/div>\n\t\t<\/section>\n\t\t\t\t<section class=\"elementor-section elementor-top-section elementor-element elementor-element-8eba3c4 elementor-reverse-mobile elementor-section-boxed elementor-section-height-default elementor-section-height-default\" data-id=\"8eba3c4\" data-element_type=\"section\" data-e-type=\"section\">\n\t\t\t\t\t\t<div class=\"elementor-container elementor-column-gap-default\">\n\t\t\t\t\t<div class=\"elementor-column elementor-col-50 elementor-top-column elementor-element elementor-element-5fea65a\" data-id=\"5fea65a\" data-element_type=\"column\" data-e-type=\"column\">\n\t\t\t<div class=\"elementor-widget-wrap elementor-element-populated\">\n\t\t\t\t\t\t<div class=\"elementor-element elementor-element-5108559 elementor-widget elementor-widget-heading\" data-id=\"5108559\" data-element_type=\"widget\" data-e-type=\"widget\" data-widget_type=\"heading.default\">\n\t\t\t\t<div class=\"elementor-widget-container\">\n\t\t\t\t\t<h2 class=\"elementor-heading-title elementor-size-default\">Produits chimiques sp\u00e9ciaux pour le traitement des eaux us\u00e9es et des \u00e9purateurs de fum\u00e9e<\/h2>\t\t\t\t<\/div>\n\t\t\t\t<\/div>\n\t\t\t\t<div class=\"elementor-element elementor-element-e1bc6ae heading___nw elementor-widget elementor-widget-text-editor\" data-id=\"e1bc6ae\" data-element_type=\"widget\" data-e-type=\"widget\" data-widget_type=\"text-editor.default\">\n\t\t\t\t<div class=\"elementor-widget-container\">\n\t\t\t\t\t\t\t\t\t<p>Avec nos produits HELAWAX, nous proposons des produits chimiques sp\u00e9ciaux pour nettoyer et \u00e9viter les d\u00e9p\u00f4ts et les incrustations (calcaire, gypse, magn\u00e9sium, MAP) dans les syst\u00e8mes d&rsquo;eau et d&rsquo;eaux us\u00e9es.<\/p><p>Ils sont utilis\u00e9s dans les stations d&rsquo;\u00e9puration, les centrales thermiques \u00e0 d\u00e9chets, les centrales \u00e9lectriques industrielles et \u00e0 charbon, ainsi que dans le <a href=\"https:\/\/www.fineamin.fr\/rauchgaswascher\/\" target=\"_blank\" rel=\"noopener\">lavage humide pour la d\u00e9sulfuration des gaz de fum\u00e9e.<\/a><\/p><p>Nous proposons \u00e9galement diff\u00e9rents produits pour la <a href=\"https:\/\/www.fineamin.fr\/helawax_w\/\" target=\"_blank\" rel=\"noopener\">pr\u00e9cipitation des m\u00e9taux lourds<\/a>.<\/p>\t\t\t\t\t\t\t\t<\/div>\n\t\t\t\t<\/div>\n\t\t\t\t<div class=\"elementor-element elementor-element-4723e5e elementor-widget elementor-widget-button\" data-id=\"4723e5e\" data-element_type=\"widget\" data-e-type=\"widget\" data-widget_type=\"button.default\">\n\t\t\t\t<div class=\"elementor-widget-container\">\n\t\t\t\t\t\t\t\t\t<div class=\"elementor-button-wrapper\">\n\t\t\t\t\t<a class=\"elementor-button elementor-button-link elementor-size-sm\" href=\"https:\/\/www.fineamin.fr\/kontakt\/\">\n\t\t\t\t\t\t<span class=\"elementor-button-content-wrapper\">\n\t\t\t\t\t\t\t\t\t<span class=\"elementor-button-text\">Demander une offre<\/span>\n\t\t\t\t\t<\/span>\n\t\t\t\t\t<\/a>\n\t\t\t\t<\/div>\n\t\t\t\t\t\t\t\t<\/div>\n\t\t\t\t<\/div>\n\t\t\t\t<div class=\"elementor-element elementor-element-f0f102f elementor-widget elementor-widget-image\" data-id=\"f0f102f\" data-element_type=\"widget\" data-e-type=\"widget\" data-widget_type=\"image.default\">\n\t\t\t\t<div class=\"elementor-widget-container\">\n\t\t\t\t\t\t\t\t\t\t\t\t\t\t\t<img fetchpriority=\"high\" decoding=\"async\" width=\"275\" height=\"275\" src=\"https:\/\/www.fineamin.de\/wp-content\/uploads\/2023\/03\/Swiss-Made-Logo.png\" class=\"attachment-full size-full wp-image-665\" alt=\"\" srcset=\"https:\/\/www.fineamin.de\/wp-content\/uploads\/2023\/03\/Swiss-Made-Logo.png 275w, https:\/\/www.fineamin.de\/wp-content\/uploads\/2023\/03\/Swiss-Made-Logo-150x150.png 150w\" sizes=\"(max-width: 275px) 100vw, 275px\" \/>\t\t\t\t\t\t\t\t\t\t\t\t\t\t\t<\/div>\n\t\t\t\t<\/div>\n\t\t\t\t\t<\/div>\n\t\t<\/div>\n\t\t\t\t<div class=\"elementor-column elementor-col-50 elementor-top-column elementor-element elementor-element-117853e\" data-id=\"117853e\" data-element_type=\"column\" data-e-type=\"column\">\n\t\t\t<div class=\"elementor-widget-wrap elementor-element-populated\">\n\t\t\t\t\t\t<div class=\"elementor-element elementor-element-f32ebae elementor-widget elementor-widget-image\" data-id=\"f32ebae\" data-element_type=\"widget\" data-e-type=\"widget\" data-widget_type=\"image.default\">\n\t\t\t\t<div class=\"elementor-widget-container\">\n\t\t\t\t\t\t\t\t\t\t\t\t\t\t\t<img decoding=\"async\" width=\"500\" height=\"315\" src=\"https:\/\/www.fineamin.de\/wp-content\/uploads\/2024\/01\/Rauchgaswaesche.jpg\" class=\"attachment-large size-large wp-image-4690\" alt=\"\" srcset=\"https:\/\/www.fineamin.de\/wp-content\/uploads\/2024\/01\/Rauchgaswaesche.jpg 500w, https:\/\/www.fineamin.de\/wp-content\/uploads\/2024\/01\/Rauchgaswaesche-300x189.jpg 300w\" sizes=\"(max-width: 500px) 100vw, 500px\" \/>\t\t\t\t\t\t\t\t\t\t\t\t\t\t\t<\/div>\n\t\t\t\t<\/div>\n\t\t\t\t<div class=\"elementor-element elementor-element-a340ff5 elementor-widget elementor-widget-image\" data-id=\"a340ff5\" data-element_type=\"widget\" data-e-type=\"widget\" data-widget_type=\"image.default\">\n\t\t\t\t<div class=\"elementor-widget-container\">\n\t\t\t\t\t\t\t\t\t\t\t\t\t\t\t<img decoding=\"async\" width=\"367\" height=\"200\" src=\"https:\/\/www.fineamin.de\/wp-content\/uploads\/2023\/06\/Schwermetallfaellung-b6e3c7c9.jpg\" class=\"attachment-large size-large wp-image-3023\" alt=\"\" srcset=\"https:\/\/www.fineamin.de\/wp-content\/uploads\/2023\/06\/Schwermetallfaellung-b6e3c7c9.jpg 367w, https:\/\/www.fineamin.de\/wp-content\/uploads\/2023\/06\/Schwermetallfaellung-b6e3c7c9-300x163.jpg 300w\" sizes=\"(max-width: 367px) 100vw, 367px\" \/>\t\t\t\t\t\t\t\t\t\t\t\t\t\t\t<\/div>\n\t\t\t\t<\/div>\n\t\t\t\t\t<\/div>\n\t\t<\/div>\n\t\t\t\t\t<\/div>\n\t\t<\/section>\n\t\t\t\t<\/div>\n\t\t","protected":false},"excerpt":{"rendered":"<p>HELAWAX Produits chimiques sp\u00e9ciaux pour le traitement des eaux us\u00e9es et des \u00e9purateurs de fum\u00e9e Avec nos produits HELAWAX, nous proposons des produits chimiques sp\u00e9ciaux pour nettoyer et \u00e9viter les d\u00e9p\u00f4ts et les incrustations (calcaire, gypse, magn\u00e9sium, MAP) dans les syst\u00e8mes d&rsquo;eau et d&rsquo;eaux us\u00e9es. Ils sont utilis\u00e9s dans les stations d&rsquo;\u00e9puration, les centrales thermiques [&hellip;]<\/p>\n","protected":false},"author":4,"featured_media":0,"parent":0,"menu_order":0,"comment_status":"closed","ping_status":"closed","template":"elementor_header_footer","meta":{"footnotes":""},"class_list":["post-3150","page","type-page","status-publish","hentry"],"yoast_head":"<!-- This site is optimized with the Yoast SEO plugin v27.3 - https:\/\/yoast.com\/product\/yoast-seo-wordpress\/ -->\n<title>HELAWAX - CWB Wasserbehandlung<\/title>\n<meta name=\"description\" content=\"Produit chimique sp\u00e9cial pour le traitement des laveurs de gaz de combustion et des syst\u00e8mes d&#039;\u00e9vacuation des eaux us\u00e9es contre les d\u00e9p\u00f4ts et pour la pr\u00e9cipitation des m\u00e9taux lourds.\" \/>\n<meta name=\"robots\" content=\"index, follow, max-snippet:-1, max-image-preview:large, max-video-preview:-1\" \/>\n<link rel=\"canonical\" href=\"https:\/\/www.fineamin.de\/helawax\/\" \/>\n<meta property=\"og:locale\" content=\"fr_FR\" \/>\n<meta property=\"og:type\" content=\"article\" \/>\n<meta property=\"og:title\" content=\"HELAWAX - CWB Wasserbehandlung\" \/>\n<meta property=\"og:description\" content=\"Produit chimique sp\u00e9cial pour le traitement des laveurs de gaz de combustion et des syst\u00e8mes d&#039;\u00e9vacuation des eaux us\u00e9es contre les d\u00e9p\u00f4ts et pour la pr\u00e9cipitation des m\u00e9taux lourds.\" \/>\n<meta property=\"og:url\" content=\"https:\/\/www.fineamin.de\/helawax\/\" \/>\n<meta property=\"og:site_name\" content=\"CWB Wasserbehandlung\" \/>\n<meta property=\"article:modified_time\" content=\"2024-07-24T13:49:40+00:00\" \/>\n<meta property=\"og:image\" content=\"https:\/\/www.fineamin.de\/wp-content\/uploads\/2023\/03\/Swiss-Made-Logo.png\" \/>\n<meta name=\"twitter:card\" content=\"summary_large_image\" \/>\n<meta name=\"twitter:label1\" content=\"Dur\u00e9e de lecture estim\u00e9e\" \/>\n\t<meta name=\"twitter:data1\" content=\"2 minutes\" \/>\n<script type=\"application\/ld+json\" class=\"yoast-schema-graph\">{\"@context\":\"https:\\\/\\\/schema.org\",\"@graph\":[{\"@type\":\"WebPage\",\"@id\":\"https:\\\/\\\/www.fineamin.de\\\/helawax\\\/\",\"url\":\"https:\\\/\\\/www.fineamin.de\\\/helawax\\\/\",\"name\":\"HELAWAX - CWB Wasserbehandlung\",\"isPartOf\":{\"@id\":\"https:\\\/\\\/www.fineamin.de\\\/#website\"},\"primaryImageOfPage\":{\"@id\":\"https:\\\/\\\/www.fineamin.de\\\/helawax\\\/#primaryimage\"},\"image\":{\"@id\":\"https:\\\/\\\/www.fineamin.de\\\/helawax\\\/#primaryimage\"},\"thumbnailUrl\":\"https:\\\/\\\/www.fineamin.de\\\/wp-content\\\/uploads\\\/2023\\\/03\\\/Swiss-Made-Logo.png\",\"datePublished\":\"2023-06-06T07:36:08+00:00\",\"dateModified\":\"2024-07-24T13:49:40+00:00\",\"description\":\"Produit chimique sp\u00e9cial pour le traitement des laveurs de gaz de combustion et des syst\u00e8mes d'\u00e9vacuation des eaux us\u00e9es contre les d\u00e9p\u00f4ts et pour la pr\u00e9cipitation des m\u00e9taux lourds.\",\"breadcrumb\":{\"@id\":\"https:\\\/\\\/www.fineamin.de\\\/helawax\\\/#breadcrumb\"},\"inLanguage\":\"fr-FR\",\"potentialAction\":[{\"@type\":\"ReadAction\",\"target\":[\"https:\\\/\\\/www.fineamin.de\\\/helawax\\\/\"]}]},{\"@type\":\"ImageObject\",\"inLanguage\":\"fr-FR\",\"@id\":\"https:\\\/\\\/www.fineamin.de\\\/helawax\\\/#primaryimage\",\"url\":\"https:\\\/\\\/www.fineamin.de\\\/wp-content\\\/uploads\\\/2023\\\/03\\\/Swiss-Made-Logo.png\",\"contentUrl\":\"https:\\\/\\\/www.fineamin.de\\\/wp-content\\\/uploads\\\/2023\\\/03\\\/Swiss-Made-Logo.png\"},{\"@type\":\"BreadcrumbList\",\"@id\":\"https:\\\/\\\/www.fineamin.de\\\/helawax\\\/#breadcrumb\",\"itemListElement\":[{\"@type\":\"ListItem\",\"position\":1,\"name\":\"Home\",\"item\":\"https:\\\/\\\/www.fineamin.de\\\/\"},{\"@type\":\"ListItem\",\"position\":2,\"name\":\"HELAWAX\"}]},{\"@type\":\"WebSite\",\"@id\":\"https:\\\/\\\/www.fineamin.de\\\/#website\",\"url\":\"https:\\\/\\\/www.fineamin.de\\\/\",\"name\":\"CWB Wasserbehandlung\",\"description\":\"Chemikalien zur Wasserbehandlung\",\"publisher\":{\"@id\":\"https:\\\/\\\/www.fineamin.de\\\/#organization\"},\"potentialAction\":[{\"@type\":\"SearchAction\",\"target\":{\"@type\":\"EntryPoint\",\"urlTemplate\":\"https:\\\/\\\/www.fineamin.de\\\/?s={search_term_string}\"},\"query-input\":{\"@type\":\"PropertyValueSpecification\",\"valueRequired\":true,\"valueName\":\"search_term_string\"}}],\"inLanguage\":\"fr-FR\"},{\"@type\":\"Organization\",\"@id\":\"https:\\\/\\\/www.fineamin.de\\\/#organization\",\"name\":\"CWB Wasserbehandlung\",\"url\":\"https:\\\/\\\/www.fineamin.de\\\/\",\"logo\":{\"@type\":\"ImageObject\",\"inLanguage\":\"fr-FR\",\"@id\":\"https:\\\/\\\/www.fineamin.de\\\/#\\\/schema\\\/logo\\\/image\\\/\",\"url\":\"https:\\\/\\\/www.fineamin.de\\\/wp-content\\\/uploads\\\/2022\\\/10\\\/Logo.png\",\"contentUrl\":\"https:\\\/\\\/www.fineamin.de\\\/wp-content\\\/uploads\\\/2022\\\/10\\\/Logo.png\",\"width\":251,\"height\":181,\"caption\":\"CWB Wasserbehandlung\"},\"image\":{\"@id\":\"https:\\\/\\\/www.fineamin.de\\\/#\\\/schema\\\/logo\\\/image\\\/\"}}]}<\/script>\n<!-- \/ Yoast SEO plugin. -->","yoast_head_json":{"title":"HELAWAX - CWB Wasserbehandlung","description":"Produit chimique sp\u00e9cial pour le traitement des laveurs de gaz de combustion et des syst\u00e8mes d'\u00e9vacuation des eaux us\u00e9es contre les d\u00e9p\u00f4ts et pour la pr\u00e9cipitation des m\u00e9taux lourds.","robots":{"index":"index","follow":"follow","max-snippet":"max-snippet:-1","max-image-preview":"max-image-preview:large","max-video-preview":"max-video-preview:-1"},"canonical":"https:\/\/www.fineamin.de\/helawax\/","og_locale":"fr_FR","og_type":"article","og_title":"HELAWAX - CWB Wasserbehandlung","og_description":"Produit chimique sp\u00e9cial pour le traitement des laveurs de gaz de combustion et des syst\u00e8mes d'\u00e9vacuation des eaux us\u00e9es contre les d\u00e9p\u00f4ts et pour la pr\u00e9cipitation des m\u00e9taux lourds.","og_url":"https:\/\/www.fineamin.de\/helawax\/","og_site_name":"CWB Wasserbehandlung","article_modified_time":"2024-07-24T13:49:40+00:00","og_image":[{"url":"https:\/\/www.fineamin.de\/wp-content\/uploads\/2023\/03\/Swiss-Made-Logo.png","type":"","width":"","height":""}],"twitter_card":"summary_large_image","twitter_misc":{"Dur\u00e9e de lecture estim\u00e9e":"2 minutes"},"schema":{"@context":"https:\/\/schema.org","@graph":[{"@type":"WebPage","@id":"https:\/\/www.fineamin.de\/helawax\/","url":"https:\/\/www.fineamin.de\/helawax\/","name":"HELAWAX - CWB Wasserbehandlung","isPartOf":{"@id":"https:\/\/www.fineamin.de\/#website"},"primaryImageOfPage":{"@id":"https:\/\/www.fineamin.de\/helawax\/#primaryimage"},"image":{"@id":"https:\/\/www.fineamin.de\/helawax\/#primaryimage"},"thumbnailUrl":"https:\/\/www.fineamin.de\/wp-content\/uploads\/2023\/03\/Swiss-Made-Logo.png","datePublished":"2023-06-06T07:36:08+00:00","dateModified":"2024-07-24T13:49:40+00:00","description":"Produit chimique sp\u00e9cial pour le traitement des laveurs de gaz de combustion et des syst\u00e8mes d'\u00e9vacuation des eaux us\u00e9es contre les d\u00e9p\u00f4ts et pour la pr\u00e9cipitation des m\u00e9taux lourds.","breadcrumb":{"@id":"https:\/\/www.fineamin.de\/helawax\/#breadcrumb"},"inLanguage":"fr-FR","potentialAction":[{"@type":"ReadAction","target":["https:\/\/www.fineamin.de\/helawax\/"]}]},{"@type":"ImageObject","inLanguage":"fr-FR","@id":"https:\/\/www.fineamin.de\/helawax\/#primaryimage","url":"https:\/\/www.fineamin.de\/wp-content\/uploads\/2023\/03\/Swiss-Made-Logo.png","contentUrl":"https:\/\/www.fineamin.de\/wp-content\/uploads\/2023\/03\/Swiss-Made-Logo.png"},{"@type":"BreadcrumbList","@id":"https:\/\/www.fineamin.de\/helawax\/#breadcrumb","itemListElement":[{"@type":"ListItem","position":1,"name":"Home","item":"https:\/\/www.fineamin.de\/"},{"@type":"ListItem","position":2,"name":"HELAWAX"}]},{"@type":"WebSite","@id":"https:\/\/www.fineamin.de\/#website","url":"https:\/\/www.fineamin.de\/","name":"CWB Wasserbehandlung","description":"Chemikalien zur Wasserbehandlung","publisher":{"@id":"https:\/\/www.fineamin.de\/#organization"},"potentialAction":[{"@type":"SearchAction","target":{"@type":"EntryPoint","urlTemplate":"https:\/\/www.fineamin.de\/?s={search_term_string}"},"query-input":{"@type":"PropertyValueSpecification","valueRequired":true,"valueName":"search_term_string"}}],"inLanguage":"fr-FR"},{"@type":"Organization","@id":"https:\/\/www.fineamin.de\/#organization","name":"CWB Wasserbehandlung","url":"https:\/\/www.fineamin.de\/","logo":{"@type":"ImageObject","inLanguage":"fr-FR","@id":"https:\/\/www.fineamin.de\/#\/schema\/logo\/image\/","url":"https:\/\/www.fineamin.de\/wp-content\/uploads\/2022\/10\/Logo.png","contentUrl":"https:\/\/www.fineamin.de\/wp-content\/uploads\/2022\/10\/Logo.png","width":251,"height":181,"caption":"CWB Wasserbehandlung"},"image":{"@id":"https:\/\/www.fineamin.de\/#\/schema\/logo\/image\/"}}]}},"_links":{"self":[{"href":"https:\/\/www.fineamin.de\/fr\/wp-json\/wp\/v2\/pages\/3150","targetHints":{"allow":["GET"]}}],"collection":[{"href":"https:\/\/www.fineamin.de\/fr\/wp-json\/wp\/v2\/pages"}],"about":[{"href":"https:\/\/www.fineamin.de\/fr\/wp-json\/wp\/v2\/types\/page"}],"author":[{"embeddable":true,"href":"https:\/\/www.fineamin.de\/fr\/wp-json\/wp\/v2\/users\/4"}],"replies":[{"embeddable":true,"href":"https:\/\/www.fineamin.de\/fr\/wp-json\/wp\/v2\/comments?post=3150"}],"version-history":[{"count":8,"href":"https:\/\/www.fineamin.de\/fr\/wp-json\/wp\/v2\/pages\/3150\/revisions"}],"predecessor-version":[{"id":6388,"href":"https:\/\/www.fineamin.de\/fr\/wp-json\/wp\/v2\/pages\/3150\/revisions\/6388"}],"wp:attachment":[{"href":"https:\/\/www.fineamin.de\/fr\/wp-json\/wp\/v2\/media?parent=3150"}],"curies":[{"name":"wp","href":"https:\/\/api.w.org\/{rel}","templated":true}]}}