{"id":3142,"date":"2023-06-06T09:07:54","date_gmt":"2023-06-06T07:07:54","guid":{"rendered":"https:\/\/www.fineamin.de\/fineamin\/"},"modified":"2024-07-29T15:22:20","modified_gmt":"2024-07-29T13:22:20","slug":"fineamin","status":"publish","type":"page","link":"https:\/\/www.fineamin.de\/fr\/fineamin\/","title":{"rendered":"FINEAMIN"},"content":{"rendered":"\t\t<div data-elementor-type=\"wp-page\" data-elementor-id=\"3142\" class=\"elementor elementor-3142 elementor-824\" data-elementor-post-type=\"page\">\n\t\t\t\t\t\t<section class=\"elementor-section elementor-top-section elementor-element elementor-element-4116479 elementor-section-full_width elementor-section-height-default elementor-section-height-default\" data-id=\"4116479\" data-element_type=\"section\" data-e-type=\"section\">\n\t\t\t\t\t\t<div class=\"elementor-container elementor-column-gap-default\">\n\t\t\t\t\t<div class=\"elementor-column elementor-col-100 elementor-top-column elementor-element elementor-element-50f44d7\" data-id=\"50f44d7\" data-element_type=\"column\" data-e-type=\"column\">\n\t\t\t<div class=\"elementor-widget-wrap elementor-element-populated\">\n\t\t\t\t\t\t<section class=\"elementor-section elementor-inner-section elementor-element elementor-element-2bd25cc elementor-section-content-middle elementor-section-boxed elementor-section-height-default elementor-section-height-default\" data-id=\"2bd25cc\" data-element_type=\"section\" data-e-type=\"section\" data-settings=\"{&quot;background_background&quot;:&quot;classic&quot;}\">\n\t\t\t\t\t\t\t<div class=\"elementor-background-overlay\"><\/div>\n\t\t\t\t\t\t\t<div class=\"elementor-container elementor-column-gap-default\">\n\t\t\t\t\t<div class=\"elementor-column elementor-col-100 elementor-inner-column elementor-element elementor-element-1713d5d\" data-id=\"1713d5d\" data-element_type=\"column\" data-e-type=\"column\">\n\t\t\t<div class=\"elementor-widget-wrap elementor-element-populated\">\n\t\t\t\t\t\t<div class=\"elementor-element elementor-element-d5cd4ad elementor-widget elementor-widget-heading\" data-id=\"d5cd4ad\" data-element_type=\"widget\" data-e-type=\"widget\" data-widget_type=\"heading.default\">\n\t\t\t\t<div class=\"elementor-widget-container\">\n\t\t\t\t\t<h2 class=\"elementor-heading-title elementor-size-default\">FINEAMIN<\/h2>\t\t\t\t<\/div>\n\t\t\t\t<\/div>\n\t\t\t\t\t<\/div>\n\t\t<\/div>\n\t\t\t\t\t<\/div>\n\t\t<\/section>\n\t\t\t\t\t<\/div>\n\t\t<\/div>\n\t\t\t\t\t<\/div>\n\t\t<\/section>\n\t\t\t\t<section class=\"elementor-section elementor-top-section elementor-element elementor-element-4a3ed3e elementor-reverse-mobile elementor-section-boxed elementor-section-height-default elementor-section-height-default\" data-id=\"4a3ed3e\" data-element_type=\"section\" data-e-type=\"section\">\n\t\t\t\t\t\t<div class=\"elementor-container elementor-column-gap-default\">\n\t\t\t\t\t<div class=\"elementor-column elementor-col-33 elementor-top-column elementor-element elementor-element-b5f0a98\" data-id=\"b5f0a98\" data-element_type=\"column\" data-e-type=\"column\">\n\t\t\t<div class=\"elementor-widget-wrap elementor-element-populated\">\n\t\t\t\t\t\t<div class=\"elementor-element elementor-element-57640f5 elementor-widget__width-auto heaing_style elementor-widget elementor-widget-heading\" data-id=\"57640f5\" data-element_type=\"widget\" data-e-type=\"widget\" data-widget_type=\"heading.default\">\n\t\t\t\t<div class=\"elementor-widget-container\">\n\t\t\t\t\t<h2 class=\"elementor-heading-title elementor-size-default\">Polyamine - Technologie de traitement de l'eau<\/h2>\t\t\t\t<\/div>\n\t\t\t\t<\/div>\n\t\t\t\t<div class=\"elementor-element elementor-element-6814d2e elementor-widget elementor-widget-text-editor\" data-id=\"6814d2e\" data-element_type=\"widget\" data-e-type=\"widget\" data-widget_type=\"text-editor.default\">\n\t\t\t\t<div class=\"elementor-widget-container\">\n\t\t\t\t\t\t\t\t\t<p>FINEAMIN<sup>\u00ae<\/sup> sont des produits chimiques organiques sp\u00e9cialis\u00e9s pour le traitement de <a href=\"https:\/\/www.fineamin.fr\/dampferzeuger\/\" target=\"_blank\" rel=\"noopener\">l&rsquo;eau de chaudi\u00e8re<\/a>, de l&rsquo;eau d&rsquo;alimentation de chaudi\u00e8re, des syst\u00e8mes de vapeur et de condensat, de <a href=\"https:\/\/www.fineamin.fr\/fernwarme\/\" target=\"_blank\" rel=\"noopener\">l&rsquo;eau chaude<\/a>, de l&rsquo;eau surchauff\u00e9e et de <a href=\"https:\/\/www.fineamin.fr\/kuehlwasserbehandlung\/\" target=\"_blank\" rel=\"noopener\">l&rsquo;eau de refroidissement.<\/a><\/p><p>La gamme de produits comprend diff\u00e9rentes combinaisons d&rsquo;amines alcalinisantes, de polyamines tensioactives, de polym\u00e8res et de polyacrylates dispersants.<\/p><p>Cette technologie aux amines offre une protection fiable contre la corrosion et les d\u00e9p\u00f4ts dans tous les types de syst\u00e8mes d&rsquo;eau et de vapeur.<\/p><p>Certains produits FINEAMIN<sup>\u00ae<\/sup> ne sont pas volatils \u00e0 la vapeur et sont donc approuv\u00e9s pour une utilisation dans l&rsquo;<a href=\"https:\/\/www.fineamin.fr\/lebensmittelindustrie\/\" target=\"_blank\" rel=\"noopener\">industrie alimentaire<\/a>.<\/p>\t\t\t\t\t\t\t\t<\/div>\n\t\t\t\t<\/div>\n\t\t\t\t<div class=\"elementor-element elementor-element-b9578c3 elementor-widget elementor-widget-button\" data-id=\"b9578c3\" data-element_type=\"widget\" data-e-type=\"widget\" data-widget_type=\"button.default\">\n\t\t\t\t<div class=\"elementor-widget-container\">\n\t\t\t\t\t\t\t\t\t<div class=\"elementor-button-wrapper\">\n\t\t\t\t\t<a class=\"elementor-button elementor-button-link elementor-size-sm\" href=\"https:\/\/www.fineamin.fr\/kontakt\/\">\n\t\t\t\t\t\t<span class=\"elementor-button-content-wrapper\">\n\t\t\t\t\t\t\t\t\t<span class=\"elementor-button-text\">contacter maintenant<\/span>\n\t\t\t\t\t<\/span>\n\t\t\t\t\t<\/a>\n\t\t\t\t<\/div>\n\t\t\t\t\t\t\t\t<\/div>\n\t\t\t\t<\/div>\n\t\t\t\t\t<\/div>\n\t\t<\/div>\n\t\t\t\t<div class=\"elementor-column elementor-col-66 elementor-top-column elementor-element elementor-element-c135f08\" data-id=\"c135f08\" data-element_type=\"column\" data-e-type=\"column\">\n\t\t\t<div class=\"elementor-widget-wrap elementor-element-populated\">\n\t\t\t\t\t\t<div class=\"elementor-element elementor-element-70beb4d elementor-widget elementor-widget-image\" data-id=\"70beb4d\" data-element_type=\"widget\" data-e-type=\"widget\" data-widget_type=\"image.default\">\n\t\t\t\t<div class=\"elementor-widget-container\">\n\t\t\t\t\t\t\t\t\t\t\t\t\t\t\t<img fetchpriority=\"high\" decoding=\"async\" width=\"600\" height=\"320\" src=\"https:\/\/www.fineamin.de\/wp-content\/uploads\/2024\/01\/Wasserbehandlung-Chemie.jpg\" class=\"attachment-full size-full wp-image-4675\" alt=\"\" srcset=\"https:\/\/www.fineamin.de\/wp-content\/uploads\/2024\/01\/Wasserbehandlung-Chemie.jpg 600w, https:\/\/www.fineamin.de\/wp-content\/uploads\/2024\/01\/Wasserbehandlung-Chemie-300x160.jpg 300w\" sizes=\"(max-width: 600px) 100vw, 600px\" \/>\t\t\t\t\t\t\t\t\t\t\t\t\t\t\t<\/div>\n\t\t\t\t<\/div>\n\t\t\t\t\t<\/div>\n\t\t<\/div>\n\t\t\t\t\t<\/div>\n\t\t<\/section>\n\t\t\t\t<section class=\"elementor-section elementor-top-section elementor-element elementor-element-7256d63 elementor-section-full_width elementor-section-height-default elementor-section-height-default\" data-id=\"7256d63\" data-element_type=\"section\" data-e-type=\"section\">\n\t\t\t\t\t\t<div class=\"elementor-container elementor-column-gap-default\">\n\t\t\t\t\t<div class=\"elementor-column elementor-col-100 elementor-top-column elementor-element elementor-element-7561104\" data-id=\"7561104\" data-element_type=\"column\" data-e-type=\"column\">\n\t\t\t<div class=\"elementor-widget-wrap elementor-element-populated\">\n\t\t\t\t\t\t<section class=\"elementor-section elementor-inner-section elementor-element elementor-element-dd8e522 elementor-section-boxed elementor-section-height-default elementor-section-height-default\" data-id=\"dd8e522\" data-element_type=\"section\" data-e-type=\"section\" data-settings=\"{&quot;background_background&quot;:&quot;classic&quot;}\">\n\t\t\t\t\t\t<div class=\"elementor-container elementor-column-gap-default\">\n\t\t\t\t\t<div class=\"elementor-column elementor-col-50 elementor-inner-column elementor-element elementor-element-7b6873e\" data-id=\"7b6873e\" data-element_type=\"column\" data-e-type=\"column\">\n\t\t\t<div class=\"elementor-widget-wrap elementor-element-populated\">\n\t\t\t\t\t\t<div class=\"elementor-element elementor-element-56cebf7 elementor-widget__width-auto heaing_style elementor-widget elementor-widget-heading\" data-id=\"56cebf7\" data-element_type=\"widget\" data-e-type=\"widget\" data-widget_type=\"heading.default\">\n\t\t\t\t<div class=\"elementor-widget-container\">\n\t\t\t\t\t<h3 class=\"elementor-heading-title elementor-size-default\">Vos avantages<\/h3>\t\t\t\t<\/div>\n\t\t\t\t<\/div>\n\t\t\t\t<div class=\"elementor-element elementor-element-e697eb1 elementor-widget elementor-widget-text-editor\" data-id=\"e697eb1\" data-element_type=\"widget\" data-e-type=\"widget\" data-widget_type=\"text-editor.default\">\n\t\t\t\t<div class=\"elementor-widget-container\">\n\t\t\t\t\t\t\t\t\t<p>Les avantages de la technologie FINEAMIN<sup>\u00ae<\/sup> par rapport aux agents de conditionnement traditionnels (phosphate trisodique, sulfite de sodium, soude caustique, hydrazine) sont les suivants :<\/p>\t\t\t\t\t\t\t\t<\/div>\n\t\t\t\t<\/div>\n\t\t\t\t<div class=\"elementor-element elementor-element-fa18018 elementor-icon-list--layout-traditional elementor-list-item-link-full_width elementor-widget elementor-widget-icon-list\" data-id=\"fa18018\" data-element_type=\"widget\" data-e-type=\"widget\" data-widget_type=\"icon-list.default\">\n\t\t\t\t<div class=\"elementor-widget-container\">\n\t\t\t\t\t\t\t<ul class=\"elementor-icon-list-items\">\n\t\t\t\t\t\t\t<li class=\"elementor-icon-list-item\">\n\t\t\t\t\t\t\t\t\t\t\t<span class=\"elementor-icon-list-icon\">\n\t\t\t\t\t\t\t<i aria-hidden=\"true\" class=\"fas fa-check\"><\/i>\t\t\t\t\t\t<\/span>\n\t\t\t\t\t\t\t\t\t\t<span class=\"elementor-icon-list-text\">protection fiable contre la corrosion et les d\u00e9p\u00f4ts dans l'ensemble du syst\u00e8me eau-vapeur<\/span>\n\t\t\t\t\t\t\t\t\t<\/li>\n\t\t\t\t\t\t\t\t<li class=\"elementor-icon-list-item\">\n\t\t\t\t\t\t\t\t\t\t\t<span class=\"elementor-icon-list-icon\">\n\t\t\t\t\t\t\t<i aria-hidden=\"true\" class=\"fas fa-check\"><\/i>\t\t\t\t\t\t<\/span>\n\t\t\t\t\t\t\t\t\t\t<span class=\"elementor-icon-list-text\">Am\u00e9lioration des performances des turbines et augmentation du rendement<\/span>\n\t\t\t\t\t\t\t\t\t<\/li>\n\t\t\t\t\t\t\t\t<li class=\"elementor-icon-list-item\">\n\t\t\t\t\t\t\t\t\t\t\t<span class=\"elementor-icon-list-icon\">\n\t\t\t\t\t\t\t<i aria-hidden=\"true\" class=\"fas fa-check\"><\/i>\t\t\t\t\t\t<\/span>\n\t\t\t\t\t\t\t\t\t\t<span class=\"elementor-icon-list-text\">les produits volatiles \u00e0 la vapeur garantissent une protection optimale contre la corrosion dans le domaine de la vapeur et des condensats<\/span>\n\t\t\t\t\t\t\t\t\t<\/li>\n\t\t\t\t\t\t\t\t<li class=\"elementor-icon-list-item\">\n\t\t\t\t\t\t\t\t\t\t\t<span class=\"elementor-icon-list-icon\">\n\t\t\t\t\t\t\t<i aria-hidden=\"true\" class=\"fas fa-check\"><\/i>\t\t\t\t\t\t<\/span>\n\t\t\t\t\t\t\t\t\t\t<span class=\"elementor-icon-list-text\">les agents tensioactifs favorisent la formation d'une couche protectrice de magn\u00e9tite stable<\/span>\n\t\t\t\t\t\t\t\t\t<\/li>\n\t\t\t\t\t\t\t\t<li class=\"elementor-icon-list-item\">\n\t\t\t\t\t\t\t\t\t\t\t<span class=\"elementor-icon-list-icon\">\n\t\t\t\t\t\t\t<i aria-hidden=\"true\" class=\"fas fa-check\"><\/i>\t\t\t\t\t\t<\/span>\n\t\t\t\t\t\t\t\t\t\t<span class=\"elementor-icon-list-text\">facilit\u00e9 d'application et de dosage des produits<\/span>\n\t\t\t\t\t\t\t\t\t<\/li>\n\t\t\t\t\t\t\t\t<li class=\"elementor-icon-list-item\">\n\t\t\t\t\t\t\t\t\t\t\t<span class=\"elementor-icon-list-icon\">\n\t\t\t\t\t\t\t<i aria-hidden=\"true\" class=\"fas fa-check\"><\/i>\t\t\t\t\t\t<\/span>\n\t\t\t\t\t\t\t\t\t\t<span class=\"elementor-icon-list-text\">Pr\u00e9servation de l'environnement gr\u00e2ce \u00e0 des produits chimiques de dosage biod\u00e9gradables<\/span>\n\t\t\t\t\t\t\t\t\t<\/li>\n\t\t\t\t\t\t<\/ul>\n\t\t\t\t\t\t<\/div>\n\t\t\t\t<\/div>\n\t\t\t\t\t<\/div>\n\t\t<\/div>\n\t\t\t\t<div class=\"elementor-column elementor-col-50 elementor-inner-column elementor-element elementor-element-fbbe24b\" data-id=\"fbbe24b\" data-element_type=\"column\" data-e-type=\"column\">\n\t\t\t<div class=\"elementor-widget-wrap elementor-element-populated\">\n\t\t\t\t\t\t<div class=\"elementor-element elementor-element-4323b27 elementor-widget elementor-widget-jet-image-comparison\" data-id=\"4323b27\" data-element_type=\"widget\" data-e-type=\"widget\" data-settings=\"{&quot;slides_to_show&quot;:&quot;1&quot;}\" data-widget_type=\"jet-image-comparison.default\">\n\t\t\t\t<div class=\"elementor-widget-container\">\n\t\t\t\t\t<div class=\"elementor-jet-image-comparison jet-elements\"><div class=\"jet-image-comparison\">\n\t<div class=\"jet-image-comparison__instance elementor-slick-slider\" data-settings='{&quot;slidesToShow&quot;:{&quot;desktop&quot;:1},&quot;autoplaySpeed&quot;:5000,&quot;autoplay&quot;:true,&quot;pauseOnHover&quot;:false,&quot;speed&quot;:500,&quot;arrows&quot;:false,&quot;dots&quot;:true,&quot;slidesToScroll&quot;:1,&quot;prevArrow&quot;:&quot;.jet-image-comparison__prev-arrow-4323b27&quot;,&quot;nextArrow&quot;:&quot;.jet-image-comparison__next-arrow-4323b27&quot;,&quot;rtl&quot;:false}' dir=\"ltr\">\n<div class=\"jet-image-comparison__item\">\n\t<div class=\"jet-image-comparison__container jet-juxtapose\"\n\t\tdata-prev-icon=\"&lt;svg width=&quot;24&quot; height=&quot;24&quot; viewBox=&quot;0 0 24 24&quot; fill=&quot;none&quot; xmlns=&quot;http:\/\/www.w3.org\/2000\/svg&quot;&gt;&lt;path d=&quot;M14.425 5.9749L14.425 18.0249L8.39999 11.9999L14.425 5.9749Z&quot; fill=&quot;#0F172A&quot;\/&gt;&lt;\/svg&gt;\"\n\t\tdata-next-icon=\"&lt;svg width=&quot;24&quot; height=&quot;24&quot; viewBox=&quot;0 0 24 24&quot; fill=&quot;none&quot; xmlns=&quot;http:\/\/www.w3.org\/2000\/svg&quot;&gt;&lt;path d=&quot;M9.57501 18.0251V5.9751L15.6 12.0001L9.57501 18.0251Z&quot; fill=&quot;#0F172A&quot;\/&gt;&lt;\/svg&gt;\"\n\t\tdata-makeresponsive=\"true\"\n\t\tdata-startingposition=\"50%\">\n\t\t\n\t\t<img class=\"jet-image-comparison__before-image a3-notlazy\"\n\t\t\tsrc=\"https:\/\/www.fineamin.de\/wp-content\/uploads\/2023\/03\/Ebene-70.jpg\"\n\t\t\t\t\t\talt=\"Ebene 70\"\n\t\t\tdata-no-lazy=\"1\">\n\n\t\t<img class=\"jet-image-comparison__after-image a3-notlazy\"\n\t\t\tsrc=\"https:\/\/www.fineamin.de\/wp-content\/uploads\/2023\/03\/Ebene-69.jpg\"\n\t\t\t\t\t\talt=\"Ebene 69\"\n\t\t\tdata-no-lazy=\"1\">\n\t<\/div>\n<\/div>\n\n<\/div>\n<\/div>\n<\/div>\t\t\t\t<\/div>\n\t\t\t\t<\/div>\n\t\t\t\t\t<\/div>\n\t\t<\/div>\n\t\t\t\t\t<\/div>\n\t\t<\/section>\n\t\t\t\t\t<\/div>\n\t\t<\/div>\n\t\t\t\t\t<\/div>\n\t\t<\/section>\n\t\t\t\t<\/div>\n\t\t","protected":false},"excerpt":{"rendered":"<p>FINEAMIN Polyamine &#8211; Technologie de traitement de l&rsquo;eau FINEAMIN\u00ae sont des produits chimiques organiques sp\u00e9cialis\u00e9s pour le traitement de l&rsquo;eau de chaudi\u00e8re, de l&rsquo;eau d&rsquo;alimentation de chaudi\u00e8re, des syst\u00e8mes de vapeur et de condensat, de l&rsquo;eau chaude, de l&rsquo;eau surchauff\u00e9e et de l&rsquo;eau de refroidissement. La gamme de produits comprend diff\u00e9rentes combinaisons d&rsquo;amines alcalinisantes, de [&hellip;]<\/p>\n","protected":false},"author":4,"featured_media":0,"parent":0,"menu_order":0,"comment_status":"closed","ping_status":"closed","template":"elementor_header_footer","meta":{"footnotes":""},"class_list":["post-3142","page","type-page","status-publish","hentry"],"yoast_head":"<!-- This site is optimized with the Yoast SEO plugin v27.5 - https:\/\/yoast.com\/product\/yoast-seo-wordpress\/ -->\n<title>FINEAMIN - CWB Wasserbehandlung<\/title>\n<meta name=\"description\" content=\"Polyamines, polym\u00e8res et produits chimiques organiques sp\u00e9ciaux pour le traitement de l&#039;eau de chaudi\u00e8re, de l&#039;eau d&#039;alimentation de chaudi\u00e8re, des syst\u00e8mes de vapeur et de condensat.\" \/>\n<meta name=\"robots\" content=\"index, follow, max-snippet:-1, max-image-preview:large, max-video-preview:-1\" \/>\n<link rel=\"canonical\" href=\"https:\/\/www.fineamin.de\/fineamin\/\" \/>\n<meta property=\"og:locale\" content=\"fr_FR\" \/>\n<meta property=\"og:type\" content=\"article\" \/>\n<meta property=\"og:title\" content=\"FINEAMIN - CWB Wasserbehandlung\" \/>\n<meta property=\"og:description\" content=\"Polyamines, polym\u00e8res et produits chimiques organiques sp\u00e9ciaux pour le traitement de l&#039;eau de chaudi\u00e8re, de l&#039;eau d&#039;alimentation de chaudi\u00e8re, des syst\u00e8mes de vapeur et de condensat.\" \/>\n<meta property=\"og:url\" content=\"https:\/\/www.fineamin.de\/fineamin\/\" \/>\n<meta property=\"og:site_name\" content=\"CWB Wasserbehandlung\" \/>\n<meta property=\"article:modified_time\" content=\"2024-07-29T13:22:20+00:00\" \/>\n<meta property=\"og:image\" content=\"https:\/\/www.fineamin.fr\/wp-content\/uploads\/2024\/01\/Wasserbehandlung-Chemie.jpg\" \/>\n<meta name=\"twitter:card\" content=\"summary_large_image\" \/>\n<meta name=\"twitter:label1\" content=\"Dur\u00e9e de lecture estim\u00e9e\" \/>\n\t<meta name=\"twitter:data1\" content=\"2 minutes\" \/>\n<script type=\"application\/ld+json\" class=\"yoast-schema-graph\">{\"@context\":\"https:\\\/\\\/schema.org\",\"@graph\":[{\"@type\":\"WebPage\",\"@id\":\"https:\\\/\\\/www.fineamin.de\\\/fineamin\\\/\",\"url\":\"https:\\\/\\\/www.fineamin.de\\\/fineamin\\\/\",\"name\":\"FINEAMIN - CWB Wasserbehandlung\",\"isPartOf\":{\"@id\":\"https:\\\/\\\/www.fineamin.de\\\/#website\"},\"primaryImageOfPage\":{\"@id\":\"https:\\\/\\\/www.fineamin.de\\\/fineamin\\\/#primaryimage\"},\"image\":{\"@id\":\"https:\\\/\\\/www.fineamin.de\\\/fineamin\\\/#primaryimage\"},\"thumbnailUrl\":\"https:\\\/\\\/www.fineamin.fr\\\/wp-content\\\/uploads\\\/2024\\\/01\\\/Wasserbehandlung-Chemie.jpg\",\"datePublished\":\"2023-06-06T07:07:54+00:00\",\"dateModified\":\"2024-07-29T13:22:20+00:00\",\"description\":\"Polyamines, polym\u00e8res et produits chimiques organiques sp\u00e9ciaux pour le traitement de l'eau de chaudi\u00e8re, de l'eau d'alimentation de chaudi\u00e8re, des syst\u00e8mes de vapeur et de condensat.\",\"breadcrumb\":{\"@id\":\"https:\\\/\\\/www.fineamin.de\\\/fineamin\\\/#breadcrumb\"},\"inLanguage\":\"fr-FR\",\"potentialAction\":[{\"@type\":\"ReadAction\",\"target\":[\"https:\\\/\\\/www.fineamin.de\\\/fineamin\\\/\"]}]},{\"@type\":\"ImageObject\",\"inLanguage\":\"fr-FR\",\"@id\":\"https:\\\/\\\/www.fineamin.de\\\/fineamin\\\/#primaryimage\",\"url\":\"https:\\\/\\\/www.fineamin.fr\\\/wp-content\\\/uploads\\\/2024\\\/01\\\/Wasserbehandlung-Chemie.jpg\",\"contentUrl\":\"https:\\\/\\\/www.fineamin.fr\\\/wp-content\\\/uploads\\\/2024\\\/01\\\/Wasserbehandlung-Chemie.jpg\"},{\"@type\":\"BreadcrumbList\",\"@id\":\"https:\\\/\\\/www.fineamin.de\\\/fineamin\\\/#breadcrumb\",\"itemListElement\":[{\"@type\":\"ListItem\",\"position\":1,\"name\":\"Home\",\"item\":\"https:\\\/\\\/www.fineamin.de\\\/\"},{\"@type\":\"ListItem\",\"position\":2,\"name\":\"FINEAMIN\"}]},{\"@type\":\"WebSite\",\"@id\":\"https:\\\/\\\/www.fineamin.de\\\/#website\",\"url\":\"https:\\\/\\\/www.fineamin.de\\\/\",\"name\":\"CWB Wasserbehandlung\",\"description\":\"Chemikalien zur Wasserbehandlung\",\"publisher\":{\"@id\":\"https:\\\/\\\/www.fineamin.de\\\/#organization\"},\"potentialAction\":[{\"@type\":\"SearchAction\",\"target\":{\"@type\":\"EntryPoint\",\"urlTemplate\":\"https:\\\/\\\/www.fineamin.de\\\/?s={search_term_string}\"},\"query-input\":{\"@type\":\"PropertyValueSpecification\",\"valueRequired\":true,\"valueName\":\"search_term_string\"}}],\"inLanguage\":\"fr-FR\"},{\"@type\":\"Organization\",\"@id\":\"https:\\\/\\\/www.fineamin.de\\\/#organization\",\"name\":\"CWB Wasserbehandlung\",\"url\":\"https:\\\/\\\/www.fineamin.de\\\/\",\"logo\":{\"@type\":\"ImageObject\",\"inLanguage\":\"fr-FR\",\"@id\":\"https:\\\/\\\/www.fineamin.de\\\/#\\\/schema\\\/logo\\\/image\\\/\",\"url\":\"https:\\\/\\\/www.fineamin.de\\\/wp-content\\\/uploads\\\/2022\\\/10\\\/Logo.png\",\"contentUrl\":\"https:\\\/\\\/www.fineamin.de\\\/wp-content\\\/uploads\\\/2022\\\/10\\\/Logo.png\",\"width\":251,\"height\":181,\"caption\":\"CWB Wasserbehandlung\"},\"image\":{\"@id\":\"https:\\\/\\\/www.fineamin.de\\\/#\\\/schema\\\/logo\\\/image\\\/\"}}]}<\/script>\n<!-- \/ Yoast SEO plugin. -->","yoast_head_json":{"title":"FINEAMIN - CWB Wasserbehandlung","description":"Polyamines, polym\u00e8res et produits chimiques organiques sp\u00e9ciaux pour le traitement de l'eau de chaudi\u00e8re, de l'eau d'alimentation de chaudi\u00e8re, des syst\u00e8mes de vapeur et de condensat.","robots":{"index":"index","follow":"follow","max-snippet":"max-snippet:-1","max-image-preview":"max-image-preview:large","max-video-preview":"max-video-preview:-1"},"canonical":"https:\/\/www.fineamin.de\/fineamin\/","og_locale":"fr_FR","og_type":"article","og_title":"FINEAMIN - CWB Wasserbehandlung","og_description":"Polyamines, polym\u00e8res et produits chimiques organiques sp\u00e9ciaux pour le traitement de l'eau de chaudi\u00e8re, de l'eau d'alimentation de chaudi\u00e8re, des syst\u00e8mes de vapeur et de condensat.","og_url":"https:\/\/www.fineamin.de\/fineamin\/","og_site_name":"CWB Wasserbehandlung","article_modified_time":"2024-07-29T13:22:20+00:00","og_image":[{"url":"https:\/\/www.fineamin.fr\/wp-content\/uploads\/2024\/01\/Wasserbehandlung-Chemie.jpg","type":"","width":"","height":""}],"twitter_card":"summary_large_image","twitter_misc":{"Dur\u00e9e de lecture estim\u00e9e":"2 minutes"},"schema":{"@context":"https:\/\/schema.org","@graph":[{"@type":"WebPage","@id":"https:\/\/www.fineamin.de\/fineamin\/","url":"https:\/\/www.fineamin.de\/fineamin\/","name":"FINEAMIN - CWB Wasserbehandlung","isPartOf":{"@id":"https:\/\/www.fineamin.de\/#website"},"primaryImageOfPage":{"@id":"https:\/\/www.fineamin.de\/fineamin\/#primaryimage"},"image":{"@id":"https:\/\/www.fineamin.de\/fineamin\/#primaryimage"},"thumbnailUrl":"https:\/\/www.fineamin.fr\/wp-content\/uploads\/2024\/01\/Wasserbehandlung-Chemie.jpg","datePublished":"2023-06-06T07:07:54+00:00","dateModified":"2024-07-29T13:22:20+00:00","description":"Polyamines, polym\u00e8res et produits chimiques organiques sp\u00e9ciaux pour le traitement de l'eau de chaudi\u00e8re, de l'eau d'alimentation de chaudi\u00e8re, des syst\u00e8mes de vapeur et de condensat.","breadcrumb":{"@id":"https:\/\/www.fineamin.de\/fineamin\/#breadcrumb"},"inLanguage":"fr-FR","potentialAction":[{"@type":"ReadAction","target":["https:\/\/www.fineamin.de\/fineamin\/"]}]},{"@type":"ImageObject","inLanguage":"fr-FR","@id":"https:\/\/www.fineamin.de\/fineamin\/#primaryimage","url":"https:\/\/www.fineamin.fr\/wp-content\/uploads\/2024\/01\/Wasserbehandlung-Chemie.jpg","contentUrl":"https:\/\/www.fineamin.fr\/wp-content\/uploads\/2024\/01\/Wasserbehandlung-Chemie.jpg"},{"@type":"BreadcrumbList","@id":"https:\/\/www.fineamin.de\/fineamin\/#breadcrumb","itemListElement":[{"@type":"ListItem","position":1,"name":"Home","item":"https:\/\/www.fineamin.de\/"},{"@type":"ListItem","position":2,"name":"FINEAMIN"}]},{"@type":"WebSite","@id":"https:\/\/www.fineamin.de\/#website","url":"https:\/\/www.fineamin.de\/","name":"CWB Wasserbehandlung","description":"Chemikalien zur Wasserbehandlung","publisher":{"@id":"https:\/\/www.fineamin.de\/#organization"},"potentialAction":[{"@type":"SearchAction","target":{"@type":"EntryPoint","urlTemplate":"https:\/\/www.fineamin.de\/?s={search_term_string}"},"query-input":{"@type":"PropertyValueSpecification","valueRequired":true,"valueName":"search_term_string"}}],"inLanguage":"fr-FR"},{"@type":"Organization","@id":"https:\/\/www.fineamin.de\/#organization","name":"CWB Wasserbehandlung","url":"https:\/\/www.fineamin.de\/","logo":{"@type":"ImageObject","inLanguage":"fr-FR","@id":"https:\/\/www.fineamin.de\/#\/schema\/logo\/image\/","url":"https:\/\/www.fineamin.de\/wp-content\/uploads\/2022\/10\/Logo.png","contentUrl":"https:\/\/www.fineamin.de\/wp-content\/uploads\/2022\/10\/Logo.png","width":251,"height":181,"caption":"CWB Wasserbehandlung"},"image":{"@id":"https:\/\/www.fineamin.de\/#\/schema\/logo\/image\/"}}]}},"_links":{"self":[{"href":"https:\/\/www.fineamin.de\/fr\/wp-json\/wp\/v2\/pages\/3142","targetHints":{"allow":["GET"]}}],"collection":[{"href":"https:\/\/www.fineamin.de\/fr\/wp-json\/wp\/v2\/pages"}],"about":[{"href":"https:\/\/www.fineamin.de\/fr\/wp-json\/wp\/v2\/types\/page"}],"author":[{"embeddable":true,"href":"https:\/\/www.fineamin.de\/fr\/wp-json\/wp\/v2\/users\/4"}],"replies":[{"embeddable":true,"href":"https:\/\/www.fineamin.de\/fr\/wp-json\/wp\/v2\/comments?post=3142"}],"version-history":[{"count":10,"href":"https:\/\/www.fineamin.de\/fr\/wp-json\/wp\/v2\/pages\/3142\/revisions"}],"predecessor-version":[{"id":6936,"href":"https:\/\/www.fineamin.de\/fr\/wp-json\/wp\/v2\/pages\/3142\/revisions\/6936"}],"wp:attachment":[{"href":"https:\/\/www.fineamin.de\/fr\/wp-json\/wp\/v2\/media?parent=3142"}],"curies":[{"name":"wp","href":"https:\/\/api.w.org\/{rel}","templated":true}]}}