{"id":3052,"date":"2023-06-06T11:47:24","date_gmt":"2023-06-06T09:47:24","guid":{"rendered":"https:\/\/www.fineamin.de\/referenzen\/"},"modified":"2024-07-25T10:13:41","modified_gmt":"2024-07-25T08:13:41","slug":"referenzen","status":"publish","type":"page","link":"https:\/\/www.fineamin.de\/fr\/referenzen\/","title":{"rendered":"R\u00e9f\u00e9rences"},"content":{"rendered":"\t\t<div data-elementor-type=\"wp-page\" data-elementor-id=\"3052\" class=\"elementor elementor-3052 elementor-1084\" data-elementor-post-type=\"page\">\n\t\t\t\t\t\t<section class=\"elementor-section elementor-top-section elementor-element elementor-element-6f906fd elementor-section-full_width elementor-section-height-default elementor-section-height-default\" data-id=\"6f906fd\" data-element_type=\"section\" data-e-type=\"section\">\n\t\t\t\t\t\t<div class=\"elementor-container elementor-column-gap-default\">\n\t\t\t\t\t<div class=\"elementor-column elementor-col-100 elementor-top-column elementor-element elementor-element-a4a8d65\" data-id=\"a4a8d65\" data-element_type=\"column\" data-e-type=\"column\">\n\t\t\t<div class=\"elementor-widget-wrap elementor-element-populated\">\n\t\t\t\t\t\t<section class=\"elementor-section elementor-inner-section elementor-element elementor-element-d3f41e3 elementor-section-content-middle elementor-section-boxed elementor-section-height-default elementor-section-height-default\" data-id=\"d3f41e3\" data-element_type=\"section\" data-e-type=\"section\" data-settings=\"{&quot;background_background&quot;:&quot;classic&quot;}\">\n\t\t\t\t\t\t\t<div class=\"elementor-background-overlay\"><\/div>\n\t\t\t\t\t\t\t<div class=\"elementor-container elementor-column-gap-default\">\n\t\t\t\t\t<div class=\"elementor-column elementor-col-100 elementor-inner-column elementor-element elementor-element-5a24045\" data-id=\"5a24045\" data-element_type=\"column\" data-e-type=\"column\">\n\t\t\t<div class=\"elementor-widget-wrap elementor-element-populated\">\n\t\t\t\t\t\t<div class=\"elementor-element elementor-element-e8a58ec elementor-widget elementor-widget-heading\" data-id=\"e8a58ec\" data-element_type=\"widget\" data-e-type=\"widget\" data-widget_type=\"heading.default\">\n\t\t\t\t<div class=\"elementor-widget-container\">\n\t\t\t\t\t<h2 class=\"elementor-heading-title elementor-size-default\">R\u00e9f\u00e9rences<\/h2>\t\t\t\t<\/div>\n\t\t\t\t<\/div>\n\t\t\t\t\t<\/div>\n\t\t<\/div>\n\t\t\t\t\t<\/div>\n\t\t<\/section>\n\t\t\t\t\t<\/div>\n\t\t<\/div>\n\t\t\t\t\t<\/div>\n\t\t<\/section>\n\t\t\t\t<section class=\"elementor-section elementor-top-section elementor-element elementor-element-1a8773f elementor-reverse-mobile elementor-section-boxed elementor-section-height-default elementor-section-height-default\" data-id=\"1a8773f\" data-element_type=\"section\" data-e-type=\"section\">\n\t\t\t\t\t\t<div class=\"elementor-container elementor-column-gap-default\">\n\t\t\t\t\t<div class=\"elementor-column elementor-col-100 elementor-top-column elementor-element elementor-element-4527b6a\" data-id=\"4527b6a\" data-element_type=\"column\" data-e-type=\"column\">\n\t\t\t<div class=\"elementor-widget-wrap elementor-element-populated\">\n\t\t\t\t\t\t<div class=\"elementor-element elementor-element-356cf5e elementor-widget elementor-widget-heading\" data-id=\"356cf5e\" data-element_type=\"widget\" data-e-type=\"widget\" data-widget_type=\"heading.default\">\n\t\t\t\t<div class=\"elementor-widget-container\">\n\t\t\t\t\t<h2 class=\"elementor-heading-title elementor-size-default\">R\u00e9f\u00e9rences Traitement de l'eau<\/h2>\t\t\t\t<\/div>\n\t\t\t\t<\/div>\n\t\t\t\t<div class=\"elementor-element elementor-element-7552e58 heading___nw elementor-widget elementor-widget-text-editor\" data-id=\"7552e58\" data-element_type=\"widget\" data-e-type=\"widget\" data-widget_type=\"text-editor.default\">\n\t\t\t\t<div class=\"elementor-widget-container\">\n\t\t\t\t\t\t\t\t\t<p>Nous serons heureux de vous fournir <a href=\"https:\/\/www.fineamin.fr\/20_jahre_betriebserfahrung_der_stadtwerke_munchen_gmbh_mit_polyaminen\/\" target=\"_blank\" rel=\"noopener\">des t\u00e9moignages<\/a> et des r\u00e9f\u00e9rences de nos clients.<\/p><p>Veuillez utiliser notre <a href=\"https:\/\/www.fineamin.fr\/kontakt\/\">formulaire de contact<\/a><\/p><h5>Nos <a href=\"https:\/\/www.fineamin.fr\/produkte\/\" target=\"_blank\" rel=\"noopener\">produits chimiques<\/a> et <a href=\"https:\/\/www.fineamin.fr\/service\/\" target=\"_blank\" rel=\"noopener\">services<\/a> de traitement de l&rsquo;eau sont utilis\u00e9s, entre autres, dans les secteurs et industries suivants :<\/h5><p>Centrales thermiques I <a href=\"https:\/\/www.fineamin.fr\/dampfturbinen\/\" target=\"_blank\" rel=\"noopener\">Centrales industrielles<\/a> I Industrie du bois I <a href=\"https:\/\/www.fineamin.fr\/raffinerien\/\" target=\"_blank\" rel=\"noopener\">Raffineries<\/a> I Incin\u00e9rateurs de d\u00e9chets I Sid\u00e9rurgie I Papeteries I Imprimeries I Industrie chimique I Brasseries I Laiteries I <a href=\"https:\/\/www.fineamin.fr\/lebensmittelindustrie\/\" target=\"_blank\" rel=\"noopener\">Industrie alimentaire<\/a> I Services publics I Production d&rsquo;\u00e9nergie I <a href=\"https:\/\/www.fineamin.fr\/waschereien_und_textilreinigungen\/\" target=\"_blank\" rel=\"noopener\">Blanchisseries<\/a> I Nettoyages \u00e0 sec I Industrie pharmaceutique I Domotique I Climatisation I Stations d&rsquo;\u00e9puration I Traitement des m\u00e9taux I P\u00e9trochimie I H\u00f4pitaux I Technique du b\u00e2timent<\/p>\t\t\t\t\t\t\t\t<\/div>\n\t\t\t\t<\/div>\n\t\t\t\t<div class=\"elementor-element elementor-element-ed249f5 elementor-widget elementor-widget-button\" data-id=\"ed249f5\" data-element_type=\"widget\" data-e-type=\"widget\" data-widget_type=\"button.default\">\n\t\t\t\t<div class=\"elementor-widget-container\">\n\t\t\t\t\t\t\t\t\t<div class=\"elementor-button-wrapper\">\n\t\t\t\t\t<a class=\"elementor-button elementor-button-link elementor-size-sm\" href=\"https:\/\/www.fineamin.fr\/kontakt\/\">\n\t\t\t\t\t\t<span class=\"elementor-button-content-wrapper\">\n\t\t\t\t\t\t\t\t\t<span class=\"elementor-button-text\">Demander une offre<\/span>\n\t\t\t\t\t<\/span>\n\t\t\t\t\t<\/a>\n\t\t\t\t<\/div>\n\t\t\t\t\t\t\t\t<\/div>\n\t\t\t\t<\/div>\n\t\t\t\t<div class=\"elementor-element elementor-element-f6a452b gallery-spacing-custom elementor-widget elementor-widget-image-gallery\" data-id=\"f6a452b\" data-element_type=\"widget\" data-e-type=\"widget\" data-widget_type=\"image-gallery.default\">\n\t\t\t\t<div class=\"elementor-widget-container\">\n\t\t\t\t\t\t\t<div class=\"elementor-image-gallery\">\n\t\t\t<div id='gallery-1' class='gallery galleryid-3052 gallery-columns-10 gallery-size-medium_large'><figure class='gallery-item'>\n\t\t\t<div class='gallery-icon landscape'>\n\t\t\t\t<a data-elementor-open-lightbox=\"yes\" data-elementor-lightbox-slideshow=\"f6a452b\" data-elementor-lightbox-title=\"Referenzen_Logos_2-fdb97333\" data-e-action-hash=\"#elementor-action%3Aaction%3Dlightbox%26settings%3DeyJpZCI6MjY4NywidXJsIjoiaHR0cHM6XC9cL3d3dy5maW5lYW1pbi5kZVwvd3AtY29udGVudFwvdXBsb2Fkc1wvMjAyM1wvMDZcL1JlZmVyZW56ZW5fTG9nb3NfMi1mZGI5NzMzMy5qcGciLCJzbGlkZXNob3ciOiJmNmE0NTJiIn0%3D\" href='https:\/\/www.fineamin.de\/wp-content\/uploads\/2023\/06\/Referenzen_Logos_2-fdb97333.jpg'><img fetchpriority=\"high\" decoding=\"async\" width=\"300\" height=\"216\" src=\"https:\/\/www.fineamin.de\/wp-content\/uploads\/2023\/06\/Referenzen_Logos_2-fdb97333.jpg\" class=\"attachment-medium_large size-medium_large\" alt=\"\" \/><\/a>\n\t\t\t<\/div><\/figure><figure class='gallery-item'>\n\t\t\t<div class='gallery-icon landscape'>\n\t\t\t\t<a data-elementor-open-lightbox=\"yes\" data-elementor-lightbox-slideshow=\"f6a452b\" data-elementor-lightbox-title=\"Lebensmittel_Fineamin-57a75985\" data-e-action-hash=\"#elementor-action%3Aaction%3Dlightbox%26settings%3DeyJpZCI6MjY5MiwidXJsIjoiaHR0cHM6XC9cL3d3dy5maW5lYW1pbi5kZVwvd3AtY29udGVudFwvdXBsb2Fkc1wvMjAyM1wvMDZcL0xlYmVuc21pdHRlbF9GaW5lYW1pbi01N2E3NTk4NS5qcGciLCJzbGlkZXNob3ciOiJmNmE0NTJiIn0%3D\" href='https:\/\/www.fineamin.de\/wp-content\/uploads\/2023\/06\/Lebensmittel_Fineamin-57a75985.jpg'><img decoding=\"async\" width=\"125\" height=\"97\" src=\"https:\/\/www.fineamin.de\/wp-content\/uploads\/2023\/06\/Lebensmittel_Fineamin-57a75985.jpg\" class=\"attachment-medium_large size-medium_large\" alt=\"\" \/><\/a>\n\t\t\t<\/div><\/figure><figure class='gallery-item'>\n\t\t\t<div class='gallery-icon landscape'>\n\t\t\t\t<a data-elementor-open-lightbox=\"yes\" data-elementor-lightbox-slideshow=\"f6a452b\" data-elementor-lightbox-title=\"Chemie_Fineamin-836575df\" data-e-action-hash=\"#elementor-action%3Aaction%3Dlightbox%26settings%3DeyJpZCI6MjY5NSwidXJsIjoiaHR0cHM6XC9cL3d3dy5maW5lYW1pbi5kZVwvd3AtY29udGVudFwvdXBsb2Fkc1wvMjAyM1wvMDZcL0NoZW1pZV9GaW5lYW1pbi04MzY1NzVkZi5qcGciLCJzbGlkZXNob3ciOiJmNmE0NTJiIn0%3D\" href='https:\/\/www.fineamin.de\/wp-content\/uploads\/2023\/06\/Chemie_Fineamin-836575df.jpg'><img decoding=\"async\" width=\"125\" height=\"83\" src=\"https:\/\/www.fineamin.de\/wp-content\/uploads\/2023\/06\/Chemie_Fineamin-836575df.jpg\" class=\"attachment-medium_large size-medium_large\" alt=\"\" \/><\/a>\n\t\t\t<\/div><\/figure><figure class='gallery-item'>\n\t\t\t<div class='gallery-icon portrait'>\n\t\t\t\t<a data-elementor-open-lightbox=\"yes\" data-elementor-lightbox-slideshow=\"f6a452b\" data-elementor-lightbox-title=\"Kraftwerk-4c9e8e02\" data-e-action-hash=\"#elementor-action%3Aaction%3Dlightbox%26settings%3DeyJpZCI6MjY5OCwidXJsIjoiaHR0cHM6XC9cL3d3dy5maW5lYW1pbi5kZVwvd3AtY29udGVudFwvdXBsb2Fkc1wvMjAyM1wvMDZcL0tyYWZ0d2Vyay00YzllOGUwMi5qcGciLCJzbGlkZXNob3ciOiJmNmE0NTJiIn0%3D\" href='https:\/\/www.fineamin.de\/wp-content\/uploads\/2023\/06\/Kraftwerk-4c9e8e02.jpg'><img loading=\"lazy\" decoding=\"async\" width=\"86\" height=\"125\" src=\"https:\/\/www.fineamin.de\/wp-content\/uploads\/2023\/06\/Kraftwerk-4c9e8e02.jpg\" class=\"attachment-medium_large size-medium_large\" alt=\"\" \/><\/a>\n\t\t\t<\/div><\/figure><figure class='gallery-item'>\n\t\t\t<div class='gallery-icon portrait'>\n\t\t\t\t<a data-elementor-open-lightbox=\"yes\" data-elementor-lightbox-slideshow=\"f6a452b\" data-elementor-lightbox-title=\"Kesselhaus-72db8989\" data-e-action-hash=\"#elementor-action%3Aaction%3Dlightbox%26settings%3DeyJpZCI6MjcwMSwidXJsIjoiaHR0cHM6XC9cL3d3dy5maW5lYW1pbi5kZVwvd3AtY29udGVudFwvdXBsb2Fkc1wvMjAyM1wvMDZcL0tlc3NlbGhhdXMtNzJkYjg5ODkuanBnIiwic2xpZGVzaG93IjoiZjZhNDUyYiJ9\" href='https:\/\/www.fineamin.de\/wp-content\/uploads\/2023\/06\/Kesselhaus-72db8989.jpg'><img loading=\"lazy\" decoding=\"async\" width=\"94\" height=\"125\" src=\"https:\/\/www.fineamin.de\/wp-content\/uploads\/2023\/06\/Kesselhaus-72db8989.jpg\" class=\"attachment-medium_large size-medium_large\" alt=\"\" \/><\/a>\n\t\t\t<\/div><\/figure><figure class='gallery-item'>\n\t\t\t<div class='gallery-icon portrait'>\n\t\t\t\t<a data-elementor-open-lightbox=\"yes\" data-elementor-lightbox-slideshow=\"f6a452b\" data-elementor-lightbox-title=\"IKS-cc80ea61\" data-e-action-hash=\"#elementor-action%3Aaction%3Dlightbox%26settings%3DeyJpZCI6MjcwNCwidXJsIjoiaHR0cHM6XC9cL3d3dy5maW5lYW1pbi5kZVwvd3AtY29udGVudFwvdXBsb2Fkc1wvMjAyM1wvMDZcL0lLUy1jYzgwZWE2MS5qcGciLCJzbGlkZXNob3ciOiJmNmE0NTJiIn0%3D\" href='https:\/\/www.fineamin.de\/wp-content\/uploads\/2023\/06\/IKS-cc80ea61.jpg'><img loading=\"lazy\" decoding=\"async\" width=\"115\" height=\"125\" src=\"https:\/\/www.fineamin.de\/wp-content\/uploads\/2023\/06\/IKS-cc80ea61.jpg\" class=\"attachment-medium_large size-medium_large\" alt=\"\" \/><\/a>\n\t\t\t<\/div><\/figure><figure class='gallery-item'>\n\t\t\t<div class='gallery-icon landscape'>\n\t\t\t\t<a data-elementor-open-lightbox=\"yes\" data-elementor-lightbox-slideshow=\"f6a452b\" data-elementor-lightbox-title=\"Holzindustrie-5beb0874\" data-e-action-hash=\"#elementor-action%3Aaction%3Dlightbox%26settings%3DeyJpZCI6MjcwNywidXJsIjoiaHR0cHM6XC9cL3d3dy5maW5lYW1pbi5kZVwvd3AtY29udGVudFwvdXBsb2Fkc1wvMjAyM1wvMDZcL0hvbHppbmR1c3RyaWUtNWJlYjA4NzQuanBnIiwic2xpZGVzaG93IjoiZjZhNDUyYiJ9\" href='https:\/\/www.fineamin.de\/wp-content\/uploads\/2023\/06\/Holzindustrie-5beb0874.jpg'><img loading=\"lazy\" decoding=\"async\" width=\"125\" height=\"94\" src=\"https:\/\/www.fineamin.de\/wp-content\/uploads\/2023\/06\/Holzindustrie-5beb0874.jpg\" class=\"attachment-medium_large size-medium_large\" alt=\"\" \/><\/a>\n\t\t\t<\/div><\/figure><figure class='gallery-item'>\n\t\t\t<div class='gallery-icon landscape'>\n\t\t\t\t<a data-elementor-open-lightbox=\"yes\" data-elementor-lightbox-slideshow=\"f6a452b\" data-elementor-lightbox-title=\"Papier_Fineamin-cc3c830d\" data-e-action-hash=\"#elementor-action%3Aaction%3Dlightbox%26settings%3DeyJpZCI6MjcxMCwidXJsIjoiaHR0cHM6XC9cL3d3dy5maW5lYW1pbi5kZVwvd3AtY29udGVudFwvdXBsb2Fkc1wvMjAyM1wvMDZcL1BhcGllcl9GaW5lYW1pbi1jYzNjODMwZC5qcGciLCJzbGlkZXNob3ciOiJmNmE0NTJiIn0%3D\" href='https:\/\/www.fineamin.de\/wp-content\/uploads\/2023\/06\/Papier_Fineamin-cc3c830d.jpg'><img loading=\"lazy\" decoding=\"async\" width=\"125\" height=\"112\" src=\"https:\/\/www.fineamin.de\/wp-content\/uploads\/2023\/06\/Papier_Fineamin-cc3c830d.jpg\" class=\"attachment-medium_large size-medium_large\" alt=\"\" \/><\/a>\n\t\t\t<\/div><\/figure><figure class='gallery-item'>\n\t\t\t<div class='gallery-icon landscape'>\n\t\t\t\t<a data-elementor-open-lightbox=\"yes\" data-elementor-lightbox-slideshow=\"f6a452b\" data-elementor-lightbox-title=\"Fernwaerme_Fineamin-677d6e0a\" data-e-action-hash=\"#elementor-action%3Aaction%3Dlightbox%26settings%3DeyJpZCI6MjcxMywidXJsIjoiaHR0cHM6XC9cL3d3dy5maW5lYW1pbi5kZVwvd3AtY29udGVudFwvdXBsb2Fkc1wvMjAyM1wvMDZcL0Zlcm53YWVybWVfRmluZWFtaW4tNjc3ZDZlMGEuanBnIiwic2xpZGVzaG93IjoiZjZhNDUyYiJ9\" href='https:\/\/www.fineamin.de\/wp-content\/uploads\/2023\/06\/Fernwaerme_Fineamin-677d6e0a.jpg'><img loading=\"lazy\" decoding=\"async\" width=\"125\" height=\"94\" src=\"https:\/\/www.fineamin.de\/wp-content\/uploads\/2023\/06\/Fernwaerme_Fineamin-677d6e0a.jpg\" class=\"attachment-medium_large size-medium_large\" alt=\"\" \/><\/a>\n\t\t\t<\/div><\/figure>\n\t\t<\/div>\n\t\t<\/div>\n\t\t\t\t\t\t<\/div>\n\t\t\t\t<\/div>\n\t\t\t\t\t<\/div>\n\t\t<\/div>\n\t\t\t\t\t<\/div>\n\t\t<\/section>\n\t\t\t\t<\/div>\n\t\t","protected":false},"excerpt":{"rendered":"<p>R\u00e9f\u00e9rences R\u00e9f\u00e9rences Traitement de l&rsquo;eau Nous serons heureux de vous fournir des t\u00e9moignages et des r\u00e9f\u00e9rences de nos clients. Veuillez utiliser notre formulaire de contact Nos produits chimiques et services de traitement de l&rsquo;eau sont utilis\u00e9s, entre autres, dans les secteurs et industries suivants : Centrales thermiques I Centrales industrielles I Industrie du bois I [&hellip;]<\/p>\n","protected":false},"author":4,"featured_media":0,"parent":0,"menu_order":0,"comment_status":"closed","ping_status":"closed","template":"elementor_header_footer","meta":{"footnotes":""},"class_list":["post-3052","page","type-page","status-publish","hentry"],"yoast_head":"<!-- This site is optimized with the Yoast SEO plugin v27.5 - https:\/\/yoast.com\/product\/yoast-seo-wordpress\/ -->\n<title>R\u00e9f\u00e9rences - CWB Wasserbehandlung<\/title>\n<meta name=\"robots\" content=\"index, follow, max-snippet:-1, max-image-preview:large, max-video-preview:-1\" \/>\n<link rel=\"canonical\" href=\"https:\/\/www.fineamin.de\/referenzen\/\" \/>\n<meta property=\"og:locale\" content=\"fr_FR\" \/>\n<meta property=\"og:type\" content=\"article\" \/>\n<meta property=\"og:title\" content=\"R\u00e9f\u00e9rences - CWB Wasserbehandlung\" \/>\n<meta property=\"og:description\" content=\"R\u00e9f\u00e9rences R\u00e9f\u00e9rences Traitement de l&rsquo;eau Nous serons heureux de vous fournir des t\u00e9moignages et des r\u00e9f\u00e9rences de nos clients. Veuillez utiliser notre formulaire de contact Nos produits chimiques et services de traitement de l&rsquo;eau sont utilis\u00e9s, entre autres, dans les secteurs et industries suivants : Centrales thermiques I Centrales industrielles I Industrie du bois I [&hellip;]\" \/>\n<meta property=\"og:url\" content=\"https:\/\/www.fineamin.de\/referenzen\/\" \/>\n<meta property=\"og:site_name\" content=\"CWB Wasserbehandlung\" \/>\n<meta property=\"article:modified_time\" content=\"2024-07-25T08:13:41+00:00\" \/>\n<meta property=\"og:image\" content=\"https:\/\/www.fineamin.fr\/wp-content\/uploads\/2023\/06\/Referenzen_Logos_2-fdb97333.jpg\" \/>\n<meta name=\"twitter:card\" content=\"summary_large_image\" \/>\n<meta name=\"twitter:label1\" content=\"Dur\u00e9e de lecture estim\u00e9e\" \/>\n\t<meta name=\"twitter:data1\" content=\"3 minutes\" \/>\n<script type=\"application\/ld+json\" class=\"yoast-schema-graph\">{\"@context\":\"https:\\\/\\\/schema.org\",\"@graph\":[{\"@type\":\"WebPage\",\"@id\":\"https:\\\/\\\/www.fineamin.de\\\/referenzen\\\/\",\"url\":\"https:\\\/\\\/www.fineamin.de\\\/referenzen\\\/\",\"name\":\"R\u00e9f\u00e9rences - CWB Wasserbehandlung\",\"isPartOf\":{\"@id\":\"https:\\\/\\\/www.fineamin.de\\\/#website\"},\"primaryImageOfPage\":{\"@id\":\"https:\\\/\\\/www.fineamin.de\\\/referenzen\\\/#primaryimage\"},\"image\":{\"@id\":\"https:\\\/\\\/www.fineamin.de\\\/referenzen\\\/#primaryimage\"},\"thumbnailUrl\":\"https:\\\/\\\/www.fineamin.fr\\\/wp-content\\\/uploads\\\/2023\\\/06\\\/Referenzen_Logos_2-fdb97333.jpg\",\"datePublished\":\"2023-06-06T09:47:24+00:00\",\"dateModified\":\"2024-07-25T08:13:41+00:00\",\"breadcrumb\":{\"@id\":\"https:\\\/\\\/www.fineamin.de\\\/referenzen\\\/#breadcrumb\"},\"inLanguage\":\"fr-FR\",\"potentialAction\":[{\"@type\":\"ReadAction\",\"target\":[\"https:\\\/\\\/www.fineamin.de\\\/referenzen\\\/\"]}]},{\"@type\":\"ImageObject\",\"inLanguage\":\"fr-FR\",\"@id\":\"https:\\\/\\\/www.fineamin.de\\\/referenzen\\\/#primaryimage\",\"url\":\"https:\\\/\\\/www.fineamin.fr\\\/wp-content\\\/uploads\\\/2023\\\/06\\\/Referenzen_Logos_2-fdb97333.jpg\",\"contentUrl\":\"https:\\\/\\\/www.fineamin.fr\\\/wp-content\\\/uploads\\\/2023\\\/06\\\/Referenzen_Logos_2-fdb97333.jpg\"},{\"@type\":\"BreadcrumbList\",\"@id\":\"https:\\\/\\\/www.fineamin.de\\\/referenzen\\\/#breadcrumb\",\"itemListElement\":[{\"@type\":\"ListItem\",\"position\":1,\"name\":\"Home\",\"item\":\"https:\\\/\\\/www.fineamin.de\\\/\"},{\"@type\":\"ListItem\",\"position\":2,\"name\":\"R\u00e9f\u00e9rences\"}]},{\"@type\":\"WebSite\",\"@id\":\"https:\\\/\\\/www.fineamin.de\\\/#website\",\"url\":\"https:\\\/\\\/www.fineamin.de\\\/\",\"name\":\"CWB Wasserbehandlung\",\"description\":\"Chemikalien zur Wasserbehandlung\",\"publisher\":{\"@id\":\"https:\\\/\\\/www.fineamin.de\\\/#organization\"},\"potentialAction\":[{\"@type\":\"SearchAction\",\"target\":{\"@type\":\"EntryPoint\",\"urlTemplate\":\"https:\\\/\\\/www.fineamin.de\\\/?s={search_term_string}\"},\"query-input\":{\"@type\":\"PropertyValueSpecification\",\"valueRequired\":true,\"valueName\":\"search_term_string\"}}],\"inLanguage\":\"fr-FR\"},{\"@type\":\"Organization\",\"@id\":\"https:\\\/\\\/www.fineamin.de\\\/#organization\",\"name\":\"CWB Wasserbehandlung\",\"url\":\"https:\\\/\\\/www.fineamin.de\\\/\",\"logo\":{\"@type\":\"ImageObject\",\"inLanguage\":\"fr-FR\",\"@id\":\"https:\\\/\\\/www.fineamin.de\\\/#\\\/schema\\\/logo\\\/image\\\/\",\"url\":\"https:\\\/\\\/www.fineamin.de\\\/wp-content\\\/uploads\\\/2022\\\/10\\\/Logo.png\",\"contentUrl\":\"https:\\\/\\\/www.fineamin.de\\\/wp-content\\\/uploads\\\/2022\\\/10\\\/Logo.png\",\"width\":251,\"height\":181,\"caption\":\"CWB Wasserbehandlung\"},\"image\":{\"@id\":\"https:\\\/\\\/www.fineamin.de\\\/#\\\/schema\\\/logo\\\/image\\\/\"}}]}<\/script>\n<!-- \/ Yoast SEO plugin. -->","yoast_head_json":{"title":"R\u00e9f\u00e9rences - CWB Wasserbehandlung","robots":{"index":"index","follow":"follow","max-snippet":"max-snippet:-1","max-image-preview":"max-image-preview:large","max-video-preview":"max-video-preview:-1"},"canonical":"https:\/\/www.fineamin.de\/referenzen\/","og_locale":"fr_FR","og_type":"article","og_title":"R\u00e9f\u00e9rences - CWB Wasserbehandlung","og_description":"R\u00e9f\u00e9rences R\u00e9f\u00e9rences Traitement de l&rsquo;eau Nous serons heureux de vous fournir des t\u00e9moignages et des r\u00e9f\u00e9rences de nos clients. Veuillez utiliser notre formulaire de contact Nos produits chimiques et services de traitement de l&rsquo;eau sont utilis\u00e9s, entre autres, dans les secteurs et industries suivants : Centrales thermiques I Centrales industrielles I Industrie du bois I [&hellip;]","og_url":"https:\/\/www.fineamin.de\/referenzen\/","og_site_name":"CWB Wasserbehandlung","article_modified_time":"2024-07-25T08:13:41+00:00","og_image":[{"url":"https:\/\/www.fineamin.fr\/wp-content\/uploads\/2023\/06\/Referenzen_Logos_2-fdb97333.jpg","type":"","width":"","height":""}],"twitter_card":"summary_large_image","twitter_misc":{"Dur\u00e9e de lecture estim\u00e9e":"3 minutes"},"schema":{"@context":"https:\/\/schema.org","@graph":[{"@type":"WebPage","@id":"https:\/\/www.fineamin.de\/referenzen\/","url":"https:\/\/www.fineamin.de\/referenzen\/","name":"R\u00e9f\u00e9rences - CWB Wasserbehandlung","isPartOf":{"@id":"https:\/\/www.fineamin.de\/#website"},"primaryImageOfPage":{"@id":"https:\/\/www.fineamin.de\/referenzen\/#primaryimage"},"image":{"@id":"https:\/\/www.fineamin.de\/referenzen\/#primaryimage"},"thumbnailUrl":"https:\/\/www.fineamin.fr\/wp-content\/uploads\/2023\/06\/Referenzen_Logos_2-fdb97333.jpg","datePublished":"2023-06-06T09:47:24+00:00","dateModified":"2024-07-25T08:13:41+00:00","breadcrumb":{"@id":"https:\/\/www.fineamin.de\/referenzen\/#breadcrumb"},"inLanguage":"fr-FR","potentialAction":[{"@type":"ReadAction","target":["https:\/\/www.fineamin.de\/referenzen\/"]}]},{"@type":"ImageObject","inLanguage":"fr-FR","@id":"https:\/\/www.fineamin.de\/referenzen\/#primaryimage","url":"https:\/\/www.fineamin.fr\/wp-content\/uploads\/2023\/06\/Referenzen_Logos_2-fdb97333.jpg","contentUrl":"https:\/\/www.fineamin.fr\/wp-content\/uploads\/2023\/06\/Referenzen_Logos_2-fdb97333.jpg"},{"@type":"BreadcrumbList","@id":"https:\/\/www.fineamin.de\/referenzen\/#breadcrumb","itemListElement":[{"@type":"ListItem","position":1,"name":"Home","item":"https:\/\/www.fineamin.de\/"},{"@type":"ListItem","position":2,"name":"R\u00e9f\u00e9rences"}]},{"@type":"WebSite","@id":"https:\/\/www.fineamin.de\/#website","url":"https:\/\/www.fineamin.de\/","name":"CWB Wasserbehandlung","description":"Chemikalien zur Wasserbehandlung","publisher":{"@id":"https:\/\/www.fineamin.de\/#organization"},"potentialAction":[{"@type":"SearchAction","target":{"@type":"EntryPoint","urlTemplate":"https:\/\/www.fineamin.de\/?s={search_term_string}"},"query-input":{"@type":"PropertyValueSpecification","valueRequired":true,"valueName":"search_term_string"}}],"inLanguage":"fr-FR"},{"@type":"Organization","@id":"https:\/\/www.fineamin.de\/#organization","name":"CWB Wasserbehandlung","url":"https:\/\/www.fineamin.de\/","logo":{"@type":"ImageObject","inLanguage":"fr-FR","@id":"https:\/\/www.fineamin.de\/#\/schema\/logo\/image\/","url":"https:\/\/www.fineamin.de\/wp-content\/uploads\/2022\/10\/Logo.png","contentUrl":"https:\/\/www.fineamin.de\/wp-content\/uploads\/2022\/10\/Logo.png","width":251,"height":181,"caption":"CWB Wasserbehandlung"},"image":{"@id":"https:\/\/www.fineamin.de\/#\/schema\/logo\/image\/"}}]}},"_links":{"self":[{"href":"https:\/\/www.fineamin.de\/fr\/wp-json\/wp\/v2\/pages\/3052","targetHints":{"allow":["GET"]}}],"collection":[{"href":"https:\/\/www.fineamin.de\/fr\/wp-json\/wp\/v2\/pages"}],"about":[{"href":"https:\/\/www.fineamin.de\/fr\/wp-json\/wp\/v2\/types\/page"}],"author":[{"embeddable":true,"href":"https:\/\/www.fineamin.de\/fr\/wp-json\/wp\/v2\/users\/4"}],"replies":[{"embeddable":true,"href":"https:\/\/www.fineamin.de\/fr\/wp-json\/wp\/v2\/comments?post=3052"}],"version-history":[{"count":8,"href":"https:\/\/www.fineamin.de\/fr\/wp-json\/wp\/v2\/pages\/3052\/revisions"}],"predecessor-version":[{"id":6449,"href":"https:\/\/www.fineamin.de\/fr\/wp-json\/wp\/v2\/pages\/3052\/revisions\/6449"}],"wp:attachment":[{"href":"https:\/\/www.fineamin.de\/fr\/wp-json\/wp\/v2\/media?parent=3052"}],"curies":[{"name":"wp","href":"https:\/\/api.w.org\/{rel}","templated":true}]}}