{"id":3047,"date":"2023-06-06T09:07:21","date_gmt":"2023-06-06T07:07:21","guid":{"rendered":"https:\/\/www.fineamin.de\/produkte\/"},"modified":"2024-07-29T15:17:44","modified_gmt":"2024-07-29T13:17:44","slug":"produkte","status":"publish","type":"page","link":"https:\/\/www.fineamin.de\/fr\/produkte\/","title":{"rendered":"Produits"},"content":{"rendered":"\t\t<div data-elementor-type=\"wp-page\" data-elementor-id=\"3047\" class=\"elementor elementor-3047 elementor-821\" data-elementor-post-type=\"page\">\n\t\t\t\t\t\t<section class=\"elementor-section elementor-top-section elementor-element elementor-element-05ad4c4 elementor-section-full_width elementor-section-height-default elementor-section-height-default\" data-id=\"05ad4c4\" data-element_type=\"section\" data-e-type=\"section\">\n\t\t\t\t\t\t<div class=\"elementor-container elementor-column-gap-default\">\n\t\t\t\t\t<div class=\"elementor-column elementor-col-100 elementor-top-column elementor-element elementor-element-8362560\" data-id=\"8362560\" data-element_type=\"column\" data-e-type=\"column\">\n\t\t\t<div class=\"elementor-widget-wrap elementor-element-populated\">\n\t\t\t\t\t\t<section class=\"elementor-section elementor-inner-section elementor-element elementor-element-5f8a5f0 elementor-section-content-middle elementor-section-boxed elementor-section-height-default elementor-section-height-default\" data-id=\"5f8a5f0\" data-element_type=\"section\" data-e-type=\"section\" data-settings=\"{&quot;background_background&quot;:&quot;classic&quot;}\">\n\t\t\t\t\t\t\t<div class=\"elementor-background-overlay\"><\/div>\n\t\t\t\t\t\t\t<div class=\"elementor-container elementor-column-gap-default\">\n\t\t\t\t\t<div class=\"elementor-column elementor-col-100 elementor-inner-column elementor-element elementor-element-daf4b62\" data-id=\"daf4b62\" data-element_type=\"column\" data-e-type=\"column\">\n\t\t\t<div class=\"elementor-widget-wrap elementor-element-populated\">\n\t\t\t\t\t\t<div class=\"elementor-element elementor-element-00593fa elementor-widget elementor-widget-heading\" data-id=\"00593fa\" data-element_type=\"widget\" data-e-type=\"widget\" data-widget_type=\"heading.default\">\n\t\t\t\t<div class=\"elementor-widget-container\">\n\t\t\t\t\t<h2 class=\"elementor-heading-title elementor-size-default\">Produits<\/h2>\t\t\t\t<\/div>\n\t\t\t\t<\/div>\n\t\t\t\t\t<\/div>\n\t\t<\/div>\n\t\t\t\t\t<\/div>\n\t\t<\/section>\n\t\t\t\t\t<\/div>\n\t\t<\/div>\n\t\t\t\t\t<\/div>\n\t\t<\/section>\n\t\t\t\t<section class=\"elementor-section elementor-top-section elementor-element elementor-element-667c297 elementor-reverse-mobile elementor-section-content-middle elementor-section-boxed elementor-section-height-default elementor-section-height-default\" data-id=\"667c297\" data-element_type=\"section\" data-e-type=\"section\">\n\t\t\t\t\t\t<div class=\"elementor-container elementor-column-gap-default\">\n\t\t\t\t\t<div class=\"elementor-column elementor-col-33 elementor-top-column elementor-element elementor-element-60ec970\" data-id=\"60ec970\" data-element_type=\"column\" data-e-type=\"column\">\n\t\t\t<div class=\"elementor-widget-wrap elementor-element-populated\">\n\t\t\t\t\t\t<div class=\"elementor-element elementor-element-be31b44 elementor-widget elementor-widget-heading\" data-id=\"be31b44\" data-element_type=\"widget\" data-e-type=\"widget\" data-widget_type=\"heading.default\">\n\t\t\t\t<div class=\"elementor-widget-container\">\n\t\t\t\t\t<h2 class=\"elementor-heading-title elementor-size-default\">FINEAMIN \/ POLYDOSIL \/ FINEALGA \/ HELAWAX<\/h2>\t\t\t\t<\/div>\n\t\t\t\t<\/div>\n\t\t\t\t<div class=\"elementor-element elementor-element-e0d61a7 elementor-widget elementor-widget-text-editor\" data-id=\"e0d61a7\" data-element_type=\"widget\" data-e-type=\"widget\" data-widget_type=\"text-editor.default\">\n\t\t\t\t<div class=\"elementor-widget-container\">\n\t\t\t\t\t\t\t\t\t<div class=\"ce_text hacken last block\">\n<p>Nous travaillons constamment au d\u00e9veloppement et \u00e0 l&rsquo;optimisation de nos produits et technologies. La satisfaction de nos clients, mais aussi les aspects \u00e9cologiques, jouent un r\u00f4le important.<\/p>\n<p>Nos produits sont fabriqu\u00e9s et contr\u00f4l\u00e9s conform\u00e9ment aux directives et contr\u00f4les stricts de l&rsquo;UE.<\/p>\n<p>La <strong>fabrication est conforme \u00e0 la norme ISO 9001:2015<\/strong> et \u00e0 la <strong>norme ISO 14001:2015<\/strong>.<\/p>\n<p>Plusieurs types de produits ont \u00e9t\u00e9 test\u00e9s par des instituts d&rsquo;hygi\u00e8ne conform\u00e9ment aux normes DIN EN 1988-100 et DIN EN 1717:2000 et sont <strong>homologu\u00e9s pour une utilisation dans les syst\u00e8mes de chauffage urbain et les syst\u00e8mes de chauffage pour la production d&rsquo;eau chaude sanitaire<\/strong>.<\/p>\n<p>Certains de nos produits chimiques sp\u00e9ciaux sont \u00e9galement autoris\u00e9s en tant qu&rsquo;auxiliaires technologiques pour le <strong>traitement de l&rsquo;eau des g\u00e9n\u00e9rateurs de vapeur dans les h\u00f4pitaux et les entreprises alimentaires<\/strong>.<\/p>\n<p>Nos produits ne contiennent pas de phosphate ni d&rsquo;hydrazine, ils sont <strong>respectueux de l&rsquo;environnement<\/strong>, ne pr\u00e9sentent qu&rsquo;un faible risque pour l&rsquo;eau et <strong>sont biod\u00e9gradables jusqu&rsquo;\u00e0 80 %<\/strong>.<\/p>\n<\/div>\n\t\t\t\t\t\t\t\t<\/div>\n\t\t\t\t<\/div>\n\t\t\t\t<div class=\"elementor-element elementor-element-3f33d96 elementor-widget elementor-widget-button\" data-id=\"3f33d96\" data-element_type=\"widget\" data-e-type=\"widget\" data-widget_type=\"button.default\">\n\t\t\t\t<div class=\"elementor-widget-container\">\n\t\t\t\t\t\t\t\t\t<div class=\"elementor-button-wrapper\">\n\t\t\t\t\t<a class=\"elementor-button elementor-button-link elementor-size-sm\" href=\"https:\/\/www.fineamin.fr\/kontakt\/\">\n\t\t\t\t\t\t<span class=\"elementor-button-content-wrapper\">\n\t\t\t\t\t\t\t\t\t<span class=\"elementor-button-text\">Demander une offre<\/span>\n\t\t\t\t\t<\/span>\n\t\t\t\t\t<\/a>\n\t\t\t\t<\/div>\n\t\t\t\t\t\t\t\t<\/div>\n\t\t\t\t<\/div>\n\t\t\t\t\t<\/div>\n\t\t<\/div>\n\t\t\t\t<div class=\"elementor-column elementor-col-66 elementor-top-column elementor-element elementor-element-a2f8dc2\" data-id=\"a2f8dc2\" data-element_type=\"column\" data-e-type=\"column\">\n\t\t\t<div class=\"elementor-widget-wrap elementor-element-populated\">\n\t\t\t\t\t\t<div class=\"elementor-element elementor-element-7198d2a elementor-widget elementor-widget-image\" data-id=\"7198d2a\" data-element_type=\"widget\" data-e-type=\"widget\" data-widget_type=\"image.default\">\n\t\t\t\t<div class=\"elementor-widget-container\">\n\t\t\t\t\t\t\t\t\t\t\t\t\t\t\t<img decoding=\"async\" width=\"118\" height=\"275\" src=\"https:\/\/www.fineamin.de\/wp-content\/uploads\/2023\/06\/Nachhaltig-2020-20bca259.jpg\" class=\"attachment-full size-full wp-image-2629\" alt=\"\" \/>\t\t\t\t\t\t\t\t\t\t\t\t\t\t\t<\/div>\n\t\t\t\t<\/div>\n\t\t\t\t\t<\/div>\n\t\t<\/div>\n\t\t\t\t\t<\/div>\n\t\t<\/section>\n\t\t\t\t<\/div>\n\t\t","protected":false},"excerpt":{"rendered":"<p>Produits FINEAMIN \/ POLYDOSIL \/ FINEALGA \/ HELAWAX Nous travaillons constamment au d\u00e9veloppement et \u00e0 l&rsquo;optimisation de nos produits et technologies. La satisfaction de nos clients, mais aussi les aspects \u00e9cologiques, jouent un r\u00f4le important. Nos produits sont fabriqu\u00e9s et contr\u00f4l\u00e9s conform\u00e9ment aux directives et contr\u00f4les stricts de l&rsquo;UE. La fabrication est conforme \u00e0 la [&hellip;]<\/p>\n","protected":false},"author":4,"featured_media":0,"parent":0,"menu_order":0,"comment_status":"closed","ping_status":"closed","template":"elementor_header_footer","meta":{"footnotes":""},"class_list":["post-3047","page","type-page","status-publish","hentry"],"yoast_head":"<!-- This site is optimized with the Yoast SEO plugin v27.5 - https:\/\/yoast.com\/product\/yoast-seo-wordpress\/ -->\n<title>Produits - CWB Wasserbehandlung<\/title>\n<meta name=\"description\" content=\"Produits \u00e9cologiques Produits pour le traitement de l&#039;eau des g\u00e9n\u00e9rateurs de vapeur, des syst\u00e8mes de chauffage urbain et des syst\u00e8mes de chauffage.\" \/>\n<meta name=\"robots\" content=\"index, follow, max-snippet:-1, max-image-preview:large, max-video-preview:-1\" \/>\n<link rel=\"canonical\" href=\"https:\/\/www.fineamin.de\/produkte\/\" \/>\n<meta property=\"og:locale\" content=\"fr_FR\" \/>\n<meta property=\"og:type\" content=\"article\" \/>\n<meta property=\"og:title\" content=\"Produits - CWB Wasserbehandlung\" \/>\n<meta property=\"og:description\" content=\"Produits \u00e9cologiques Produits pour le traitement de l&#039;eau des g\u00e9n\u00e9rateurs de vapeur, des syst\u00e8mes de chauffage urbain et des syst\u00e8mes de chauffage.\" \/>\n<meta property=\"og:url\" content=\"https:\/\/www.fineamin.de\/produkte\/\" \/>\n<meta property=\"og:site_name\" content=\"CWB Wasserbehandlung\" \/>\n<meta property=\"article:modified_time\" content=\"2024-07-29T13:17:44+00:00\" \/>\n<meta property=\"og:image\" content=\"https:\/\/www.fineamin.fr\/wp-content\/uploads\/2023\/06\/Nachhaltig-2020-20bca259.jpg\" \/>\n<meta name=\"twitter:card\" content=\"summary_large_image\" \/>\n<meta name=\"twitter:label1\" content=\"Dur\u00e9e de lecture estim\u00e9e\" \/>\n\t<meta name=\"twitter:data1\" content=\"2 minutes\" \/>\n<script type=\"application\/ld+json\" class=\"yoast-schema-graph\">{\"@context\":\"https:\\\/\\\/schema.org\",\"@graph\":[{\"@type\":\"WebPage\",\"@id\":\"https:\\\/\\\/www.fineamin.de\\\/produkte\\\/\",\"url\":\"https:\\\/\\\/www.fineamin.de\\\/produkte\\\/\",\"name\":\"Produits - CWB Wasserbehandlung\",\"isPartOf\":{\"@id\":\"https:\\\/\\\/www.fineamin.de\\\/#website\"},\"primaryImageOfPage\":{\"@id\":\"https:\\\/\\\/www.fineamin.de\\\/produkte\\\/#primaryimage\"},\"image\":{\"@id\":\"https:\\\/\\\/www.fineamin.de\\\/produkte\\\/#primaryimage\"},\"thumbnailUrl\":\"https:\\\/\\\/www.fineamin.fr\\\/wp-content\\\/uploads\\\/2023\\\/06\\\/Nachhaltig-2020-20bca259.jpg\",\"datePublished\":\"2023-06-06T07:07:21+00:00\",\"dateModified\":\"2024-07-29T13:17:44+00:00\",\"description\":\"Produits \u00e9cologiques Produits pour le traitement de l'eau des g\u00e9n\u00e9rateurs de vapeur, des syst\u00e8mes de chauffage urbain et des syst\u00e8mes de chauffage.\",\"breadcrumb\":{\"@id\":\"https:\\\/\\\/www.fineamin.de\\\/produkte\\\/#breadcrumb\"},\"inLanguage\":\"fr-FR\",\"potentialAction\":[{\"@type\":\"ReadAction\",\"target\":[\"https:\\\/\\\/www.fineamin.de\\\/produkte\\\/\"]}]},{\"@type\":\"ImageObject\",\"inLanguage\":\"fr-FR\",\"@id\":\"https:\\\/\\\/www.fineamin.de\\\/produkte\\\/#primaryimage\",\"url\":\"https:\\\/\\\/www.fineamin.fr\\\/wp-content\\\/uploads\\\/2023\\\/06\\\/Nachhaltig-2020-20bca259.jpg\",\"contentUrl\":\"https:\\\/\\\/www.fineamin.fr\\\/wp-content\\\/uploads\\\/2023\\\/06\\\/Nachhaltig-2020-20bca259.jpg\"},{\"@type\":\"BreadcrumbList\",\"@id\":\"https:\\\/\\\/www.fineamin.de\\\/produkte\\\/#breadcrumb\",\"itemListElement\":[{\"@type\":\"ListItem\",\"position\":1,\"name\":\"Home\",\"item\":\"https:\\\/\\\/www.fineamin.de\\\/\"},{\"@type\":\"ListItem\",\"position\":2,\"name\":\"Produits\"}]},{\"@type\":\"WebSite\",\"@id\":\"https:\\\/\\\/www.fineamin.de\\\/#website\",\"url\":\"https:\\\/\\\/www.fineamin.de\\\/\",\"name\":\"CWB Wasserbehandlung\",\"description\":\"Chemikalien zur Wasserbehandlung\",\"publisher\":{\"@id\":\"https:\\\/\\\/www.fineamin.de\\\/#organization\"},\"potentialAction\":[{\"@type\":\"SearchAction\",\"target\":{\"@type\":\"EntryPoint\",\"urlTemplate\":\"https:\\\/\\\/www.fineamin.de\\\/?s={search_term_string}\"},\"query-input\":{\"@type\":\"PropertyValueSpecification\",\"valueRequired\":true,\"valueName\":\"search_term_string\"}}],\"inLanguage\":\"fr-FR\"},{\"@type\":\"Organization\",\"@id\":\"https:\\\/\\\/www.fineamin.de\\\/#organization\",\"name\":\"CWB Wasserbehandlung\",\"url\":\"https:\\\/\\\/www.fineamin.de\\\/\",\"logo\":{\"@type\":\"ImageObject\",\"inLanguage\":\"fr-FR\",\"@id\":\"https:\\\/\\\/www.fineamin.de\\\/#\\\/schema\\\/logo\\\/image\\\/\",\"url\":\"https:\\\/\\\/www.fineamin.de\\\/wp-content\\\/uploads\\\/2022\\\/10\\\/Logo.png\",\"contentUrl\":\"https:\\\/\\\/www.fineamin.de\\\/wp-content\\\/uploads\\\/2022\\\/10\\\/Logo.png\",\"width\":251,\"height\":181,\"caption\":\"CWB Wasserbehandlung\"},\"image\":{\"@id\":\"https:\\\/\\\/www.fineamin.de\\\/#\\\/schema\\\/logo\\\/image\\\/\"}}]}<\/script>\n<!-- \/ Yoast SEO plugin. -->","yoast_head_json":{"title":"Produits - CWB Wasserbehandlung","description":"Produits \u00e9cologiques Produits pour le traitement de l'eau des g\u00e9n\u00e9rateurs de vapeur, des syst\u00e8mes de chauffage urbain et des syst\u00e8mes de chauffage.","robots":{"index":"index","follow":"follow","max-snippet":"max-snippet:-1","max-image-preview":"max-image-preview:large","max-video-preview":"max-video-preview:-1"},"canonical":"https:\/\/www.fineamin.de\/produkte\/","og_locale":"fr_FR","og_type":"article","og_title":"Produits - CWB Wasserbehandlung","og_description":"Produits \u00e9cologiques Produits pour le traitement de l'eau des g\u00e9n\u00e9rateurs de vapeur, des syst\u00e8mes de chauffage urbain et des syst\u00e8mes de chauffage.","og_url":"https:\/\/www.fineamin.de\/produkte\/","og_site_name":"CWB Wasserbehandlung","article_modified_time":"2024-07-29T13:17:44+00:00","og_image":[{"url":"https:\/\/www.fineamin.fr\/wp-content\/uploads\/2023\/06\/Nachhaltig-2020-20bca259.jpg","type":"","width":"","height":""}],"twitter_card":"summary_large_image","twitter_misc":{"Dur\u00e9e de lecture estim\u00e9e":"2 minutes"},"schema":{"@context":"https:\/\/schema.org","@graph":[{"@type":"WebPage","@id":"https:\/\/www.fineamin.de\/produkte\/","url":"https:\/\/www.fineamin.de\/produkte\/","name":"Produits - CWB Wasserbehandlung","isPartOf":{"@id":"https:\/\/www.fineamin.de\/#website"},"primaryImageOfPage":{"@id":"https:\/\/www.fineamin.de\/produkte\/#primaryimage"},"image":{"@id":"https:\/\/www.fineamin.de\/produkte\/#primaryimage"},"thumbnailUrl":"https:\/\/www.fineamin.fr\/wp-content\/uploads\/2023\/06\/Nachhaltig-2020-20bca259.jpg","datePublished":"2023-06-06T07:07:21+00:00","dateModified":"2024-07-29T13:17:44+00:00","description":"Produits \u00e9cologiques Produits pour le traitement de l'eau des g\u00e9n\u00e9rateurs de vapeur, des syst\u00e8mes de chauffage urbain et des syst\u00e8mes de chauffage.","breadcrumb":{"@id":"https:\/\/www.fineamin.de\/produkte\/#breadcrumb"},"inLanguage":"fr-FR","potentialAction":[{"@type":"ReadAction","target":["https:\/\/www.fineamin.de\/produkte\/"]}]},{"@type":"ImageObject","inLanguage":"fr-FR","@id":"https:\/\/www.fineamin.de\/produkte\/#primaryimage","url":"https:\/\/www.fineamin.fr\/wp-content\/uploads\/2023\/06\/Nachhaltig-2020-20bca259.jpg","contentUrl":"https:\/\/www.fineamin.fr\/wp-content\/uploads\/2023\/06\/Nachhaltig-2020-20bca259.jpg"},{"@type":"BreadcrumbList","@id":"https:\/\/www.fineamin.de\/produkte\/#breadcrumb","itemListElement":[{"@type":"ListItem","position":1,"name":"Home","item":"https:\/\/www.fineamin.de\/"},{"@type":"ListItem","position":2,"name":"Produits"}]},{"@type":"WebSite","@id":"https:\/\/www.fineamin.de\/#website","url":"https:\/\/www.fineamin.de\/","name":"CWB Wasserbehandlung","description":"Chemikalien zur Wasserbehandlung","publisher":{"@id":"https:\/\/www.fineamin.de\/#organization"},"potentialAction":[{"@type":"SearchAction","target":{"@type":"EntryPoint","urlTemplate":"https:\/\/www.fineamin.de\/?s={search_term_string}"},"query-input":{"@type":"PropertyValueSpecification","valueRequired":true,"valueName":"search_term_string"}}],"inLanguage":"fr-FR"},{"@type":"Organization","@id":"https:\/\/www.fineamin.de\/#organization","name":"CWB Wasserbehandlung","url":"https:\/\/www.fineamin.de\/","logo":{"@type":"ImageObject","inLanguage":"fr-FR","@id":"https:\/\/www.fineamin.de\/#\/schema\/logo\/image\/","url":"https:\/\/www.fineamin.de\/wp-content\/uploads\/2022\/10\/Logo.png","contentUrl":"https:\/\/www.fineamin.de\/wp-content\/uploads\/2022\/10\/Logo.png","width":251,"height":181,"caption":"CWB Wasserbehandlung"},"image":{"@id":"https:\/\/www.fineamin.de\/#\/schema\/logo\/image\/"}}]}},"_links":{"self":[{"href":"https:\/\/www.fineamin.de\/fr\/wp-json\/wp\/v2\/pages\/3047","targetHints":{"allow":["GET"]}}],"collection":[{"href":"https:\/\/www.fineamin.de\/fr\/wp-json\/wp\/v2\/pages"}],"about":[{"href":"https:\/\/www.fineamin.de\/fr\/wp-json\/wp\/v2\/types\/page"}],"author":[{"embeddable":true,"href":"https:\/\/www.fineamin.de\/fr\/wp-json\/wp\/v2\/users\/4"}],"replies":[{"embeddable":true,"href":"https:\/\/www.fineamin.de\/fr\/wp-json\/wp\/v2\/comments?post=3047"}],"version-history":[{"count":8,"href":"https:\/\/www.fineamin.de\/fr\/wp-json\/wp\/v2\/pages\/3047\/revisions"}],"predecessor-version":[{"id":6933,"href":"https:\/\/www.fineamin.de\/fr\/wp-json\/wp\/v2\/pages\/3047\/revisions\/6933"}],"wp:attachment":[{"href":"https:\/\/www.fineamin.de\/fr\/wp-json\/wp\/v2\/media?parent=3047"}],"curies":[{"name":"wp","href":"https:\/\/api.w.org\/{rel}","templated":true}]}}